{"id":33893,"date":"2021-04-29T09:48:35","date_gmt":"2021-04-29T07:48:35","guid":{"rendered":"https:\/\/liner-couverture-equipement-piscine.fr\/?page_id=33893"},"modified":"2023-05-05T09:47:38","modified_gmt":"2023-05-05T07:47:38","slug":"traitement-de-leau","status":"publish","type":"page","link":"https:\/\/liner-couverture-equipement-piscine.fr\/index.php\/metiers-apf\/materiel\/traitement-de-leau\/","title":{"rendered":"Traitement de l&rsquo;eau"},"content":{"rendered":"<section class=\"l-section wpb_row height_small\"><div class=\"l-section-h i-cf\"><div class=\"g-cols vc_row via_flex valign_top type_default stacking_default\"><div class=\"vc_col-sm-12 wpb_column vc_column_container\"><div class=\"vc_column-inner\"><div class=\"wpb_wrapper\">[vc_custom_heading text=\u00a0\u00bbTraitement de l&rsquo;eau\u00a0\u00bb font_container=\u00a0\u00bbtag:h2|font_size:32|text_align:left\u00a0\u00bb google_fonts=\u00a0\u00bbfont_family:Rambla%3Aregular%2Citalic%2C700%2C700italic|font_style:400%20regular%3A400%3Anormal\u00a0\u00bb]<div class=\"w-image style_outlined align_center\"><div class=\"w-image-h\"><img width=\"1200\" height=\"500\" src=\"https:\/\/liner-couverture-equipement-piscine.fr\/wp-content\/uploads\/2019\/05\/Traitement.jpg\" class=\"attachment-full size-full\" alt=\"\" decoding=\"async\" loading=\"lazy\" srcset=\"https:\/\/liner-couverture-equipement-piscine.fr\/wp-content\/uploads\/2019\/05\/Traitement.jpg 1200w, https:\/\/liner-couverture-equipement-piscine.fr\/wp-content\/uploads\/2019\/05\/Traitement-300x125.jpg 300w, https:\/\/liner-couverture-equipement-piscine.fr\/wp-content\/uploads\/2019\/05\/Traitement-1024x427.jpg 1024w\" sizes=\"(max-width: 1200px) 100vw, 1200px\" \/><\/div><\/div><div class=\"w-tabs layout_ver navwidth_auto navpos_left style_default switch_click has_scrolling\" style=\"--sections-title-size:1em\"><div class=\"w-tabs-list items_2 align_none\"><div class=\"w-tabs-list-h\"><button class=\"w-tabs-item active\" aria-controls=\"content-qa1c\" aria-expanded=\"false\"><span class=\"w-tabs-item-title\">Electrolyseurs et pompes doseuses<\/span><\/button><button class=\"w-tabs-item\" aria-controls=\"content-e7e5\" aria-expanded=\"false\"><span class=\"w-tabs-item-title\">Chimie et entretien de l&rsquo;eau<\/span><\/button><\/div><\/div><div class=\"w-tabs-sections titles-align_none icon_chevron cpos_right\"><div class=\"w-tabs-section active\" id=\"1620037769678-fc5de749-66a1\"><button class=\"w-tabs-section-header active\" aria-controls=\"content-1620037769678-fc5de749-66a1\" aria-expanded=\"true\"><div class=\"w-tabs-section-title\">Electrolyseurs et pompes doseuses<\/div><div class=\"w-tabs-section-control\"><\/div><\/button><div  class=\"w-tabs-section-content\" id=\"content-1620037769678-fc5de749-66a1\"><div class=\"w-tabs-section-content-h i-cf\"><div class=\"g-cols wpb_row via_flex valign_top type_default stacking_default\"><div class=\"vc_col-sm-6 wpb_column vc_column_container\"><div class=\"vc_column-inner us_custom_a04f4614\"><div class=\"wpb_wrapper\"><div class=\"wpb_text_column\"><div class=\"wpb_wrapper\"><h4 style=\"text-align: justify;\">Une qualit\u00e9 d\u2019eau irr\u00e9prochable pour une baignade plus agr\u00e9able !<\/h4>\n<p style=\"text-align: justify;\"><em>Les \u00e9quipements indispensables pour mieux g\u00e9rer la qualit\u00e9 de l&rsquo;eau de sa piscine.<\/em><\/p>\n<p style=\"text-align: justify;\">Gr\u00e2ce \u00e0 aux \u00e9lectrolyseurs au sel et les pompes doseuses, l&rsquo;entretien de l&rsquo;eau de la piscine devient moins contraignant : les besoins en produits chimiques sont diminu\u00e9s et les corrections de pH sont automatis\u00e9es.<\/p>\n<p>APF Pool Design\u00a0 dispose d&rsquo;une large gamme d&rsquo;\u00e9lectrolyseurs permettant de satisfaire les besoins des petites comme des grandes piscines, \u00e9quip\u00e9es ou non d&rsquo;une couverture automatique. Nos mod\u00e8les de pompes doseuses permettent selon leurs fonctionnalit\u00e9s de r\u00e9guler le pH et le r\u00e9dox en injectant les produits appropri\u00e9s.<\/p>\n<\/div><\/div><\/div><\/div><\/div><div class=\"vc_col-sm-6 wpb_column vc_column_container\"><div class=\"vc_column-inner us_custom_1b9075b9\"><div class=\"wpb_wrapper\"><div class=\"w-iconbox iconpos_left style_default color_primary align_left icontype_img\"><a target=\"_blank\" href=\"http:\/\/liner-couverture-equipement-piscine.fr\/wp-content\/uploads\/2019\/05\/APF-Fiche-Micro-ph.pdf\" rel=\"noopener\" class=\"w-iconbox-link\" aria-label=\"Zoom sur Salt pool evo\"><div class=\"w-iconbox-icon\" style=\"font-size:60px;\"><img width=\"845\" height=\"863\" src=\"https:\/\/liner-couverture-equipement-piscine.fr\/wp-content\/uploads\/2019\/05\/PicotsBonhommes-sourire.png\" class=\"attachment-full size-full\" alt=\"\" decoding=\"async\" loading=\"lazy\" srcset=\"https:\/\/liner-couverture-equipement-piscine.fr\/wp-content\/uploads\/2019\/05\/PicotsBonhommes-sourire.png 845w, https:\/\/liner-couverture-equipement-piscine.fr\/wp-content\/uploads\/2019\/05\/PicotsBonhommes-sourire-294x300.png 294w\" sizes=\"(max-width: 845px) 100vw, 845px\" \/><\/div><\/a><div class=\"w-iconbox-meta\"><a target=\"_blank\" href=\"http:\/\/liner-couverture-equipement-piscine.fr\/wp-content\/uploads\/2019\/05\/APF-Fiche-Micro-ph.pdf\" rel=\"noopener\" class=\"w-iconbox-link\" aria-label=\"Zoom sur Salt pool evo\"><h4 class=\"w-iconbox-title\">Zoom sur Salt pool evo<\/h4><\/a><div class=\"w-iconbox-text\"><p><span style=\"text-decoration: underline;\"><strong>Ses avantages produits :<\/strong><\/span><\/p>\n<\/div><\/div><\/div><div class=\"w-separator size_small\"><\/div><div class=\"wpb_text_column\"><div class=\"wpb_wrapper\"><ul>\n<li>Adapt\u00e9 aux piscines avec couverture automatique gr\u00e2ce \u00e0 un contact interne<\/li>\n<li>Convient aux piscines jusqu\u2019\u00e0 90 m<sup>3<\/sup><\/li>\n<li>Fabrication fran\u00e7aise<\/li>\n<li>D\u00e9tecteur de gaz<\/li>\n<li>N\u00e9cessite seulement 4,5g de sel\/l<\/li>\n<\/ul>\n<\/div><\/div><div class=\"w-separator size_small\"><\/div><div class=\"w-image align_none\"><div class=\"w-image-h\"><img width=\"300\" height=\"406\" src=\"https:\/\/liner-couverture-equipement-piscine.fr\/wp-content\/uploads\/2021\/05\/SaltPool_2020-300x406.jpg\" class=\"attachment-medium size-medium\" alt=\"salt pool evo\" decoding=\"async\" loading=\"lazy\" srcset=\"https:\/\/liner-couverture-equipement-piscine.fr\/wp-content\/uploads\/2021\/05\/SaltPool_2020-scaled-e1620990740632.jpg 300w, https:\/\/liner-couverture-equipement-piscine.fr\/wp-content\/uploads\/2021\/05\/SaltPool_2020-757x1024.jpg 757w\" sizes=\"(max-width: 300px) 100vw, 300px\" \/><\/div><\/div><\/div><\/div><\/div><\/div><\/div><\/div><\/div><div class=\"w-tabs-section\" id=\"1620037769718-f22a2b7b-f2be\"><button class=\"w-tabs-section-header\" aria-controls=\"content-1620037769718-f22a2b7b-f2be\" aria-expanded=\"false\"><div class=\"w-tabs-section-title\">Chimie et entretien de l&rsquo;eau<\/div><div class=\"w-tabs-section-control\"><\/div><\/button><div  class=\"w-tabs-section-content\" id=\"content-1620037769718-f22a2b7b-f2be\"><div class=\"w-tabs-section-content-h i-cf\"><div class=\"g-cols wpb_row via_flex valign_top type_default stacking_default\"><div class=\"vc_col-sm-6 wpb_column vc_column_container\"><div class=\"vc_column-inner us_custom_a04f4614\"><div class=\"wpb_wrapper\"><div class=\"wpb_text_column\"><div class=\"wpb_wrapper\"><h4>Une eau claire et propre pour une baignade synonyme de plaisir !<\/h4>\n<p style=\"text-align: justify;\">APF Pool Design vous propose une gamme de produits de traitements simple, attractive et performante. Nos produits sont conformes \u00e0 la directive biocide. Cette gamme respecte les qualit\u00e9s de l&rsquo;eau, en la pr\u00e9servant des agressions qu&rsquo;elle pourrait subir en permanence.<br \/>\nL&rsquo;ensemble de notre gamme Sunproline permet de traiter :<\/p>\n<ul>\n<li>l&rsquo;\u00e9quilibre de l&rsquo;eau<\/li>\n<li>le pH<\/li>\n<li>la d\u00e9sinfection de l&rsquo;eau<\/li>\n<li>l&rsquo;apparition des algues<\/li>\n<\/ul>\n<\/div><\/div><\/div><\/div><\/div><div class=\"vc_col-sm-6 wpb_column vc_column_container\"><div class=\"vc_column-inner us_custom_cc2ee782\"><div class=\"wpb_wrapper\"><div class=\"w-iconbox iconpos_left style_default color_primary align_left no_text icontype_img\"><div class=\"w-iconbox-icon\" style=\"font-size:60px;\"><img width=\"845\" height=\"863\" src=\"https:\/\/liner-couverture-equipement-piscine.fr\/wp-content\/uploads\/2019\/05\/PicotsBonhommes-sourire.png\" class=\"attachment-full size-full\" alt=\"\" decoding=\"async\" loading=\"lazy\" srcset=\"https:\/\/liner-couverture-equipement-piscine.fr\/wp-content\/uploads\/2019\/05\/PicotsBonhommes-sourire.png 845w, https:\/\/liner-couverture-equipement-piscine.fr\/wp-content\/uploads\/2019\/05\/PicotsBonhommes-sourire-294x300.png 294w\" sizes=\"(max-width: 845px) 100vw, 845px\" \/><\/div><div class=\"w-iconbox-meta\"><h4 class=\"w-iconbox-title\">Zoom sur le chlore multiaction sans cuivre<\/h4><\/div><\/div><div class=\"w-separator size_small\"><\/div><div class=\"wpb_text_column\"><div class=\"wpb_wrapper\"><p>Ce produit est sp\u00e9cialement formul\u00e9 pour \u00e9viter les t\u00e2ches sur les rev\u00eatements PVC. L&rsquo;absence de sulfate de cuivre rend ce produit moins agressif pour les baigneurs. Il permet une d\u00e9sinfection r\u00e9guli\u00e8re et \u00e9limine les virus, les bact\u00e9ries, les champignons et les algues.<\/p>\n<\/div><\/div><div class=\"w-separator size_small\"><\/div><div class=\"w-image align_center\"><div class=\"w-image-h\"><img width=\"300\" height=\"263\" src=\"https:\/\/liner-couverture-equipement-piscine.fr\/wp-content\/uploads\/2019\/06\/APF-SPL-Multiaction-300x263.png\" class=\"attachment-medium size-medium\" alt=\"\" decoding=\"async\" loading=\"lazy\" \/><\/div><\/div><\/div><\/div><\/div><\/div><\/div><\/div><\/div><\/div><\/div><\/div><\/div><\/div><\/div><\/div><\/section><section class=\"l-section wpb_row height_auto\"><div class=\"l-section-h i-cf\"><div class=\"g-cols vc_row via_flex valign_top type_default stacking_default\"><div class=\"vc_col-sm-12 wpb_column vc_column_container\"><div class=\"vc_column-inner\"><div class=\"wpb_wrapper\"><div class=\"w-grid items_valign_center type_carousel layout_6503 cols_6 valign_center\" id=\"us_grid_1\"><style>#us_grid_1 .w-grid-item{padding:1.5rem}#us_grid_1 .w-grid-list{margin:-1.5rem}.w-grid + #us_grid_1 .w-grid-list,.w-grid-none + #us_grid_1 .w-grid-list{margin-top:1.5rem}.layout_6503 .w-grid-item-h{}.layout_6503 .usg_post_image_1{transition-duration:0.3s;opacity:0.66}.layout_6503 .w-grid-item-h:hover .usg_post_image_1{opacity:1}.layout_6503 .usg_post_image_1{border-radius:0.3rem!important;padding:2rem!important}<\/style><div class=\"w-grid-list owl-carousel navstyle_circle navpos_outside first_at_center\">\t<article class=\"w-grid-item post-9913 attachment type-attachment status-inherit hentry\" data-id=\"9913\">\r\n\t\t<div class=\"w-grid-item-h\">\r\n\t\t\t\t\t\t<div class=\"w-post-elm post_image usg_post_image_1 stretched\"><img width=\"300\" height=\"100\" src=\"https:\/\/liner-couverture-equipement-piscine.fr\/wp-content\/uploads\/2019\/05\/ToucanLogo.png\" class=\"attachment-large size-large\" alt=\"\" decoding=\"async\" loading=\"lazy\" \/><\/div>\t\t<\/div>\r\n\t<\/article>\r\n\t<article class=\"w-grid-item post-9902 attachment type-attachment status-inherit hentry\" data-id=\"9902\">\r\n\t\t<div class=\"w-grid-item-h\">\r\n\t\t\t\t\t\t<div class=\"w-post-elm post_image usg_post_image_1 stretched\"><img width=\"306\" height=\"100\" src=\"https:\/\/liner-couverture-equipement-piscine.fr\/wp-content\/uploads\/2019\/05\/IdegisLogoNoir.png\" class=\"attachment-large size-large\" alt=\"\" decoding=\"async\" loading=\"lazy\" srcset=\"https:\/\/liner-couverture-equipement-piscine.fr\/wp-content\/uploads\/2019\/05\/IdegisLogoNoir.png 306w, https:\/\/liner-couverture-equipement-piscine.fr\/wp-content\/uploads\/2019\/05\/IdegisLogoNoir-300x98.png 300w\" sizes=\"(max-width: 306px) 100vw, 306px\" \/><\/div>\t\t<\/div>\r\n\t<\/article>\r\n\t<article class=\"w-grid-item post-9897 attachment type-attachment status-inherit hentry\" data-id=\"9897\">\r\n\t\t<div class=\"w-grid-item-h\">\r\n\t\t\t\t\t\t<div class=\"w-post-elm post_image usg_post_image_1 stretched\"><img width=\"155\" height=\"100\" src=\"https:\/\/liner-couverture-equipement-piscine.fr\/wp-content\/uploads\/2019\/05\/biopool-LOGO-Converti.png\" class=\"attachment-large size-large\" alt=\"\" decoding=\"async\" loading=\"lazy\" \/><\/div>\t\t<\/div>\r\n\t<\/article>\r\n\t<article class=\"w-grid-item post-9896 attachment type-attachment status-inherit hentry\" data-id=\"9896\">\r\n\t\t<div class=\"w-grid-item-h\">\r\n\t\t\t\t\t\t<div class=\"w-post-elm post_image usg_post_image_1 stretched\"><img width=\"227\" height=\"100\" src=\"https:\/\/liner-couverture-equipement-piscine.fr\/wp-content\/uploads\/2019\/05\/BehqLogo.png\" class=\"attachment-large size-large\" alt=\"\" decoding=\"async\" loading=\"lazy\" \/><\/div>\t\t<\/div>\r\n\t<\/article>\r\n\t<article class=\"w-grid-item post-9892 attachment type-attachment status-inherit hentry\" data-id=\"9892\">\r\n\t\t<div class=\"w-grid-item-h\">\r\n\t\t\t\t\t\t<div class=\"w-post-elm post_image usg_post_image_1 stretched\"><img width=\"576\" height=\"100\" src=\"https:\/\/liner-couverture-equipement-piscine.fr\/wp-content\/uploads\/2019\/05\/AquaChekLogo.png\" class=\"attachment-large size-large\" alt=\"\" decoding=\"async\" loading=\"lazy\" srcset=\"https:\/\/liner-couverture-equipement-piscine.fr\/wp-content\/uploads\/2019\/05\/AquaChekLogo.png 576w, https:\/\/liner-couverture-equipement-piscine.fr\/wp-content\/uploads\/2019\/05\/AquaChekLogo-300x52.png 300w\" sizes=\"(max-width: 576px) 100vw, 576px\" \/><\/div>\t\t<\/div>\r\n\t<\/article>\r\n<\/div><div class=\"g-preloader type_1\">\r\n\t<div><\/div>\r\n<\/div>\r\n\t<div class=\"w-grid-json hidden\" onclick='return {&quot;action&quot;:&quot;us_ajax_grid&quot;,&quot;ajax_url&quot;:&quot;https:\\\/\\\/liner-couverture-equipement-piscine.fr\\\/wp-admin\\\/admin-ajax.php&quot;,&quot;infinite_scroll&quot;:0,&quot;max_num_pages&quot;:1,&quot;pagination&quot;:&quot;none&quot;,&quot;permalink_url&quot;:&quot;https:\\\/\\\/liner-couverture-equipement-piscine.fr\\\/wp-json\\\/wp\\\/v2\\\/pages\\\/33893&quot;,&quot;template_vars&quot;:{&quot;columns&quot;:&quot;6&quot;,&quot;exclude_items&quot;:&quot;none&quot;,&quot;img_size&quot;:&quot;default&quot;,&quot;ignore_items_size&quot;:0,&quot;items_layout&quot;:&quot;6503&quot;,&quot;items_offset&quot;:&quot;1&quot;,&quot;load_animation&quot;:&quot;none&quot;,&quot;overriding_link&quot;:&quot;none&quot;,&quot;post_id&quot;:33893,&quot;query_args&quot;:{&quot;post_type&quot;:[&quot;attachment&quot;],&quot;post__in&quot;:[&quot;9897&quot;,&quot;9902&quot;,&quot;9896&quot;,&quot;9913&quot;,&quot;9892&quot;],&quot;post_status&quot;:&quot;inherit&quot;,&quot;post_mime_type&quot;:&quot;image&quot;,&quot;posts_per_page&quot;:&quot;30&quot;},&quot;orderby_query_args&quot;:{&quot;orderby&quot;:{&quot;date&quot;:&quot;DESC&quot;}},&quot;type&quot;:&quot;carousel&quot;,&quot;us_grid_ajax_index&quot;:1,&quot;us_grid_filter_params&quot;:null,&quot;us_grid_index&quot;:1,&quot;_us_grid_post_type&quot;:&quot;attachment&quot;},&quot;carousel_settings&quot;:{&quot;autoHeight&quot;:0,&quot;autoplay&quot;:0,&quot;carousel_fade&quot;:0,&quot;center&quot;:1,&quot;dots&quot;:0,&quot;items&quot;:&quot;6&quot;,&quot;loop&quot;:true,&quot;nav&quot;:0,&quot;slideby&quot;:&quot;1&quot;,&quot;smooth_play&quot;:0,&quot;speed&quot;:250,&quot;timeout&quot;:2000,&quot;transition&quot;:&quot;&quot;},&quot;carousel_breakpoints&quot;:{&quot;0&quot;:{&quot;autoHeight&quot;:0,&quot;autoplay&quot;:1,&quot;autoplayHoverPause&quot;:1,&quot;items&quot;:1,&quot;loop&quot;:true,&quot;stagePadding&quot;:0},&quot;600&quot;:{&quot;autoHeight&quot;:0,&quot;autoplay&quot;:1,&quot;autoplayHoverPause&quot;:1,&quot;items&quot;:2,&quot;loop&quot;:true,&quot;stagePadding&quot;:0},&quot;900&quot;:{&quot;autoHeight&quot;:0,&quot;autoplay&quot;:1,&quot;autoplayHoverPause&quot;:1,&quot;items&quot;:3,&quot;loop&quot;:true,&quot;stagePadding&quot;:0},&quot;1200&quot;:{&quot;items&quot;:6,&quot;stagePadding&quot;:0}}}'><\/div>\r\n\t<\/div><\/div><\/div><\/div><\/div><\/div><\/section>\n","protected":false},"excerpt":{"rendered":"","protected":false},"author":2,"featured_media":0,"parent":9816,"menu_order":0,"comment_status":"closed","ping_status":"closed","template":"","meta":{"footnotes":""},"yoast_head":"<!-- This site is optimized with the Yoast SEO plugin v19.11 - https:\/\/yoast.com\/wordpress\/plugins\/seo\/ -->\n<title>Traitement de l&#039;eau<\/title>\n<meta name=\"robots\" content=\"index, follow, max-snippet:-1, max-image-preview:large, max-video-preview:-1\" \/>\n<link rel=\"canonical\" href=\"https:\/\/liner-couverture-equipement-piscine.fr\/index.php\/metiers-apf\/materiel\/traitement-de-leau\/\" \/>\n<meta property=\"og:locale\" content=\"fr_FR\" \/>\n<meta property=\"og:type\" content=\"article\" \/>\n<meta property=\"og:title\" content=\"Traitement de l&#039;eau\" \/>\n<meta property=\"og:url\" content=\"https:\/\/liner-couverture-equipement-piscine.fr\/index.php\/metiers-apf\/materiel\/traitement-de-leau\/\" \/>\n<meta property=\"og:site_name\" content=\"APF Pool Design\" \/>\n<meta property=\"article:publisher\" content=\"https:\/\/www.facebook.com\/apf.piscines\/\" \/>\n<meta property=\"article:modified_time\" content=\"2023-05-05T07:47:38+00:00\" \/>\n<meta property=\"og:image\" content=\"https:\/\/liner-couverture-equipement-piscine.fr\/wp-content\/uploads\/2019\/05\/APF-favicon-512.jpg\" \/>\n\t<meta property=\"og:image:width\" content=\"512\" \/>\n\t<meta property=\"og:image:height\" content=\"512\" \/>\n\t<meta property=\"og:image:type\" content=\"image\/jpeg\" \/>\n<meta name=\"twitter:card\" content=\"summary_large_image\" \/>\n<meta name=\"twitter:site\" content=\"@ANNONAY_PROD_FR\" \/>\n<meta name=\"twitter:label1\" content=\"Dur\u00e9e de lecture estim\u00e9e\" \/>\n\t<meta name=\"twitter:data1\" content=\"2 minutes\" \/>\n<script type=\"application\/ld+json\" class=\"yoast-schema-graph\">{\"@context\":\"https:\/\/schema.org\",\"@graph\":[{\"@type\":\"WebPage\",\"@id\":\"https:\/\/liner-couverture-equipement-piscine.fr\/index.php\/metiers-apf\/materiel\/traitement-de-leau\/\",\"url\":\"https:\/\/liner-couverture-equipement-piscine.fr\/index.php\/metiers-apf\/materiel\/traitement-de-leau\/\",\"name\":\"Traitement de l'eau\",\"isPartOf\":{\"@id\":\"https:\/\/liner-couverture-equipement-piscine.fr\/#website\"},\"datePublished\":\"2021-04-29T07:48:35+00:00\",\"dateModified\":\"2023-05-05T07:47:38+00:00\",\"breadcrumb\":{\"@id\":\"https:\/\/liner-couverture-equipement-piscine.fr\/index.php\/metiers-apf\/materiel\/traitement-de-leau\/#breadcrumb\"},\"inLanguage\":\"fr-FR\",\"potentialAction\":[{\"@type\":\"ReadAction\",\"target\":[\"https:\/\/liner-couverture-equipement-piscine.fr\/index.php\/metiers-apf\/materiel\/traitement-de-leau\/\"]}]},{\"@type\":\"BreadcrumbList\",\"@id\":\"https:\/\/liner-couverture-equipement-piscine.fr\/index.php\/metiers-apf\/materiel\/traitement-de-leau\/#breadcrumb\",\"itemListElement\":[{\"@type\":\"ListItem\",\"position\":1,\"name\":\"Accueil\",\"item\":\"https:\/\/liner-couverture-equipement-piscine.fr\/\"},{\"@type\":\"ListItem\",\"position\":2,\"name\":\"Les m\u00e9tiers APF\",\"item\":\"https:\/\/liner-couverture-equipement-piscine.fr\/index.php\/metiers-apf\/\"},{\"@type\":\"ListItem\",\"position\":3,\"name\":\"Mat\u00e9riel\",\"item\":\"https:\/\/liner-couverture-equipement-piscine.fr\/index.php\/metiers-apf\/materiel\/\"},{\"@type\":\"ListItem\",\"position\":4,\"name\":\"Traitement de l&rsquo;eau\"}]},{\"@type\":\"WebSite\",\"@id\":\"https:\/\/liner-couverture-equipement-piscine.fr\/#website\",\"url\":\"https:\/\/liner-couverture-equipement-piscine.fr\/\",\"name\":\"APF\",\"description\":\"La signature du sur-mesure\",\"publisher\":{\"@id\":\"https:\/\/liner-couverture-equipement-piscine.fr\/#organization\"},\"potentialAction\":[{\"@type\":\"SearchAction\",\"target\":{\"@type\":\"EntryPoint\",\"urlTemplate\":\"https:\/\/liner-couverture-equipement-piscine.fr\/?s={search_term_string}\"},\"query-input\":\"required name=search_term_string\"}],\"inLanguage\":\"fr-FR\"},{\"@type\":\"Organization\",\"@id\":\"https:\/\/liner-couverture-equipement-piscine.fr\/#organization\",\"name\":\"APF\",\"url\":\"https:\/\/liner-couverture-equipement-piscine.fr\/\",\"logo\":{\"@type\":\"ImageObject\",\"inLanguage\":\"fr-FR\",\"@id\":\"https:\/\/liner-couverture-equipement-piscine.fr\/#\/schema\/logo\/image\/\",\"url\":\"http:\/\/liner-couverture-equipement-piscine.fr\/wp-content\/uploads\/2019\/05\/APF-favicon-512.jpg\",\"contentUrl\":\"http:\/\/liner-couverture-equipement-piscine.fr\/wp-content\/uploads\/2019\/05\/APF-favicon-512.jpg\",\"width\":512,\"height\":512,\"caption\":\"APF\"},\"image\":{\"@id\":\"https:\/\/liner-couverture-equipement-piscine.fr\/#\/schema\/logo\/image\/\"},\"sameAs\":[\"https:\/\/www.instagram.com\/apf-piscines\/\",\"https:\/\/www.linkedin\/com\/company-beta\/10798819\",\"https:\/\/www.pinterest.fr\/apfpiscines\/\",\"https:\/\/www.youtube.com\/channel\/UCx6TWntSEV7St9WbOwPwQaQ\",\"https:\/\/www.facebook.com\/apf.piscines\/\",\"https:\/\/twitter.com\/ANNONAY_PROD_FR\"]}]}<\/script>\n<!-- \/ Yoast SEO plugin. -->","yoast_head_json":{"title":"Traitement de l'eau","robots":{"index":"index","follow":"follow","max-snippet":"max-snippet:-1","max-image-preview":"max-image-preview:large","max-video-preview":"max-video-preview:-1"},"canonical":"https:\/\/liner-couverture-equipement-piscine.fr\/index.php\/metiers-apf\/materiel\/traitement-de-leau\/","og_locale":"fr_FR","og_type":"article","og_title":"Traitement de l'eau","og_url":"https:\/\/liner-couverture-equipement-piscine.fr\/index.php\/metiers-apf\/materiel\/traitement-de-leau\/","og_site_name":"APF Pool Design","article_publisher":"https:\/\/www.facebook.com\/apf.piscines\/","article_modified_time":"2023-05-05T07:47:38+00:00","og_image":[{"width":512,"height":512,"url":"https:\/\/liner-couverture-equipement-piscine.fr\/wp-content\/uploads\/2019\/05\/APF-favicon-512.jpg","type":"image\/jpeg"}],"twitter_card":"summary_large_image","twitter_site":"@ANNONAY_PROD_FR","twitter_misc":{"Dur\u00e9e de lecture estim\u00e9e":"2 minutes"},"schema":{"@context":"https:\/\/schema.org","@graph":[{"@type":"WebPage","@id":"https:\/\/liner-couverture-equipement-piscine.fr\/index.php\/metiers-apf\/materiel\/traitement-de-leau\/","url":"https:\/\/liner-couverture-equipement-piscine.fr\/index.php\/metiers-apf\/materiel\/traitement-de-leau\/","name":"Traitement de l'eau","isPartOf":{"@id":"https:\/\/liner-couverture-equipement-piscine.fr\/#website"},"datePublished":"2021-04-29T07:48:35+00:00","dateModified":"2023-05-05T07:47:38+00:00","breadcrumb":{"@id":"https:\/\/liner-couverture-equipement-piscine.fr\/index.php\/metiers-apf\/materiel\/traitement-de-leau\/#breadcrumb"},"inLanguage":"fr-FR","potentialAction":[{"@type":"ReadAction","target":["https:\/\/liner-couverture-equipement-piscine.fr\/index.php\/metiers-apf\/materiel\/traitement-de-leau\/"]}]},{"@type":"BreadcrumbList","@id":"https:\/\/liner-couverture-equipement-piscine.fr\/index.php\/metiers-apf\/materiel\/traitement-de-leau\/#breadcrumb","itemListElement":[{"@type":"ListItem","position":1,"name":"Accueil","item":"https:\/\/liner-couverture-equipement-piscine.fr\/"},{"@type":"ListItem","position":2,"name":"Les m\u00e9tiers APF","item":"https:\/\/liner-couverture-equipement-piscine.fr\/index.php\/metiers-apf\/"},{"@type":"ListItem","position":3,"name":"Mat\u00e9riel","item":"https:\/\/liner-couverture-equipement-piscine.fr\/index.php\/metiers-apf\/materiel\/"},{"@type":"ListItem","position":4,"name":"Traitement de l&rsquo;eau"}]},{"@type":"WebSite","@id":"https:\/\/liner-couverture-equipement-piscine.fr\/#website","url":"https:\/\/liner-couverture-equipement-piscine.fr\/","name":"APF","description":"La signature du sur-mesure","publisher":{"@id":"https:\/\/liner-couverture-equipement-piscine.fr\/#organization"},"potentialAction":[{"@type":"SearchAction","target":{"@type":"EntryPoint","urlTemplate":"https:\/\/liner-couverture-equipement-piscine.fr\/?s={search_term_string}"},"query-input":"required name=search_term_string"}],"inLanguage":"fr-FR"},{"@type":"Organization","@id":"https:\/\/liner-couverture-equipement-piscine.fr\/#organization","name":"APF","url":"https:\/\/liner-couverture-equipement-piscine.fr\/","logo":{"@type":"ImageObject","inLanguage":"fr-FR","@id":"https:\/\/liner-couverture-equipement-piscine.fr\/#\/schema\/logo\/image\/","url":"http:\/\/liner-couverture-equipement-piscine.fr\/wp-content\/uploads\/2019\/05\/APF-favicon-512.jpg","contentUrl":"http:\/\/liner-couverture-equipement-piscine.fr\/wp-content\/uploads\/2019\/05\/APF-favicon-512.jpg","width":512,"height":512,"caption":"APF"},"image":{"@id":"https:\/\/liner-couverture-equipement-piscine.fr\/#\/schema\/logo\/image\/"},"sameAs":["https:\/\/www.instagram.com\/apf-piscines\/","https:\/\/www.linkedin\/com\/company-beta\/10798819","https:\/\/www.pinterest.fr\/apfpiscines\/","https:\/\/www.youtube.com\/channel\/UCx6TWntSEV7St9WbOwPwQaQ","https:\/\/www.facebook.com\/apf.piscines\/","https:\/\/twitter.com\/ANNONAY_PROD_FR"]}]}},"_links":{"self":[{"href":"https:\/\/liner-couverture-equipement-piscine.fr\/index.php\/wp-json\/wp\/v2\/pages\/33893"}],"collection":[{"href":"https:\/\/liner-couverture-equipement-piscine.fr\/index.php\/wp-json\/wp\/v2\/pages"}],"about":[{"href":"https:\/\/liner-couverture-equipement-piscine.fr\/index.php\/wp-json\/wp\/v2\/types\/page"}],"author":[{"embeddable":true,"href":"https:\/\/liner-couverture-equipement-piscine.fr\/index.php\/wp-json\/wp\/v2\/users\/2"}],"replies":[{"embeddable":true,"href":"https:\/\/liner-couverture-equipement-piscine.fr\/index.php\/wp-json\/wp\/v2\/comments?post=33893"}],"version-history":[{"count":13,"href":"https:\/\/liner-couverture-equipement-piscine.fr\/index.php\/wp-json\/wp\/v2\/pages\/33893\/revisions"}],"predecessor-version":[{"id":35448,"href":"https:\/\/liner-couverture-equipement-piscine.fr\/index.php\/wp-json\/wp\/v2\/pages\/33893\/revisions\/35448"}],"up":[{"embeddable":true,"href":"https:\/\/liner-couverture-equipement-piscine.fr\/index.php\/wp-json\/wp\/v2\/pages\/9816"}],"wp:attachment":[{"href":"https:\/\/liner-couverture-equipement-piscine.fr\/index.php\/wp-json\/wp\/v2\/media?parent=33893"}],"curies":[{"name":"wp","href":"https:\/\/api.w.org\/{rel}","templated":true}]}}