{"id":37360,"date":"2025-05-26T10:30:57","date_gmt":"2025-05-26T08:30:57","guid":{"rendered":"https:\/\/liner-couverture-equipement-piscine.fr\/?page_id=37360"},"modified":"2025-05-26T10:56:29","modified_gmt":"2025-05-26T08:56:29","slug":"protect-one","status":"publish","type":"page","link":"https:\/\/liner-couverture-equipement-piscine.fr\/index.php\/metiers-apf\/couvertures-hiver-ete\/protect-one\/","title":{"rendered":"Protect One"},"content":{"rendered":"<section class=\"l-section wpb_row height_auto\"><div class=\"l-section-h i-cf\"><div class=\"g-cols vc_row via_flex valign_top type_default stacking_default\"><div class=\"vc_col-sm-12 wpb_column vc_column_container\"><div class=\"vc_column-inner\"><div class=\"wpb_wrapper\"><div class=\"w-separator size_small\"><\/div>[vc_custom_heading text=\u00a0\u00bbProtect One &#8211; La couverture d&rsquo;hivernage pour couvertures automatiques\u00a0\u00bb font_container=\u00a0\u00bbtag:h1|font_size:40|text_align:left|color:%230067ac\u00a0\u00bb google_fonts=\u00a0\u00bbfont_family:Rambla%3Aregular%2Citalic%2C700%2C700italic|font_style:400%20regular%3A400%3Anormal\u00a0\u00bb css=\u00a0\u00bb%7B%22default%22%3A%7B%22color%22%3A%22%230067ac%22%2C%22font-size%22%3A%2240%22%7D%7D\u00a0\u00bb]<\/div><\/div><\/div><\/div><\/div><\/section><section class=\"l-section wpb_row height_small\"><div class=\"l-section-h i-cf\"><div class=\"g-cols vc_row via_flex valign_top type_default stacking_default\"><div class=\"vc_col-sm-6 wpb_column vc_column_container\"><div class=\"vc_column-inner\"><div class=\"wpb_wrapper\"><div class=\"w-image style_outlined align_center\"><div class=\"w-image-h\"><img width=\"708\" height=\"362\" src=\"https:\/\/liner-couverture-equipement-piscine.fr\/wp-content\/uploads\/2021\/06\/ecran-protecteur-couverture-piscine-apf-protect-one.jpeg\" class=\"attachment-full size-full\" alt=\"\" decoding=\"async\" loading=\"lazy\" srcset=\"https:\/\/liner-couverture-equipement-piscine.fr\/wp-content\/uploads\/2021\/06\/ecran-protecteur-couverture-piscine-apf-protect-one.jpeg 708w, https:\/\/liner-couverture-equipement-piscine.fr\/wp-content\/uploads\/2021\/06\/ecran-protecteur-couverture-piscine-apf-protect-one-300x153.jpeg 300w\" sizes=\"(max-width: 708px) 100vw, 708px\" \/><\/div><\/div><\/div><\/div><\/div><div class=\"vc_col-sm-6 wpb_column vc_column_container\"><div class=\"vc_column-inner\"><div class=\"wpb_wrapper\"><div class=\"w-separator size_small\"><\/div><div class=\"w-iconbox iconpos_left style_default color_primary align_left no_text icontype_img\"><div class=\"w-iconbox-icon\" style=\"font-size:60px;\"><img width=\"845\" height=\"863\" src=\"https:\/\/liner-couverture-equipement-piscine.fr\/wp-content\/uploads\/2019\/05\/Picto-bonhomme1.png\" class=\"attachment-full size-full\" alt=\"\" decoding=\"async\" loading=\"lazy\" srcset=\"https:\/\/liner-couverture-equipement-piscine.fr\/wp-content\/uploads\/2019\/05\/Picto-bonhomme1.png 845w, https:\/\/liner-couverture-equipement-piscine.fr\/wp-content\/uploads\/2019\/05\/Picto-bonhomme1-294x300.png 294w\" sizes=\"(max-width: 845px) 100vw, 845px\" \/><\/div><div class=\"w-iconbox-meta\"><h2 class=\"w-iconbox-title\" style=\"font-size:28;\">Ses avantages<\/h2><\/div><\/div><div class=\"w-separator size_small\"><\/div><div class=\"wpb_text_column\"><div class=\"wpb_wrapper\"><ul>\n<li style=\"text-align: justify;\">Rapide et facile \u00e0 installer<\/li>\n<li style=\"text-align: justify;\">S&rsquo;accroche directement sur le tablier<\/li>\n<li>Utilisation uniquement en hiver (Risque de d\u00e9t\u00e9rioration des lames. P\u00e9riode d&rsquo;utilisation recommand\u00e9e: novembre \u00e0 f\u00e9vrier)<\/li>\n<li>Utilisation uniquement sur tablier en lames pvc opaques<\/li>\n<\/ul>\n<\/div><\/div><div class=\"w-separator size_small\"><\/div><div class=\"w-grid type_grid layout_blog_1 cols_6\" id=\"us_grid_1\" data-filterable=\"true\"><style>#us_grid_1 .w-grid-item{padding:1.5rem}#us_grid_1 .w-grid-list{margin:-1.5rem}.w-grid + #us_grid_1 .w-grid-list,.w-grid-none + #us_grid_1 .w-grid-list{margin-top:1.5rem}@media (max-width:1199px){#us_grid_1 .w-grid-item{width:33.3333%}}@media (max-width:899px){#us_grid_1 .w-grid-item{width:50%}}@media (max-width:599px){#us_grid_1 .w-grid-list{margin:0}#us_grid_1 .w-grid-item{width:100%;padding:0;margin-bottom:1.5rem}}.layout_blog_1 .w-grid-item-h{}.layout_blog_1 .usg_post_image_1{margin-bottom:0.5rem!important}.layout_blog_1 .usg_post_title_1{font-size:1rem!important}<\/style><div class=\"w-grid-list\">\t<article class=\"w-grid-item post-37365 attachment type-attachment status-inherit hentry\" data-id=\"37365\">\r\n\t\t<div class=\"w-grid-item-h\">\r\n\t\t\t\t\t\t<div class=\"w-post-elm post_image usg_post_image_1 stretched\"><a href=\"https:\/\/liner-couverture-equipement-piscine.fr\/index.php\/metiers-apf\/couvertures-hiver-ete\/protect-one\/protectone_sable\/\" aria-label=\"Sable\"><img width=\"150\" height=\"150\" src=\"https:\/\/liner-couverture-equipement-piscine.fr\/wp-content\/uploads\/ProtectOne_Sable-150x150.png\" class=\"attachment-thumbnail size-thumbnail\" alt=\"\" decoding=\"async\" loading=\"lazy\" srcset=\"https:\/\/liner-couverture-equipement-piscine.fr\/wp-content\/uploads\/ProtectOne_Sable-150x150.png 150w, https:\/\/liner-couverture-equipement-piscine.fr\/wp-content\/uploads\/ProtectOne_Sable-300x300.png 300w, https:\/\/liner-couverture-equipement-piscine.fr\/wp-content\/uploads\/ProtectOne_Sable.png 533w\" sizes=\"(max-width: 150px) 100vw, 150px\" \/><\/a><\/div><h2 class=\"w-post-elm post_title usg_post_title_1 entry-title color_link_inherit\"><a href=\"https:\/\/liner-couverture-equipement-piscine.fr\/index.php\/metiers-apf\/couvertures-hiver-ete\/protect-one\/protectone_sable\/\">Sable<\/a><\/h2>\t\t<\/div>\r\n\t<\/article>\r\n\t<article class=\"w-grid-item post-37364 attachment type-attachment status-inherit hentry\" data-id=\"37364\">\r\n\t\t<div class=\"w-grid-item-h\">\r\n\t\t\t\t\t\t<div class=\"w-post-elm post_image usg_post_image_1 stretched\"><a href=\"https:\/\/liner-couverture-equipement-piscine.fr\/index.php\/metiers-apf\/couvertures-hiver-ete\/protect-one\/protectone_gris\/\" aria-label=\"Gris\"><img width=\"150\" height=\"150\" src=\"https:\/\/liner-couverture-equipement-piscine.fr\/wp-content\/uploads\/ProtectOne_Gris-150x150.png\" class=\"attachment-thumbnail size-thumbnail\" alt=\"\" decoding=\"async\" loading=\"lazy\" srcset=\"https:\/\/liner-couverture-equipement-piscine.fr\/wp-content\/uploads\/ProtectOne_Gris-150x150.png 150w, https:\/\/liner-couverture-equipement-piscine.fr\/wp-content\/uploads\/ProtectOne_Gris-300x301.png 300w, https:\/\/liner-couverture-equipement-piscine.fr\/wp-content\/uploads\/ProtectOne_Gris.png 532w\" sizes=\"(max-width: 150px) 100vw, 150px\" \/><\/a><\/div><h2 class=\"w-post-elm post_title usg_post_title_1 entry-title color_link_inherit\"><a href=\"https:\/\/liner-couverture-equipement-piscine.fr\/index.php\/metiers-apf\/couvertures-hiver-ete\/protect-one\/protectone_gris\/\">Gris<\/a><\/h2>\t\t<\/div>\r\n\t<\/article>\r\n\t<article class=\"w-grid-item post-37363 attachment type-attachment status-inherit hentry\" data-id=\"37363\">\r\n\t\t<div class=\"w-grid-item-h\">\r\n\t\t\t\t\t\t<div class=\"w-post-elm post_image usg_post_image_1 stretched\"><a href=\"https:\/\/liner-couverture-equipement-piscine.fr\/index.php\/metiers-apf\/couvertures-hiver-ete\/protect-one\/protectone_bleunuit\/\" aria-label=\"Bleu nuit\"><img width=\"150\" height=\"150\" src=\"https:\/\/liner-couverture-equipement-piscine.fr\/wp-content\/uploads\/ProtectOne_Bleunuit-150x150.png\" class=\"attachment-thumbnail size-thumbnail\" alt=\"\" decoding=\"async\" loading=\"lazy\" srcset=\"https:\/\/liner-couverture-equipement-piscine.fr\/wp-content\/uploads\/ProtectOne_Bleunuit-150x150.png 150w, https:\/\/liner-couverture-equipement-piscine.fr\/wp-content\/uploads\/ProtectOne_Bleunuit-300x300.png 300w, https:\/\/liner-couverture-equipement-piscine.fr\/wp-content\/uploads\/ProtectOne_Bleunuit.png 533w\" sizes=\"(max-width: 150px) 100vw, 150px\" \/><\/a><\/div><h2 class=\"w-post-elm post_title usg_post_title_1 entry-title color_link_inherit\"><a href=\"https:\/\/liner-couverture-equipement-piscine.fr\/index.php\/metiers-apf\/couvertures-hiver-ete\/protect-one\/protectone_bleunuit\/\">Bleu nuit<\/a><\/h2>\t\t<\/div>\r\n\t<\/article>\r\n<\/div><div class=\"w-grid-preloader\"><div class=\"g-preloader type_1\">\r\n\t<div><\/div>\r\n<\/div>\r\n<\/div>\t<div class=\"w-grid-json hidden\" onclick='return {&quot;action&quot;:&quot;us_ajax_grid&quot;,&quot;ajax_url&quot;:&quot;https:\\\/\\\/liner-couverture-equipement-piscine.fr\\\/wp-admin\\\/admin-ajax.php&quot;,&quot;infinite_scroll&quot;:0,&quot;max_num_pages&quot;:1,&quot;pagination&quot;:&quot;none&quot;,&quot;permalink_url&quot;:&quot;https:\\\/\\\/liner-couverture-equipement-piscine.fr\\\/wp-json\\\/wp\\\/v2\\\/pages\\\/37360&quot;,&quot;template_vars&quot;:{&quot;columns&quot;:&quot;6&quot;,&quot;exclude_items&quot;:&quot;none&quot;,&quot;img_size&quot;:&quot;thumbnail&quot;,&quot;ignore_items_size&quot;:0,&quot;items_layout&quot;:&quot;blog_1&quot;,&quot;items_offset&quot;:&quot;1&quot;,&quot;load_animation&quot;:&quot;none&quot;,&quot;overriding_link&quot;:&quot;none&quot;,&quot;post_id&quot;:37360,&quot;query_args&quot;:{&quot;post_type&quot;:[&quot;attachment&quot;],&quot;post__in&quot;:[&quot;37363&quot;,&quot;37364&quot;,&quot;37365&quot;],&quot;post_status&quot;:&quot;inherit&quot;,&quot;post_mime_type&quot;:&quot;image&quot;,&quot;posts_per_page&quot;:&quot;10&quot;},&quot;orderby_query_args&quot;:{&quot;orderby&quot;:{&quot;date&quot;:&quot;DESC&quot;}},&quot;type&quot;:&quot;grid&quot;,&quot;us_grid_ajax_index&quot;:1,&quot;us_grid_filter_params&quot;:null,&quot;us_grid_index&quot;:1,&quot;_us_grid_post_type&quot;:&quot;attachment&quot;}}'><\/div>\r\n\t<\/div><\/div><\/div><\/div><\/div><\/div><\/section><section class=\"l-section wpb_row height_small\"><div class=\"l-section-h i-cf\"><div class=\"g-cols vc_row via_flex valign_top type_default stacking_default\"><div class=\"vc_col-sm-6 wpb_column vc_column_container\"><div class=\"vc_column-inner\"><div class=\"wpb_wrapper\"><div class=\"wpb_text_column\"><div class=\"wpb_wrapper\"><h3>Notre documentation<\/h3>\n<\/div><\/div><div class=\"w-image align_none\"><a title=\"Protect One\" href=\"https:\/\/liner-couverture-equipement-piscine.fr\/wp-content\/uploads\/APF-Fiche-Protect-One-2.0-2019.pdf\" aria-label=\"Lien\" class=\"w-image-h\"><img width=\"300\" height=\"416\" src=\"https:\/\/liner-couverture-equipement-piscine.fr\/wp-content\/uploads\/ProtectOne_Ficheproduit-300x416.png\" class=\"attachment-medium size-medium\" alt=\"\" decoding=\"async\" loading=\"lazy\" srcset=\"https:\/\/liner-couverture-equipement-piscine.fr\/wp-content\/uploads\/ProtectOne_Ficheproduit-300x416.png 300w, https:\/\/liner-couverture-equipement-piscine.fr\/wp-content\/uploads\/ProtectOne_Ficheproduit-739x1024.png 739w, https:\/\/liner-couverture-equipement-piscine.fr\/wp-content\/uploads\/ProtectOne_Ficheproduit.png 909w\" sizes=\"(max-width: 300px) 100vw, 300px\" \/><\/a><\/div><\/div><\/div><\/div><\/div><\/div><\/section>\n","protected":false},"excerpt":{"rendered":"","protected":false},"author":1,"featured_media":0,"parent":9372,"menu_order":22,"comment_status":"closed","ping_status":"closed","template":"","meta":{"footnotes":""},"yoast_head":"<!-- This site is optimized with the Yoast SEO plugin v19.11 - https:\/\/yoast.com\/wordpress\/plugins\/seo\/ -->\n<title>APF Pool Design - Protect One<\/title>\n<meta name=\"description\" content=\"Un \u00e9cran protecteur et une toile PVC enduite pour prot\u00e9ger son tablier en hiver.\" \/>\n<meta name=\"robots\" content=\"index, follow, max-snippet:-1, max-image-preview:large, max-video-preview:-1\" \/>\n<link rel=\"canonical\" href=\"https:\/\/liner-couverture-equipement-piscine.fr\/index.php\/metiers-apf\/couvertures-hiver-ete\/protect-one\/\" \/>\n<meta property=\"og:locale\" content=\"fr_FR\" \/>\n<meta property=\"og:type\" content=\"article\" \/>\n<meta property=\"og:title\" content=\"APF Pool Design - Protect One\" \/>\n<meta property=\"og:description\" content=\"Un \u00e9cran protecteur et une toile PVC enduite pour prot\u00e9ger son tablier en hiver.\" \/>\n<meta property=\"og:url\" content=\"https:\/\/liner-couverture-equipement-piscine.fr\/index.php\/metiers-apf\/couvertures-hiver-ete\/protect-one\/\" \/>\n<meta property=\"og:site_name\" content=\"APF Pool Design\" \/>\n<meta property=\"article:publisher\" content=\"https:\/\/www.facebook.com\/apf.piscines\/\" \/>\n<meta property=\"article:modified_time\" content=\"2025-05-26T08:56:29+00:00\" \/>\n<meta property=\"og:image\" content=\"https:\/\/liner-couverture-equipement-piscine.fr\/wp-content\/uploads\/2019\/05\/APF-favicon-512.jpg\" \/>\n\t<meta property=\"og:image:width\" content=\"512\" \/>\n\t<meta property=\"og:image:height\" content=\"512\" \/>\n\t<meta property=\"og:image:type\" content=\"image\/jpeg\" \/>\n<meta name=\"twitter:card\" content=\"summary_large_image\" \/>\n<meta name=\"twitter:site\" content=\"@ANNONAY_PROD_FR\" \/>\n<meta name=\"twitter:label1\" content=\"Dur\u00e9e de lecture estim\u00e9e\" \/>\n\t<meta name=\"twitter:data1\" content=\"1 minute\" \/>\n<script type=\"application\/ld+json\" class=\"yoast-schema-graph\">{\"@context\":\"https:\/\/schema.org\",\"@graph\":[{\"@type\":\"WebPage\",\"@id\":\"https:\/\/liner-couverture-equipement-piscine.fr\/index.php\/metiers-apf\/couvertures-hiver-ete\/protect-one\/\",\"url\":\"https:\/\/liner-couverture-equipement-piscine.fr\/index.php\/metiers-apf\/couvertures-hiver-ete\/protect-one\/\",\"name\":\"APF Pool Design - Protect One\",\"isPartOf\":{\"@id\":\"https:\/\/liner-couverture-equipement-piscine.fr\/#website\"},\"datePublished\":\"2025-05-26T08:30:57+00:00\",\"dateModified\":\"2025-05-26T08:56:29+00:00\",\"description\":\"Un \u00e9cran protecteur et une toile PVC enduite pour prot\u00e9ger son tablier en hiver.\",\"breadcrumb\":{\"@id\":\"https:\/\/liner-couverture-equipement-piscine.fr\/index.php\/metiers-apf\/couvertures-hiver-ete\/protect-one\/#breadcrumb\"},\"inLanguage\":\"fr-FR\",\"potentialAction\":[{\"@type\":\"ReadAction\",\"target\":[\"https:\/\/liner-couverture-equipement-piscine.fr\/index.php\/metiers-apf\/couvertures-hiver-ete\/protect-one\/\"]}]},{\"@type\":\"BreadcrumbList\",\"@id\":\"https:\/\/liner-couverture-equipement-piscine.fr\/index.php\/metiers-apf\/couvertures-hiver-ete\/protect-one\/#breadcrumb\",\"itemListElement\":[{\"@type\":\"ListItem\",\"position\":1,\"name\":\"Accueil\",\"item\":\"https:\/\/liner-couverture-equipement-piscine.fr\/\"},{\"@type\":\"ListItem\",\"position\":2,\"name\":\"Les m\u00e9tiers APF\",\"item\":\"https:\/\/liner-couverture-equipement-piscine.fr\/index.php\/metiers-apf\/\"},{\"@type\":\"ListItem\",\"position\":3,\"name\":\"Couvertures hiver\/\u00e9t\u00e9\",\"item\":\"https:\/\/liner-couverture-equipement-piscine.fr\/index.php\/metiers-apf\/couvertures-hiver-ete\/\"},{\"@type\":\"ListItem\",\"position\":4,\"name\":\"Protect One\"}]},{\"@type\":\"WebSite\",\"@id\":\"https:\/\/liner-couverture-equipement-piscine.fr\/#website\",\"url\":\"https:\/\/liner-couverture-equipement-piscine.fr\/\",\"name\":\"APF\",\"description\":\"La signature du sur-mesure\",\"publisher\":{\"@id\":\"https:\/\/liner-couverture-equipement-piscine.fr\/#organization\"},\"potentialAction\":[{\"@type\":\"SearchAction\",\"target\":{\"@type\":\"EntryPoint\",\"urlTemplate\":\"https:\/\/liner-couverture-equipement-piscine.fr\/?s={search_term_string}\"},\"query-input\":\"required name=search_term_string\"}],\"inLanguage\":\"fr-FR\"},{\"@type\":\"Organization\",\"@id\":\"https:\/\/liner-couverture-equipement-piscine.fr\/#organization\",\"name\":\"APF\",\"url\":\"https:\/\/liner-couverture-equipement-piscine.fr\/\",\"logo\":{\"@type\":\"ImageObject\",\"inLanguage\":\"fr-FR\",\"@id\":\"https:\/\/liner-couverture-equipement-piscine.fr\/#\/schema\/logo\/image\/\",\"url\":\"http:\/\/liner-couverture-equipement-piscine.fr\/wp-content\/uploads\/2019\/05\/APF-favicon-512.jpg\",\"contentUrl\":\"http:\/\/liner-couverture-equipement-piscine.fr\/wp-content\/uploads\/2019\/05\/APF-favicon-512.jpg\",\"width\":512,\"height\":512,\"caption\":\"APF\"},\"image\":{\"@id\":\"https:\/\/liner-couverture-equipement-piscine.fr\/#\/schema\/logo\/image\/\"},\"sameAs\":[\"https:\/\/www.instagram.com\/apf-piscines\/\",\"https:\/\/www.linkedin\/com\/company-beta\/10798819\",\"https:\/\/www.pinterest.fr\/apfpiscines\/\",\"https:\/\/www.youtube.com\/channel\/UCx6TWntSEV7St9WbOwPwQaQ\",\"https:\/\/www.facebook.com\/apf.piscines\/\",\"https:\/\/twitter.com\/ANNONAY_PROD_FR\"]}]}<\/script>\n<!-- \/ Yoast SEO plugin. -->","yoast_head_json":{"title":"APF Pool Design - Protect One","description":"Un \u00e9cran protecteur et une toile PVC enduite pour prot\u00e9ger son tablier en hiver.","robots":{"index":"index","follow":"follow","max-snippet":"max-snippet:-1","max-image-preview":"max-image-preview:large","max-video-preview":"max-video-preview:-1"},"canonical":"https:\/\/liner-couverture-equipement-piscine.fr\/index.php\/metiers-apf\/couvertures-hiver-ete\/protect-one\/","og_locale":"fr_FR","og_type":"article","og_title":"APF Pool Design - Protect One","og_description":"Un \u00e9cran protecteur et une toile PVC enduite pour prot\u00e9ger son tablier en hiver.","og_url":"https:\/\/liner-couverture-equipement-piscine.fr\/index.php\/metiers-apf\/couvertures-hiver-ete\/protect-one\/","og_site_name":"APF Pool Design","article_publisher":"https:\/\/www.facebook.com\/apf.piscines\/","article_modified_time":"2025-05-26T08:56:29+00:00","og_image":[{"width":512,"height":512,"url":"https:\/\/liner-couverture-equipement-piscine.fr\/wp-content\/uploads\/2019\/05\/APF-favicon-512.jpg","type":"image\/jpeg"}],"twitter_card":"summary_large_image","twitter_site":"@ANNONAY_PROD_FR","twitter_misc":{"Dur\u00e9e de lecture estim\u00e9e":"1 minute"},"schema":{"@context":"https:\/\/schema.org","@graph":[{"@type":"WebPage","@id":"https:\/\/liner-couverture-equipement-piscine.fr\/index.php\/metiers-apf\/couvertures-hiver-ete\/protect-one\/","url":"https:\/\/liner-couverture-equipement-piscine.fr\/index.php\/metiers-apf\/couvertures-hiver-ete\/protect-one\/","name":"APF Pool Design - Protect One","isPartOf":{"@id":"https:\/\/liner-couverture-equipement-piscine.fr\/#website"},"datePublished":"2025-05-26T08:30:57+00:00","dateModified":"2025-05-26T08:56:29+00:00","description":"Un \u00e9cran protecteur et une toile PVC enduite pour prot\u00e9ger son tablier en hiver.","breadcrumb":{"@id":"https:\/\/liner-couverture-equipement-piscine.fr\/index.php\/metiers-apf\/couvertures-hiver-ete\/protect-one\/#breadcrumb"},"inLanguage":"fr-FR","potentialAction":[{"@type":"ReadAction","target":["https:\/\/liner-couverture-equipement-piscine.fr\/index.php\/metiers-apf\/couvertures-hiver-ete\/protect-one\/"]}]},{"@type":"BreadcrumbList","@id":"https:\/\/liner-couverture-equipement-piscine.fr\/index.php\/metiers-apf\/couvertures-hiver-ete\/protect-one\/#breadcrumb","itemListElement":[{"@type":"ListItem","position":1,"name":"Accueil","item":"https:\/\/liner-couverture-equipement-piscine.fr\/"},{"@type":"ListItem","position":2,"name":"Les m\u00e9tiers APF","item":"https:\/\/liner-couverture-equipement-piscine.fr\/index.php\/metiers-apf\/"},{"@type":"ListItem","position":3,"name":"Couvertures hiver\/\u00e9t\u00e9","item":"https:\/\/liner-couverture-equipement-piscine.fr\/index.php\/metiers-apf\/couvertures-hiver-ete\/"},{"@type":"ListItem","position":4,"name":"Protect One"}]},{"@type":"WebSite","@id":"https:\/\/liner-couverture-equipement-piscine.fr\/#website","url":"https:\/\/liner-couverture-equipement-piscine.fr\/","name":"APF","description":"La signature du sur-mesure","publisher":{"@id":"https:\/\/liner-couverture-equipement-piscine.fr\/#organization"},"potentialAction":[{"@type":"SearchAction","target":{"@type":"EntryPoint","urlTemplate":"https:\/\/liner-couverture-equipement-piscine.fr\/?s={search_term_string}"},"query-input":"required name=search_term_string"}],"inLanguage":"fr-FR"},{"@type":"Organization","@id":"https:\/\/liner-couverture-equipement-piscine.fr\/#organization","name":"APF","url":"https:\/\/liner-couverture-equipement-piscine.fr\/","logo":{"@type":"ImageObject","inLanguage":"fr-FR","@id":"https:\/\/liner-couverture-equipement-piscine.fr\/#\/schema\/logo\/image\/","url":"http:\/\/liner-couverture-equipement-piscine.fr\/wp-content\/uploads\/2019\/05\/APF-favicon-512.jpg","contentUrl":"http:\/\/liner-couverture-equipement-piscine.fr\/wp-content\/uploads\/2019\/05\/APF-favicon-512.jpg","width":512,"height":512,"caption":"APF"},"image":{"@id":"https:\/\/liner-couverture-equipement-piscine.fr\/#\/schema\/logo\/image\/"},"sameAs":["https:\/\/www.instagram.com\/apf-piscines\/","https:\/\/www.linkedin\/com\/company-beta\/10798819","https:\/\/www.pinterest.fr\/apfpiscines\/","https:\/\/www.youtube.com\/channel\/UCx6TWntSEV7St9WbOwPwQaQ","https:\/\/www.facebook.com\/apf.piscines\/","https:\/\/twitter.com\/ANNONAY_PROD_FR"]}]}},"_links":{"self":[{"href":"https:\/\/liner-couverture-equipement-piscine.fr\/index.php\/wp-json\/wp\/v2\/pages\/37360"}],"collection":[{"href":"https:\/\/liner-couverture-equipement-piscine.fr\/index.php\/wp-json\/wp\/v2\/pages"}],"about":[{"href":"https:\/\/liner-couverture-equipement-piscine.fr\/index.php\/wp-json\/wp\/v2\/types\/page"}],"author":[{"embeddable":true,"href":"https:\/\/liner-couverture-equipement-piscine.fr\/index.php\/wp-json\/wp\/v2\/users\/1"}],"replies":[{"embeddable":true,"href":"https:\/\/liner-couverture-equipement-piscine.fr\/index.php\/wp-json\/wp\/v2\/comments?post=37360"}],"version-history":[{"count":8,"href":"https:\/\/liner-couverture-equipement-piscine.fr\/index.php\/wp-json\/wp\/v2\/pages\/37360\/revisions"}],"predecessor-version":[{"id":37374,"href":"https:\/\/liner-couverture-equipement-piscine.fr\/index.php\/wp-json\/wp\/v2\/pages\/37360\/revisions\/37374"}],"up":[{"embeddable":true,"href":"https:\/\/liner-couverture-equipement-piscine.fr\/index.php\/wp-json\/wp\/v2\/pages\/9372"}],"wp:attachment":[{"href":"https:\/\/liner-couverture-equipement-piscine.fr\/index.php\/wp-json\/wp\/v2\/media?parent=37360"}],"curies":[{"name":"wp","href":"https:\/\/api.w.org\/{rel}","templated":true}]}}