{"id":7011,"date":"2019-05-09T11:35:11","date_gmt":"2019-05-09T09:35:11","guid":{"rendered":"http:\/\/liner-couverture-equipement-piscine.fr\/?page_id=7011"},"modified":"2024-10-03T15:57:31","modified_gmt":"2024-10-03T13:57:31","slug":"apf-services","status":"publish","type":"page","link":"https:\/\/liner-couverture-equipement-piscine.fr\/index.php\/services-clients\/apf-services\/","title":{"rendered":"APF Services"},"content":{"rendered":"<section class=\"l-section wpb_row height_small\"><div class=\"l-section-h i-cf\"><div class=\"g-cols vc_row via_flex valign_top type_default stacking_default\"><div class=\"vc_col-sm-12 wpb_column vc_column_container\"><div class=\"vc_column-inner\"><div class=\"wpb_wrapper\">[vc_custom_heading text=\u00a0\u00bbAPF Services\u00a0\u00bb font_container=\u00a0\u00bbtag:h1|font_size:40|text_align:left|color:%230067ac\u00a0\u00bb google_fonts=\u00a0\u00bbfont_family:Rambla%3Aregular%2Citalic%2C700%2C700italic|font_style:400%20regular%3A400%3Anormal\u00a0\u00bb css=\u00a0\u00bb%7B%22default%22%3A%7B%22color%22%3A%22%230067ac%22%2C%22font-size%22%3A%2240%22%7D%7D\u00a0\u00bb]<div class=\"w-separator size_custom with_line width_default thick_1 style_solid color_primary align_center\" style=\"height:2\"><div class=\"w-separator-h\"><\/div><\/div><div class=\"wpb_text_column\"><div class=\"wpb_wrapper\"><p style=\"text-align: justify;\"><span style=\"color: #0067ac;\"><strong>APF Services<\/strong><\/span> r\u00e9unit les d\u00e9partements <strong>Recherche &amp; D\u00e9veloppement<\/strong>, <strong>Qualit\u00e9<\/strong> et <strong>Service Apr\u00e8s Vente<\/strong> pour l&rsquo;ensemble des \u00e9quipements sur-mesure con\u00e7us par APF Pool Design.<\/p>\n<\/div><\/div><div class=\"w-separator size_small\"><\/div><div class=\"w-grid type_carousel layout_gallery_default valign_center\" id=\"us_grid_1\"><style>.layout_gallery_default .w-grid-item-h{}<\/style><div class=\"w-grid-list owl-carousel navstyle_circle navpos_outside with_dots\">\t<article class=\"w-grid-item post-7016 attachment type-attachment status-inherit hentry\" data-id=\"7016\">\r\n\t\t<div class=\"w-grid-item-h\">\r\n\t\t\t\t\t\t<div class=\"w-post-elm post_image usg_post_image_1 stretched\"><img width=\"1200\" height=\"600\" src=\"https:\/\/liner-couverture-equipement-piscine.fr\/wp-content\/uploads\/2019\/05\/pose-couv-auto-immergee.jpg\" class=\"attachment-full size-full\" alt=\"\" decoding=\"async\" loading=\"lazy\" srcset=\"https:\/\/liner-couverture-equipement-piscine.fr\/wp-content\/uploads\/2019\/05\/pose-couv-auto-immergee.jpg 1200w, https:\/\/liner-couverture-equipement-piscine.fr\/wp-content\/uploads\/2019\/05\/pose-couv-auto-immergee-300x150.jpg 300w, https:\/\/liner-couverture-equipement-piscine.fr\/wp-content\/uploads\/2019\/05\/pose-couv-auto-immergee-1024x512.jpg 1024w\" sizes=\"(max-width: 1200px) 100vw, 1200px\" \/><\/div>\t\t<\/div>\r\n\t<\/article>\r\n\t<article class=\"w-grid-item post-7015 attachment type-attachment status-inherit hentry\" data-id=\"7015\">\r\n\t\t<div class=\"w-grid-item-h\">\r\n\t\t\t\t\t\t<div class=\"w-post-elm post_image usg_post_image_1 stretched\"><img width=\"1200\" height=\"600\" src=\"https:\/\/liner-couverture-equipement-piscine.fr\/wp-content\/uploads\/2019\/05\/pose-couv-auto-hs2.jpg\" class=\"attachment-full size-full\" alt=\"\" decoding=\"async\" loading=\"lazy\" srcset=\"https:\/\/liner-couverture-equipement-piscine.fr\/wp-content\/uploads\/2019\/05\/pose-couv-auto-hs2.jpg 1200w, https:\/\/liner-couverture-equipement-piscine.fr\/wp-content\/uploads\/2019\/05\/pose-couv-auto-hs2-300x150.jpg 300w, https:\/\/liner-couverture-equipement-piscine.fr\/wp-content\/uploads\/2019\/05\/pose-couv-auto-hs2-1024x512.jpg 1024w\" sizes=\"(max-width: 1200px) 100vw, 1200px\" \/><\/div>\t\t<\/div>\r\n\t<\/article>\r\n\t<article class=\"w-grid-item post-7014 attachment type-attachment status-inherit hentry\" data-id=\"7014\">\r\n\t\t<div class=\"w-grid-item-h\">\r\n\t\t\t\t\t\t<div class=\"w-post-elm post_image usg_post_image_1 stretched\"><img width=\"1200\" height=\"600\" src=\"https:\/\/liner-couverture-equipement-piscine.fr\/wp-content\/uploads\/2019\/05\/pose-couv-auto-HS.jpg\" class=\"attachment-full size-full\" alt=\"\" decoding=\"async\" loading=\"lazy\" srcset=\"https:\/\/liner-couverture-equipement-piscine.fr\/wp-content\/uploads\/2019\/05\/pose-couv-auto-HS.jpg 1200w, https:\/\/liner-couverture-equipement-piscine.fr\/wp-content\/uploads\/2019\/05\/pose-couv-auto-HS-300x150.jpg 300w, https:\/\/liner-couverture-equipement-piscine.fr\/wp-content\/uploads\/2019\/05\/pose-couv-auto-HS-1024x512.jpg 1024w\" sizes=\"(max-width: 1200px) 100vw, 1200px\" \/><\/div>\t\t<\/div>\r\n\t<\/article>\r\n<\/div><div class=\"g-preloader type_1\">\r\n\t<div><\/div>\r\n<\/div>\r\n\t<div class=\"w-grid-json hidden\" onclick='return {&quot;action&quot;:&quot;us_ajax_grid&quot;,&quot;ajax_url&quot;:&quot;https:\\\/\\\/liner-couverture-equipement-piscine.fr\\\/wp-admin\\\/admin-ajax.php&quot;,&quot;infinite_scroll&quot;:0,&quot;max_num_pages&quot;:1,&quot;pagination&quot;:&quot;none&quot;,&quot;permalink_url&quot;:&quot;https:\\\/\\\/liner-couverture-equipement-piscine.fr\\\/wp-json\\\/wp\\\/v2\\\/pages\\\/7011&quot;,&quot;template_vars&quot;:{&quot;columns&quot;:&quot;1&quot;,&quot;exclude_items&quot;:&quot;none&quot;,&quot;img_size&quot;:&quot;full&quot;,&quot;ignore_items_size&quot;:0,&quot;items_layout&quot;:&quot;gallery_default&quot;,&quot;items_offset&quot;:&quot;1&quot;,&quot;load_animation&quot;:&quot;none&quot;,&quot;overriding_link&quot;:&quot;none&quot;,&quot;post_id&quot;:7011,&quot;query_args&quot;:{&quot;post_type&quot;:[&quot;attachment&quot;],&quot;post__in&quot;:[&quot;7016&quot;,&quot;7015&quot;,&quot;7014&quot;],&quot;post_status&quot;:&quot;inherit&quot;,&quot;post_mime_type&quot;:&quot;image&quot;,&quot;posts_per_page&quot;:999},&quot;orderby_query_args&quot;:{&quot;orderby&quot;:{&quot;post__in&quot;:&quot;ASC&quot;},&quot;order&quot;:&quot;ASC&quot;},&quot;type&quot;:&quot;carousel&quot;,&quot;us_grid_ajax_index&quot;:1,&quot;us_grid_filter_params&quot;:null,&quot;us_grid_index&quot;:1,&quot;_us_grid_post_type&quot;:&quot;attachment&quot;},&quot;carousel_settings&quot;:{&quot;autoHeight&quot;:0,&quot;autoplay&quot;:0,&quot;carousel_fade&quot;:0,&quot;center&quot;:0,&quot;dots&quot;:1,&quot;items&quot;:&quot;1&quot;,&quot;loop&quot;:false,&quot;nav&quot;:0,&quot;slideby&quot;:&quot;1&quot;,&quot;smooth_play&quot;:0,&quot;speed&quot;:20,&quot;timeout&quot;:3000,&quot;transition&quot;:&quot;&quot;},&quot;carousel_breakpoints&quot;:{&quot;0&quot;:{&quot;autoHeight&quot;:0,&quot;autoplay&quot;:1,&quot;autoplayHoverPause&quot;:1,&quot;items&quot;:1,&quot;loop&quot;:true,&quot;stagePadding&quot;:0},&quot;600&quot;:{&quot;autoHeight&quot;:0,&quot;autoplay&quot;:1,&quot;autoplayHoverPause&quot;:1,&quot;items&quot;:1,&quot;loop&quot;:true,&quot;stagePadding&quot;:0},&quot;900&quot;:{&quot;autoHeight&quot;:0,&quot;autoplay&quot;:1,&quot;autoplayHoverPause&quot;:1,&quot;items&quot;:1,&quot;loop&quot;:true,&quot;stagePadding&quot;:0},&quot;1200&quot;:{&quot;items&quot;:1,&quot;stagePadding&quot;:0}}}'><\/div>\r\n\t<\/div><\/div><\/div><\/div><\/div><\/div><\/section><section class=\"l-section wpb_row height_auto\"><div class=\"l-section-h i-cf\"><div class=\"g-cols vc_row via_flex valign_top type_default stacking_default\"><div class=\"vc_col-sm-6 wpb_column vc_column_container\"><div class=\"vc_column-inner\"><div class=\"wpb_wrapper\">[vc_custom_heading text=\u00a0\u00bbProfessionels, b\u00e9n\u00e9ficiez d&rsquo;un accompagnement technique sur le terrain\u00a0\u00bb font_container=\u00a0\u00bbtag:h2|font_size:24|text_align:left\u00a0\u00bb google_fonts=\u00a0\u00bbfont_family:Rambla%3Aregular%2Citalic%2C700%2C700italic|font_style:400%20regular%3A400%3Anormal\u00a0\u00bb]<div class=\"wpb_text_column\"><div class=\"wpb_wrapper\"><p>Gagnez en temps et en expertise &amp; am\u00e9liorez la satisfaction de vos clients !<\/p>\n<p>Les techniciens APF Pool Design vous accompagnent sur le terrain gr\u00e2ce \u00e0 de nouvelles offres cl\u00e9s que nous mettons \u00e0 votre disposition :<\/p>\n<ul>\n<li><strong>Assistance \u00e0 la pose<\/strong> : vous former \u00e0 la pose de nos produits<\/li>\n<li><strong>Prise de cotes<\/strong><\/li>\n<li><strong>Contr\u00f4le de la conformit\u00e9 de l\u2019installation<\/strong> avant 1\u00e8re mise en service<\/li>\n<li><strong>SAV sur site<\/strong> : vous aider \u00e0 identifier la panne et vous assister \u00e0 la d\u00e9pose \/ pose d\u2019un moteur ou remplacement de produit<\/li>\n<li><strong>Rendez-vous Experts<\/strong> Technique et Commercial: des rencontres avec nos \u00e9quipes pour vous donner toutes les cl\u00e9s<em style=\"text-align: justify;\">\u00a0<\/em><\/li>\n<\/ul>\n<\/div><\/div><div class=\"w-separator size_custom\" style=\"height:40px\"><\/div><div class=\"w-btn-wrapper align_none\"><a class=\"w-btn us-btn-style_1\" href=\"mailto:intervention@apf-pooldesign.com\"><span class=\"w-btn-label\">En savoir plus<\/span><\/a><\/div><\/div><\/div><\/div><div class=\"vc_col-sm-6 wpb_column vc_column_container\"><div class=\"vc_column-inner\"><div class=\"wpb_wrapper\">[vc_custom_heading text=\u00a0\u00bbTutoriels techniques\u00a0\u00bb font_container=\u00a0\u00bbtag:h2|font_size:24|text_align:left\u00a0\u00bb google_fonts=\u00a0\u00bbfont_family:Rambla%3Aregular%2Citalic%2C700%2C700italic|font_style:400%20regular%3A400%3Anormal\u00a0\u00bb]<div class=\"wpb_text_column\"><div class=\"wpb_wrapper\"><p style=\"text-align: justify;\">Afin d&rsquo;aider les techniciens pisciniers sur le terrain, APF Services a r\u00e9alis\u00e9 des tutoriels vid\u00e9os et des books techniques pour le r\u00e9glage de fins de course, changement moteur&#8230; pour les couvertures automatiques.<\/p>\n<\/div><\/div><div class=\"w-separator size_custom\" style=\"height:15px\"><\/div><div class=\"w-video align_none ratio_16x9\"><div class=\"w-video-h\"><iframe title=\"Youtube video player\" src=\"\/\/www.youtube.com\/embed\/KNpDTwbaxW0?origin=https:\/\/liner-couverture-equipement-piscine.fr&controls=1\" allowfullscreen=\"1\" loading=\"lazy\"><\/iframe><\/div><div class=\"w-video-icon\" style=\"font-size:1.5rem;background:rgba(0,0,0,0.5);color:#fff\"><\/div><\/div><\/div><\/div><\/div><\/div><\/div><\/section><section class=\"l-section wpb_row height_small\"><div class=\"l-section-h i-cf\"><div class=\"g-cols vc_row via_flex valign_top type_default stacking_default\"><div class=\"vc_col-sm-12 wpb_column vc_column_container\"><div class=\"vc_column-inner\"><div class=\"wpb_wrapper\"><div class=\"w-separator size_medium\"><\/div><\/div><\/div><\/div><\/div><\/div><\/section>\n","protected":false},"excerpt":{"rendered":"","protected":false},"author":1,"featured_media":0,"parent":6881,"menu_order":43,"comment_status":"closed","ping_status":"closed","template":"","meta":{"footnotes":""},"yoast_head":"<!-- This site is optimized with the Yoast SEO plugin v19.11 - https:\/\/yoast.com\/wordpress\/plugins\/seo\/ -->\n<title>APF Services, source d&#039;innovations et de qualit\u00e9 pour la piscine<\/title>\n<meta name=\"description\" content=\"APF Services r\u00e9unit les d\u00e9partements Recherche &amp; D\u00e9veloppement, Qualit\u00e9 et Service Apr\u00e8s Vente pour l\u2019ensemble des \u00e9quipements sur-mesure con\u00e7us par APF.\" \/>\n<meta name=\"robots\" content=\"index, follow, max-snippet:-1, max-image-preview:large, max-video-preview:-1\" \/>\n<link rel=\"canonical\" href=\"https:\/\/liner-couverture-equipement-piscine.fr\/index.php\/services-clients\/apf-services\/\" \/>\n<meta property=\"og:locale\" content=\"fr_FR\" \/>\n<meta property=\"og:type\" content=\"article\" \/>\n<meta property=\"og:title\" content=\"APF Services, source d&#039;innovations et de qualit\u00e9 pour la piscine\" \/>\n<meta property=\"og:description\" content=\"APF Services r\u00e9unit les d\u00e9partements Recherche &amp; D\u00e9veloppement, Qualit\u00e9 et Service Apr\u00e8s Vente pour l\u2019ensemble des \u00e9quipements sur-mesure con\u00e7us par APF.\" \/>\n<meta property=\"og:url\" content=\"https:\/\/liner-couverture-equipement-piscine.fr\/index.php\/services-clients\/apf-services\/\" \/>\n<meta property=\"og:site_name\" content=\"APF Pool Design\" \/>\n<meta property=\"article:publisher\" content=\"https:\/\/www.facebook.com\/apf.piscines\/\" \/>\n<meta property=\"article:modified_time\" content=\"2024-10-03T13:57:31+00:00\" \/>\n<meta property=\"og:image\" content=\"https:\/\/liner-couverture-equipement-piscine.fr\/wp-content\/uploads\/2019\/05\/APF-favicon-512.jpg\" \/>\n\t<meta property=\"og:image:width\" content=\"512\" \/>\n\t<meta property=\"og:image:height\" content=\"512\" \/>\n\t<meta property=\"og:image:type\" content=\"image\/jpeg\" \/>\n<meta name=\"twitter:card\" content=\"summary_large_image\" \/>\n<meta name=\"twitter:site\" content=\"@ANNONAY_PROD_FR\" \/>\n<meta name=\"twitter:label1\" content=\"Dur\u00e9e de lecture estim\u00e9e\" \/>\n\t<meta name=\"twitter:data1\" content=\"1 minute\" \/>\n<script type=\"application\/ld+json\" class=\"yoast-schema-graph\">{\"@context\":\"https:\/\/schema.org\",\"@graph\":[{\"@type\":\"WebPage\",\"@id\":\"https:\/\/liner-couverture-equipement-piscine.fr\/index.php\/services-clients\/apf-services\/\",\"url\":\"https:\/\/liner-couverture-equipement-piscine.fr\/index.php\/services-clients\/apf-services\/\",\"name\":\"APF Services, source d'innovations et de qualit\u00e9 pour la piscine\",\"isPartOf\":{\"@id\":\"https:\/\/liner-couverture-equipement-piscine.fr\/#website\"},\"datePublished\":\"2019-05-09T09:35:11+00:00\",\"dateModified\":\"2024-10-03T13:57:31+00:00\",\"description\":\"APF Services r\u00e9unit les d\u00e9partements Recherche & D\u00e9veloppement, Qualit\u00e9 et Service Apr\u00e8s Vente pour l\u2019ensemble des \u00e9quipements sur-mesure con\u00e7us par APF.\",\"breadcrumb\":{\"@id\":\"https:\/\/liner-couverture-equipement-piscine.fr\/index.php\/services-clients\/apf-services\/#breadcrumb\"},\"inLanguage\":\"fr-FR\",\"potentialAction\":[{\"@type\":\"ReadAction\",\"target\":[\"https:\/\/liner-couverture-equipement-piscine.fr\/index.php\/services-clients\/apf-services\/\"]}]},{\"@type\":\"BreadcrumbList\",\"@id\":\"https:\/\/liner-couverture-equipement-piscine.fr\/index.php\/services-clients\/apf-services\/#breadcrumb\",\"itemListElement\":[{\"@type\":\"ListItem\",\"position\":1,\"name\":\"Accueil\",\"item\":\"https:\/\/liner-couverture-equipement-piscine.fr\/\"},{\"@type\":\"ListItem\",\"position\":2,\"name\":\"Nos services clients\",\"item\":\"https:\/\/liner-couverture-equipement-piscine.fr\/index.php\/services-clients\/\"},{\"@type\":\"ListItem\",\"position\":3,\"name\":\"APF Services\"}]},{\"@type\":\"WebSite\",\"@id\":\"https:\/\/liner-couverture-equipement-piscine.fr\/#website\",\"url\":\"https:\/\/liner-couverture-equipement-piscine.fr\/\",\"name\":\"APF\",\"description\":\"La signature du sur-mesure\",\"publisher\":{\"@id\":\"https:\/\/liner-couverture-equipement-piscine.fr\/#organization\"},\"potentialAction\":[{\"@type\":\"SearchAction\",\"target\":{\"@type\":\"EntryPoint\",\"urlTemplate\":\"https:\/\/liner-couverture-equipement-piscine.fr\/?s={search_term_string}\"},\"query-input\":\"required name=search_term_string\"}],\"inLanguage\":\"fr-FR\"},{\"@type\":\"Organization\",\"@id\":\"https:\/\/liner-couverture-equipement-piscine.fr\/#organization\",\"name\":\"APF\",\"url\":\"https:\/\/liner-couverture-equipement-piscine.fr\/\",\"logo\":{\"@type\":\"ImageObject\",\"inLanguage\":\"fr-FR\",\"@id\":\"https:\/\/liner-couverture-equipement-piscine.fr\/#\/schema\/logo\/image\/\",\"url\":\"http:\/\/liner-couverture-equipement-piscine.fr\/wp-content\/uploads\/2019\/05\/APF-favicon-512.jpg\",\"contentUrl\":\"http:\/\/liner-couverture-equipement-piscine.fr\/wp-content\/uploads\/2019\/05\/APF-favicon-512.jpg\",\"width\":512,\"height\":512,\"caption\":\"APF\"},\"image\":{\"@id\":\"https:\/\/liner-couverture-equipement-piscine.fr\/#\/schema\/logo\/image\/\"},\"sameAs\":[\"https:\/\/www.instagram.com\/apf-piscines\/\",\"https:\/\/www.linkedin\/com\/company-beta\/10798819\",\"https:\/\/www.pinterest.fr\/apfpiscines\/\",\"https:\/\/www.youtube.com\/channel\/UCx6TWntSEV7St9WbOwPwQaQ\",\"https:\/\/www.facebook.com\/apf.piscines\/\",\"https:\/\/twitter.com\/ANNONAY_PROD_FR\"]}]}<\/script>\n<!-- \/ Yoast SEO plugin. -->","yoast_head_json":{"title":"APF Services, source d'innovations et de qualit\u00e9 pour la piscine","description":"APF Services r\u00e9unit les d\u00e9partements Recherche & D\u00e9veloppement, Qualit\u00e9 et Service Apr\u00e8s Vente pour l\u2019ensemble des \u00e9quipements sur-mesure con\u00e7us par APF.","robots":{"index":"index","follow":"follow","max-snippet":"max-snippet:-1","max-image-preview":"max-image-preview:large","max-video-preview":"max-video-preview:-1"},"canonical":"https:\/\/liner-couverture-equipement-piscine.fr\/index.php\/services-clients\/apf-services\/","og_locale":"fr_FR","og_type":"article","og_title":"APF Services, source d'innovations et de qualit\u00e9 pour la piscine","og_description":"APF Services r\u00e9unit les d\u00e9partements Recherche & D\u00e9veloppement, Qualit\u00e9 et Service Apr\u00e8s Vente pour l\u2019ensemble des \u00e9quipements sur-mesure con\u00e7us par APF.","og_url":"https:\/\/liner-couverture-equipement-piscine.fr\/index.php\/services-clients\/apf-services\/","og_site_name":"APF Pool Design","article_publisher":"https:\/\/www.facebook.com\/apf.piscines\/","article_modified_time":"2024-10-03T13:57:31+00:00","og_image":[{"width":512,"height":512,"url":"https:\/\/liner-couverture-equipement-piscine.fr\/wp-content\/uploads\/2019\/05\/APF-favicon-512.jpg","type":"image\/jpeg"}],"twitter_card":"summary_large_image","twitter_site":"@ANNONAY_PROD_FR","twitter_misc":{"Dur\u00e9e de lecture estim\u00e9e":"1 minute"},"schema":{"@context":"https:\/\/schema.org","@graph":[{"@type":"WebPage","@id":"https:\/\/liner-couverture-equipement-piscine.fr\/index.php\/services-clients\/apf-services\/","url":"https:\/\/liner-couverture-equipement-piscine.fr\/index.php\/services-clients\/apf-services\/","name":"APF Services, source d'innovations et de qualit\u00e9 pour la piscine","isPartOf":{"@id":"https:\/\/liner-couverture-equipement-piscine.fr\/#website"},"datePublished":"2019-05-09T09:35:11+00:00","dateModified":"2024-10-03T13:57:31+00:00","description":"APF Services r\u00e9unit les d\u00e9partements Recherche & D\u00e9veloppement, Qualit\u00e9 et Service Apr\u00e8s Vente pour l\u2019ensemble des \u00e9quipements sur-mesure con\u00e7us par APF.","breadcrumb":{"@id":"https:\/\/liner-couverture-equipement-piscine.fr\/index.php\/services-clients\/apf-services\/#breadcrumb"},"inLanguage":"fr-FR","potentialAction":[{"@type":"ReadAction","target":["https:\/\/liner-couverture-equipement-piscine.fr\/index.php\/services-clients\/apf-services\/"]}]},{"@type":"BreadcrumbList","@id":"https:\/\/liner-couverture-equipement-piscine.fr\/index.php\/services-clients\/apf-services\/#breadcrumb","itemListElement":[{"@type":"ListItem","position":1,"name":"Accueil","item":"https:\/\/liner-couverture-equipement-piscine.fr\/"},{"@type":"ListItem","position":2,"name":"Nos services clients","item":"https:\/\/liner-couverture-equipement-piscine.fr\/index.php\/services-clients\/"},{"@type":"ListItem","position":3,"name":"APF Services"}]},{"@type":"WebSite","@id":"https:\/\/liner-couverture-equipement-piscine.fr\/#website","url":"https:\/\/liner-couverture-equipement-piscine.fr\/","name":"APF","description":"La signature du sur-mesure","publisher":{"@id":"https:\/\/liner-couverture-equipement-piscine.fr\/#organization"},"potentialAction":[{"@type":"SearchAction","target":{"@type":"EntryPoint","urlTemplate":"https:\/\/liner-couverture-equipement-piscine.fr\/?s={search_term_string}"},"query-input":"required name=search_term_string"}],"inLanguage":"fr-FR"},{"@type":"Organization","@id":"https:\/\/liner-couverture-equipement-piscine.fr\/#organization","name":"APF","url":"https:\/\/liner-couverture-equipement-piscine.fr\/","logo":{"@type":"ImageObject","inLanguage":"fr-FR","@id":"https:\/\/liner-couverture-equipement-piscine.fr\/#\/schema\/logo\/image\/","url":"http:\/\/liner-couverture-equipement-piscine.fr\/wp-content\/uploads\/2019\/05\/APF-favicon-512.jpg","contentUrl":"http:\/\/liner-couverture-equipement-piscine.fr\/wp-content\/uploads\/2019\/05\/APF-favicon-512.jpg","width":512,"height":512,"caption":"APF"},"image":{"@id":"https:\/\/liner-couverture-equipement-piscine.fr\/#\/schema\/logo\/image\/"},"sameAs":["https:\/\/www.instagram.com\/apf-piscines\/","https:\/\/www.linkedin\/com\/company-beta\/10798819","https:\/\/www.pinterest.fr\/apfpiscines\/","https:\/\/www.youtube.com\/channel\/UCx6TWntSEV7St9WbOwPwQaQ","https:\/\/www.facebook.com\/apf.piscines\/","https:\/\/twitter.com\/ANNONAY_PROD_FR"]}]}},"_links":{"self":[{"href":"https:\/\/liner-couverture-equipement-piscine.fr\/index.php\/wp-json\/wp\/v2\/pages\/7011"}],"collection":[{"href":"https:\/\/liner-couverture-equipement-piscine.fr\/index.php\/wp-json\/wp\/v2\/pages"}],"about":[{"href":"https:\/\/liner-couverture-equipement-piscine.fr\/index.php\/wp-json\/wp\/v2\/types\/page"}],"author":[{"embeddable":true,"href":"https:\/\/liner-couverture-equipement-piscine.fr\/index.php\/wp-json\/wp\/v2\/users\/1"}],"replies":[{"embeddable":true,"href":"https:\/\/liner-couverture-equipement-piscine.fr\/index.php\/wp-json\/wp\/v2\/comments?post=7011"}],"version-history":[{"count":22,"href":"https:\/\/liner-couverture-equipement-piscine.fr\/index.php\/wp-json\/wp\/v2\/pages\/7011\/revisions"}],"predecessor-version":[{"id":36620,"href":"https:\/\/liner-couverture-equipement-piscine.fr\/index.php\/wp-json\/wp\/v2\/pages\/7011\/revisions\/36620"}],"up":[{"embeddable":true,"href":"https:\/\/liner-couverture-equipement-piscine.fr\/index.php\/wp-json\/wp\/v2\/pages\/6881"}],"wp:attachment":[{"href":"https:\/\/liner-couverture-equipement-piscine.fr\/index.php\/wp-json\/wp\/v2\/media?parent=7011"}],"curies":[{"name":"wp","href":"https:\/\/api.w.org\/{rel}","templated":true}]}}