{"id":7066,"date":"2019-05-09T12:39:15","date_gmt":"2019-05-09T10:39:15","guid":{"rendered":"http:\/\/liner-couverture-equipement-piscine.fr\/?page_id=7066"},"modified":"2023-05-04T17:41:47","modified_gmt":"2023-05-04T15:41:47","slug":"outils-web-pro","status":"publish","type":"page","link":"https:\/\/liner-couverture-equipement-piscine.fr\/index.php\/services-clients\/outils-web-pro\/","title":{"rendered":"Nos outils web"},"content":{"rendered":"<section class=\"l-section wpb_row height_medium\"><div class=\"l-section-h i-cf\"><div class=\"g-cols vc_row via_flex valign_top type_default stacking_default\"><div class=\"vc_col-sm-12 wpb_column vc_column_container\"><div class=\"vc_column-inner\"><div class=\"wpb_wrapper\">[vc_custom_heading text=\u00a0\u00bbNos outils \u00e0 destination des professionnels pisciniers\u00a0\u00bb font_container=\u00a0\u00bbtag:h1|font_size:40|text_align:left|color:%230067ac\u00a0\u00bb google_fonts=\u00a0\u00bbfont_family:Rambla%3Aregular%2Citalic%2C700%2C700italic|font_style:400%20regular%3A400%3Anormal\u00a0\u00bb css=\u00a0\u00bb%7B%22default%22%3A%7B%22color%22%3A%22%230067ac%22%2C%22font-size%22%3A%2240%22%7D%7D\u00a0\u00bb]<div class=\"w-separator size_custom with_line width_default thick_1 style_solid color_primary align_center\" style=\"height:2\"><div class=\"w-separator-h\"><\/div><\/div><div class=\"wpb_text_column\"><div class=\"wpb_wrapper\"><p>APF Pool Design accompagne ses clients dans la vente de ses \u00e9quipements pour piscine en leur simplifiant leurs \u00e9changes avec nos diff\u00e9rents services et en leur apportant les outils n\u00e9cessaires pour animer leur show-room.<\/p>\n<\/div><\/div><div class=\"w-separator size_small\"><\/div><div class=\"w-image align_center\"><div class=\"w-image-h\"><img width=\"1024\" height=\"527\" src=\"https:\/\/liner-couverture-equipement-piscine.fr\/wp-content\/uploads\/2019\/05\/Responsive.jpg\" class=\"attachment-full size-full\" alt=\"\" decoding=\"async\" loading=\"lazy\" srcset=\"https:\/\/liner-couverture-equipement-piscine.fr\/wp-content\/uploads\/2019\/05\/Responsive.jpg 1024w, https:\/\/liner-couverture-equipement-piscine.fr\/wp-content\/uploads\/2019\/05\/Responsive-300x154.jpg 300w\" sizes=\"(max-width: 1024px) 100vw, 1024px\" \/><\/div><\/div>[vc_custom_heading text=\u00a0\u00bbL&rsquo;espace extranet\u00a0\u00bb font_container=\u00a0\u00bbtag:h2|font_size:24|text_align:left|color:%230067ac\u00a0\u00bb google_fonts=\u00a0\u00bbfont_family:Rambla%3Aregular%2Citalic%2C700%2C700italic|font_style:400%20regular%3A400%3Anormal\u00a0\u00bb link=\u00a0\u00bburl:https%3A%2F%2Fextranet.apf-france.com%2F||target:%20_blank|\u00a0\u00bb css=\u00a0\u00bb%7B%22default%22%3A%7B%22color%22%3A%22%230067ac%22%2C%22font-size%22%3A%2224%22%7D%7D\u00a0\u00bb]<div class=\"w-separator size_custom with_line width_default thick_1 style_solid color_border align_center\" style=\"height:2px\"><div class=\"w-separator-h\"><\/div><\/div><\/div><\/div><\/div><\/div><\/div><\/section><section class=\"l-section wpb_row height_auto\"><div class=\"l-section-h i-cf\"><div class=\"g-cols vc_row via_flex valign_top type_default stacking_default\"><div class=\"vc_col-sm-6 wpb_column vc_column_container\"><div class=\"vc_column-inner\"><div class=\"wpb_wrapper\"><div class=\"w-iconbox iconpos_left style_default color_primary align_left icontype_img\"><a target=\"_blank\" href=\"https:\/\/extranet.apf-france.com\/\" rel=\"noopener\" class=\"w-iconbox-link\" aria-label=\"D\u00e9lais de fabrication\"><div class=\"w-iconbox-icon\" style=\"font-size:75px;\"><img width=\"75\" height=\"75\" src=\"https:\/\/liner-couverture-equipement-piscine.fr\/wp-content\/uploads\/2019\/05\/delais-fab.png\" class=\"attachment-full size-full\" alt=\"\" decoding=\"async\" loading=\"lazy\" \/><\/div><\/a><div class=\"w-iconbox-meta\"><a target=\"_blank\" href=\"https:\/\/extranet.apf-france.com\/\" rel=\"noopener\" class=\"w-iconbox-link\" aria-label=\"D\u00e9lais de fabrication\"><h4 class=\"w-iconbox-title\">D\u00e9lais de fabrication<\/h4><\/a><div class=\"w-iconbox-text\"><p>Nos d\u00e9lais de mise en fabrication dans nos ateliers sont mis \u00e0 jour quotidiennement et accessibles depuis l&rsquo;espace extranet individuel.<\/p>\n<\/div><\/div><\/div><\/div><\/div><\/div><div class=\"vc_col-sm-6 wpb_column vc_column_container\"><div class=\"vc_column-inner\"><div class=\"wpb_wrapper\"><div class=\"w-iconbox iconpos_left style_default color_primary align_left icontype_img\"><a target=\"_blank\" href=\"https:\/\/extranet.apf-france.com\/\" rel=\"noopener\" class=\"w-iconbox-link\" aria-label=\"Planning en ligne\"><div class=\"w-iconbox-icon\" style=\"font-size:75px;\"><img width=\"75\" height=\"75\" src=\"https:\/\/liner-couverture-equipement-piscine.fr\/wp-content\/uploads\/2019\/05\/planning.png\" class=\"attachment-full size-full\" alt=\"\" decoding=\"async\" loading=\"lazy\" \/><\/div><\/a><div class=\"w-iconbox-meta\"><a target=\"_blank\" href=\"https:\/\/extranet.apf-france.com\/\" rel=\"noopener\" class=\"w-iconbox-link\" aria-label=\"Planning en ligne\"><h4 class=\"w-iconbox-title\">Planning en ligne<\/h4><\/a><div class=\"w-iconbox-text\"><p style=\"text-align: justify;\">Vous pouvez suivre en temps r\u00e9el l&rsquo;\u00e9volution de votre commande pour l&rsquo;ensemble de nos produits sur-mesure, de son passage au bureau d&rsquo;\u00e9tudes \u00e0 son exp\u00e9dition. Vous \u00eates m\u00eame inform\u00e9 par mail du suivi transport de vos colis !<\/p>\n<\/div><\/div><\/div><\/div><\/div><\/div><\/div><\/div><\/section><section class=\"l-section wpb_row height_small\"><div class=\"l-section-h i-cf\"><div class=\"g-cols vc_row via_flex valign_top type_default stacking_default\"><div class=\"vc_col-sm-6 wpb_column vc_column_container\"><div class=\"vc_column-inner\"><div class=\"wpb_wrapper\"><div class=\"w-iconbox iconpos_left style_default color_primary align_left icontype_img\"><a href=\"https:\/\/extranet.apf-france.com\/\" class=\"w-iconbox-link\" aria-label=\"Grille de remises\"><div class=\"w-iconbox-icon\" style=\"font-size:75px;\"><img width=\"75\" height=\"75\" src=\"https:\/\/liner-couverture-equipement-piscine.fr\/wp-content\/uploads\/2019\/05\/remises.png\" class=\"attachment-full size-full\" alt=\"\" decoding=\"async\" loading=\"lazy\" \/><\/div><\/a><div class=\"w-iconbox-meta\"><a href=\"https:\/\/extranet.apf-france.com\/\" class=\"w-iconbox-link\" aria-label=\"Grille de remises\"><h4 class=\"w-iconbox-title\">Grille de remises<\/h4><\/a><div class=\"w-iconbox-text\"><p style=\"text-align: justify;\">Vos conditions tarifaires sont disponibles sous format pdf dans votre espace personnalis\u00e9.<\/p>\n<\/div><\/div><\/div><\/div><\/div><\/div><\/div><\/div><\/section><section class=\"l-section wpb_row height_small\"><div class=\"l-section-h i-cf\"><div class=\"g-cols vc_row via_flex valign_top type_default stacking_default\"><div class=\"vc_col-sm-12 wpb_column vc_column_container\"><div class=\"vc_column-inner\"><div class=\"wpb_wrapper\">[vc_custom_heading text=\u00a0\u00bbLes aides \u00e0 la ventes\u00a0\u00bb font_container=\u00a0\u00bbtag:h2|font_size:24|text_align:left|color:%230067ac\u00a0\u00bb google_fonts=\u00a0\u00bbfont_family:Rambla%3Aregular%2Citalic%2C700%2C700italic|font_style:400%20regular%3A400%3Anormal\u00a0\u00bb css=\u00a0\u00bb%7B%22default%22%3A%7B%22color%22%3A%22%230067ac%22%2C%22font-size%22%3A%2224%22%7D%7D\u00a0\u00bb]<div class=\"w-separator size_custom with_line width_default thick_1 style_solid color_border align_center\" style=\"height:2px\"><div class=\"w-separator-h\"><\/div><\/div><\/div><\/div><\/div><\/div><\/div><\/section><section class=\"l-section wpb_row height_auto\"><div class=\"l-section-h i-cf\"><div class=\"g-cols vc_row via_flex valign_top type_default stacking_default\"><div class=\"vc_col-sm-6 wpb_column vc_column_container\"><div class=\"vc_column-inner\"><div class=\"wpb_wrapper\"><div class=\"w-iconbox iconpos_left style_default color_primary align_left icontype_img\"><div class=\"w-iconbox-icon\" style=\"font-size:75px;\"><img width=\"75\" height=\"75\" src=\"https:\/\/liner-couverture-equipement-piscine.fr\/wp-content\/uploads\/2019\/05\/documentation.png\" class=\"attachment-full size-full\" alt=\"\" decoding=\"async\" loading=\"lazy\" \/><\/div><div class=\"w-iconbox-meta\"><h4 class=\"w-iconbox-title\">Documentations<\/h4><div class=\"w-iconbox-text\"><p>Toute la documentation commerciale et technique t\u00e9l\u00e9chargeable au format pdf pour vous permettre de la joindre \u00e0 vos devis.<\/p>\n<p>Vous pouvez commander en ligne la version imprim\u00e9e en haute qualit\u00e9 \u00e0 remettre \u00e0 vos clients.<\/p>\n<\/div><\/div><\/div><\/div><\/div><\/div><div class=\"vc_col-sm-6 wpb_column vc_column_container\"><div class=\"vc_column-inner\"><div class=\"wpb_wrapper\"><div class=\"w-iconbox iconpos_left style_default color_primary align_left icontype_img\"><div class=\"w-iconbox-icon\" style=\"font-size:75px;\"><img width=\"75\" height=\"75\" src=\"https:\/\/liner-couverture-equipement-piscine.fr\/wp-content\/uploads\/2019\/05\/commande-docs.png\" class=\"attachment-full size-full\" alt=\"\" decoding=\"async\" loading=\"lazy\" \/><\/div><div class=\"w-iconbox-meta\"><h4 class=\"w-iconbox-title\">Nuanciers &amp; PLV<\/h4><div class=\"w-iconbox-text\"><p>Des \u00e9chantillons petits formats, pratiques \u00e0 manipuler pour choisir la couleur et la mati\u00e8re du rev\u00eatement ou de la couverture souhait\u00e9s.<\/p>\n<p>Des totems et comptoirs de pr\u00e9sentation afin de sc\u00e9nariser vos espaces de vente et mettre en valeur les produits APF.<\/p>\n<\/div><\/div><\/div><\/div><\/div><\/div><\/div><\/div><\/section><section class=\"l-section wpb_row height_small\"><div class=\"l-section-h i-cf\"><div class=\"g-cols vc_row via_flex valign_top type_default stacking_default\"><div class=\"vc_col-sm-6 wpb_column vc_column_container\"><div class=\"vc_column-inner\"><div class=\"wpb_wrapper\"><div class=\"w-iconbox iconpos_left style_default color_primary align_left icontype_img\"><div class=\"w-iconbox-icon\" style=\"font-size:75px;\"><img width=\"75\" height=\"75\" src=\"https:\/\/liner-couverture-equipement-piscine.fr\/wp-content\/uploads\/2019\/05\/phototheque.png\" class=\"attachment-full size-full\" alt=\"\" decoding=\"async\" loading=\"lazy\" \/><\/div><div class=\"w-iconbox-meta\"><h4 class=\"w-iconbox-title\">Phototh\u00e8que<\/h4><div class=\"w-iconbox-text\"><p>Une galerie de photos de libres de droits de r\u00e9alisations de chantiers de piscines compos\u00e9s de produits APF est \u00e0 votre disposition pour illustrer vos diff\u00e9rents supports de communication.<\/p>\n<\/div><\/div><\/div><\/div><\/div><\/div><div class=\"vc_col-sm-6 wpb_column vc_column_container\"><div class=\"vc_column-inner\"><div class=\"wpb_wrapper\"><div class=\"w-iconbox iconpos_left style_default color_primary align_left icontype_img\"><div class=\"w-iconbox-icon\" style=\"font-size:75px;\"><img width=\"75\" height=\"75\" src=\"https:\/\/liner-couverture-equipement-piscine.fr\/wp-content\/uploads\/2019\/05\/videotheque.png\" class=\"attachment-full size-full\" alt=\"\" decoding=\"async\" loading=\"lazy\" \/><\/div><div class=\"w-iconbox-meta\"><h4 class=\"w-iconbox-title\">Vid\u00e9oth\u00e8que<\/h4><div class=\"w-iconbox-text\"><p>Nous avons r\u00e9alis\u00e9 des vid\u00e9os de fabrication et d&rsquo;installation afin de vous permettre d&rsquo;animer votre magasin. Des tutoriaux techniques sont \u00e9galement disponibles pour aider les techniciens sur les chantiers. ces vid\u00e9os sont disponibles sur <a href=\"https:\/\/www.youtube.com\/channel\/UCx6TWntSEV7St9WbOwPwQaQ\" target=\"_blank\" rel=\"noopener noreferrer\">notre cha\u00eene Youtube<\/a>.<\/p>\n<\/div><\/div><\/div><\/div><\/div><\/div><\/div><\/div><\/section><section class=\"l-section wpb_row height_small\"><div class=\"l-section-h i-cf\"><div class=\"g-cols vc_row via_flex valign_top type_default stacking_default\"><div class=\"vc_col-sm-12 wpb_column vc_column_container\"><div class=\"vc_column-inner\"><div class=\"wpb_wrapper\"><\/div><\/div><\/div><\/div><\/div><\/section>\n","protected":false},"excerpt":{"rendered":"[vc_custom_heading text=\"Nos outils \u00e0 destination des professionnels pisciniers\" font_container=\"tag:h1|font_size:40|text_align:left|color:%230067ac\" google_fonts=\"font_family:Rambla%3Aregular%2Citalic%2C700%2C700italic|font_style:400%20regular%3A400%3Anormal\" css=\"%7B%22default%22%3A%7B%22color%22%3A%22%230067ac%22%2C%22font-size%22%3A%2240%22%7D%7D\"]APF Pool Design accompagne ses clients dans la vente de ses \u00e9quipements pour piscine en leur simplifiant leurs \u00e9changes avec nos diff\u00e9rents services et en leur apportant les outils n\u00e9cessaires pour animer leur show-room. [vc_custom_heading text=\"L'espace extranet\" font_container=\"tag:h2|font_size:24|text_align:left|color:%230067ac\" google_fonts=\"font_family:Rambla%3Aregular%2Citalic%2C700%2C700italic|font_style:400%20regular%3A400%3Anormal\" link=\"url:https%3A%2F%2Fextranet.apf-france.com%2F||target:%20_blank|\" css=\"%7B%22default%22%3A%7B%22color%22%3A%22%230067ac%22%2C%22font-size%22%3A%2224%22%7D%7D\"]D\u00e9lais de fabricationNos d\u00e9lais de...","protected":false},"author":1,"featured_media":0,"parent":6881,"menu_order":45,"comment_status":"closed","ping_status":"closed","template":"","meta":{"footnotes":""},"yoast_head":"<!-- This site is optimized with the Yoast SEO plugin v19.11 - https:\/\/yoast.com\/wordpress\/plugins\/seo\/ -->\n<title>APF - Nos outils web et d&#039;aide \u00e0 la vente pour les professionnels pisciniers<\/title>\n<meta name=\"description\" content=\"APF accompagne ses clients dans la vente de ses \u00e9quipements pour piscine et leur apporte les outils n\u00e9cessaires pour animer leur show-room.\" \/>\n<meta name=\"robots\" content=\"index, follow, max-snippet:-1, max-image-preview:large, max-video-preview:-1\" \/>\n<link rel=\"canonical\" href=\"https:\/\/liner-couverture-equipement-piscine.fr\/index.php\/services-clients\/outils-web-pro\/\" \/>\n<meta property=\"og:locale\" content=\"fr_FR\" \/>\n<meta property=\"og:type\" content=\"article\" \/>\n<meta property=\"og:title\" content=\"APF - Nos outils web et d&#039;aide \u00e0 la vente pour les professionnels pisciniers\" \/>\n<meta property=\"og:description\" content=\"APF accompagne ses clients dans la vente de ses \u00e9quipements pour piscine et leur apporte les outils n\u00e9cessaires pour animer leur show-room.\" \/>\n<meta property=\"og:url\" content=\"https:\/\/liner-couverture-equipement-piscine.fr\/index.php\/services-clients\/outils-web-pro\/\" \/>\n<meta property=\"og:site_name\" content=\"APF Pool Design\" \/>\n<meta property=\"article:publisher\" content=\"https:\/\/www.facebook.com\/apf.piscines\/\" \/>\n<meta property=\"article:modified_time\" content=\"2023-05-04T15:41:47+00:00\" \/>\n<meta property=\"og:image\" content=\"https:\/\/liner-couverture-equipement-piscine.fr\/wp-content\/uploads\/2019\/05\/APF-favicon-512.jpg\" \/>\n\t<meta property=\"og:image:width\" content=\"512\" \/>\n\t<meta property=\"og:image:height\" content=\"512\" \/>\n\t<meta property=\"og:image:type\" content=\"image\/jpeg\" \/>\n<meta name=\"twitter:card\" content=\"summary_large_image\" \/>\n<meta name=\"twitter:site\" content=\"@ANNONAY_PROD_FR\" \/>\n<meta name=\"twitter:label1\" content=\"Dur\u00e9e de lecture estim\u00e9e\" \/>\n\t<meta name=\"twitter:data1\" content=\"2 minutes\" \/>\n<script type=\"application\/ld+json\" class=\"yoast-schema-graph\">{\"@context\":\"https:\/\/schema.org\",\"@graph\":[{\"@type\":\"WebPage\",\"@id\":\"https:\/\/liner-couverture-equipement-piscine.fr\/index.php\/services-clients\/outils-web-pro\/\",\"url\":\"https:\/\/liner-couverture-equipement-piscine.fr\/index.php\/services-clients\/outils-web-pro\/\",\"name\":\"APF - Nos outils web et d'aide \u00e0 la vente pour les professionnels pisciniers\",\"isPartOf\":{\"@id\":\"https:\/\/liner-couverture-equipement-piscine.fr\/#website\"},\"datePublished\":\"2019-05-09T10:39:15+00:00\",\"dateModified\":\"2023-05-04T15:41:47+00:00\",\"description\":\"APF accompagne ses clients dans la vente de ses \u00e9quipements pour piscine et leur apporte les outils n\u00e9cessaires pour animer leur show-room.\",\"breadcrumb\":{\"@id\":\"https:\/\/liner-couverture-equipement-piscine.fr\/index.php\/services-clients\/outils-web-pro\/#breadcrumb\"},\"inLanguage\":\"fr-FR\",\"potentialAction\":[{\"@type\":\"ReadAction\",\"target\":[\"https:\/\/liner-couverture-equipement-piscine.fr\/index.php\/services-clients\/outils-web-pro\/\"]}]},{\"@type\":\"BreadcrumbList\",\"@id\":\"https:\/\/liner-couverture-equipement-piscine.fr\/index.php\/services-clients\/outils-web-pro\/#breadcrumb\",\"itemListElement\":[{\"@type\":\"ListItem\",\"position\":1,\"name\":\"Accueil\",\"item\":\"https:\/\/liner-couverture-equipement-piscine.fr\/\"},{\"@type\":\"ListItem\",\"position\":2,\"name\":\"Nos services clients\",\"item\":\"https:\/\/liner-couverture-equipement-piscine.fr\/index.php\/services-clients\/\"},{\"@type\":\"ListItem\",\"position\":3,\"name\":\"Nos outils web\"}]},{\"@type\":\"WebSite\",\"@id\":\"https:\/\/liner-couverture-equipement-piscine.fr\/#website\",\"url\":\"https:\/\/liner-couverture-equipement-piscine.fr\/\",\"name\":\"APF\",\"description\":\"La signature du sur-mesure\",\"publisher\":{\"@id\":\"https:\/\/liner-couverture-equipement-piscine.fr\/#organization\"},\"potentialAction\":[{\"@type\":\"SearchAction\",\"target\":{\"@type\":\"EntryPoint\",\"urlTemplate\":\"https:\/\/liner-couverture-equipement-piscine.fr\/?s={search_term_string}\"},\"query-input\":\"required name=search_term_string\"}],\"inLanguage\":\"fr-FR\"},{\"@type\":\"Organization\",\"@id\":\"https:\/\/liner-couverture-equipement-piscine.fr\/#organization\",\"name\":\"APF\",\"url\":\"https:\/\/liner-couverture-equipement-piscine.fr\/\",\"logo\":{\"@type\":\"ImageObject\",\"inLanguage\":\"fr-FR\",\"@id\":\"https:\/\/liner-couverture-equipement-piscine.fr\/#\/schema\/logo\/image\/\",\"url\":\"http:\/\/liner-couverture-equipement-piscine.fr\/wp-content\/uploads\/2019\/05\/APF-favicon-512.jpg\",\"contentUrl\":\"http:\/\/liner-couverture-equipement-piscine.fr\/wp-content\/uploads\/2019\/05\/APF-favicon-512.jpg\",\"width\":512,\"height\":512,\"caption\":\"APF\"},\"image\":{\"@id\":\"https:\/\/liner-couverture-equipement-piscine.fr\/#\/schema\/logo\/image\/\"},\"sameAs\":[\"https:\/\/www.instagram.com\/apf-piscines\/\",\"https:\/\/www.linkedin\/com\/company-beta\/10798819\",\"https:\/\/www.pinterest.fr\/apfpiscines\/\",\"https:\/\/www.youtube.com\/channel\/UCx6TWntSEV7St9WbOwPwQaQ\",\"https:\/\/www.facebook.com\/apf.piscines\/\",\"https:\/\/twitter.com\/ANNONAY_PROD_FR\"]}]}<\/script>\n<!-- \/ Yoast SEO plugin. -->","yoast_head_json":{"title":"APF - Nos outils web et d'aide \u00e0 la vente pour les professionnels pisciniers","description":"APF accompagne ses clients dans la vente de ses \u00e9quipements pour piscine et leur apporte les outils n\u00e9cessaires pour animer leur show-room.","robots":{"index":"index","follow":"follow","max-snippet":"max-snippet:-1","max-image-preview":"max-image-preview:large","max-video-preview":"max-video-preview:-1"},"canonical":"https:\/\/liner-couverture-equipement-piscine.fr\/index.php\/services-clients\/outils-web-pro\/","og_locale":"fr_FR","og_type":"article","og_title":"APF - Nos outils web et d'aide \u00e0 la vente pour les professionnels pisciniers","og_description":"APF accompagne ses clients dans la vente de ses \u00e9quipements pour piscine et leur apporte les outils n\u00e9cessaires pour animer leur show-room.","og_url":"https:\/\/liner-couverture-equipement-piscine.fr\/index.php\/services-clients\/outils-web-pro\/","og_site_name":"APF Pool Design","article_publisher":"https:\/\/www.facebook.com\/apf.piscines\/","article_modified_time":"2023-05-04T15:41:47+00:00","og_image":[{"width":512,"height":512,"url":"https:\/\/liner-couverture-equipement-piscine.fr\/wp-content\/uploads\/2019\/05\/APF-favicon-512.jpg","type":"image\/jpeg"}],"twitter_card":"summary_large_image","twitter_site":"@ANNONAY_PROD_FR","twitter_misc":{"Dur\u00e9e de lecture estim\u00e9e":"2 minutes"},"schema":{"@context":"https:\/\/schema.org","@graph":[{"@type":"WebPage","@id":"https:\/\/liner-couverture-equipement-piscine.fr\/index.php\/services-clients\/outils-web-pro\/","url":"https:\/\/liner-couverture-equipement-piscine.fr\/index.php\/services-clients\/outils-web-pro\/","name":"APF - Nos outils web et d'aide \u00e0 la vente pour les professionnels pisciniers","isPartOf":{"@id":"https:\/\/liner-couverture-equipement-piscine.fr\/#website"},"datePublished":"2019-05-09T10:39:15+00:00","dateModified":"2023-05-04T15:41:47+00:00","description":"APF accompagne ses clients dans la vente de ses \u00e9quipements pour piscine et leur apporte les outils n\u00e9cessaires pour animer leur show-room.","breadcrumb":{"@id":"https:\/\/liner-couverture-equipement-piscine.fr\/index.php\/services-clients\/outils-web-pro\/#breadcrumb"},"inLanguage":"fr-FR","potentialAction":[{"@type":"ReadAction","target":["https:\/\/liner-couverture-equipement-piscine.fr\/index.php\/services-clients\/outils-web-pro\/"]}]},{"@type":"BreadcrumbList","@id":"https:\/\/liner-couverture-equipement-piscine.fr\/index.php\/services-clients\/outils-web-pro\/#breadcrumb","itemListElement":[{"@type":"ListItem","position":1,"name":"Accueil","item":"https:\/\/liner-couverture-equipement-piscine.fr\/"},{"@type":"ListItem","position":2,"name":"Nos services clients","item":"https:\/\/liner-couverture-equipement-piscine.fr\/index.php\/services-clients\/"},{"@type":"ListItem","position":3,"name":"Nos outils web"}]},{"@type":"WebSite","@id":"https:\/\/liner-couverture-equipement-piscine.fr\/#website","url":"https:\/\/liner-couverture-equipement-piscine.fr\/","name":"APF","description":"La signature du sur-mesure","publisher":{"@id":"https:\/\/liner-couverture-equipement-piscine.fr\/#organization"},"potentialAction":[{"@type":"SearchAction","target":{"@type":"EntryPoint","urlTemplate":"https:\/\/liner-couverture-equipement-piscine.fr\/?s={search_term_string}"},"query-input":"required name=search_term_string"}],"inLanguage":"fr-FR"},{"@type":"Organization","@id":"https:\/\/liner-couverture-equipement-piscine.fr\/#organization","name":"APF","url":"https:\/\/liner-couverture-equipement-piscine.fr\/","logo":{"@type":"ImageObject","inLanguage":"fr-FR","@id":"https:\/\/liner-couverture-equipement-piscine.fr\/#\/schema\/logo\/image\/","url":"http:\/\/liner-couverture-equipement-piscine.fr\/wp-content\/uploads\/2019\/05\/APF-favicon-512.jpg","contentUrl":"http:\/\/liner-couverture-equipement-piscine.fr\/wp-content\/uploads\/2019\/05\/APF-favicon-512.jpg","width":512,"height":512,"caption":"APF"},"image":{"@id":"https:\/\/liner-couverture-equipement-piscine.fr\/#\/schema\/logo\/image\/"},"sameAs":["https:\/\/www.instagram.com\/apf-piscines\/","https:\/\/www.linkedin\/com\/company-beta\/10798819","https:\/\/www.pinterest.fr\/apfpiscines\/","https:\/\/www.youtube.com\/channel\/UCx6TWntSEV7St9WbOwPwQaQ","https:\/\/www.facebook.com\/apf.piscines\/","https:\/\/twitter.com\/ANNONAY_PROD_FR"]}]}},"_links":{"self":[{"href":"https:\/\/liner-couverture-equipement-piscine.fr\/index.php\/wp-json\/wp\/v2\/pages\/7066"}],"collection":[{"href":"https:\/\/liner-couverture-equipement-piscine.fr\/index.php\/wp-json\/wp\/v2\/pages"}],"about":[{"href":"https:\/\/liner-couverture-equipement-piscine.fr\/index.php\/wp-json\/wp\/v2\/types\/page"}],"author":[{"embeddable":true,"href":"https:\/\/liner-couverture-equipement-piscine.fr\/index.php\/wp-json\/wp\/v2\/users\/1"}],"replies":[{"embeddable":true,"href":"https:\/\/liner-couverture-equipement-piscine.fr\/index.php\/wp-json\/wp\/v2\/comments?post=7066"}],"version-history":[{"count":15,"href":"https:\/\/liner-couverture-equipement-piscine.fr\/index.php\/wp-json\/wp\/v2\/pages\/7066\/revisions"}],"predecessor-version":[{"id":35440,"href":"https:\/\/liner-couverture-equipement-piscine.fr\/index.php\/wp-json\/wp\/v2\/pages\/7066\/revisions\/35440"}],"up":[{"embeddable":true,"href":"https:\/\/liner-couverture-equipement-piscine.fr\/index.php\/wp-json\/wp\/v2\/pages\/6881"}],"wp:attachment":[{"href":"https:\/\/liner-couverture-equipement-piscine.fr\/index.php\/wp-json\/wp\/v2\/media?parent=7066"}],"curies":[{"name":"wp","href":"https:\/\/api.w.org\/{rel}","templated":true}]}}