{"id":8712,"date":"2019-05-09T16:42:50","date_gmt":"2019-05-09T14:42:50","guid":{"rendered":"http:\/\/liner-couverture-equipement-piscine.fr\/?page_id=8712"},"modified":"2020-05-04T15:49:13","modified_gmt":"2020-05-04T13:49:13","slug":"news","status":"publish","type":"page","link":"https:\/\/liner-couverture-equipement-piscine.fr\/index.php\/actus\/news\/","title":{"rendered":"Nouveaut\u00e9s"},"content":{"rendered":"<section class=\"l-section wpb_row height_small\"><div class=\"l-section-h i-cf\"><div class=\"g-cols vc_row via_flex valign_top type_default stacking_default\"><div class=\"vc_col-sm-12 wpb_column vc_column_container\"><div class=\"vc_column-inner\"><div class=\"wpb_wrapper\"><div class=\"g-cols wpb_row via_flex valign_middle type_default stacking_default\"><div class=\"vc_col-sm-12 wpb_column vc_column_container\"><div class=\"vc_column-inner\"><div class=\"wpb_wrapper\">[vc_custom_heading text=\u00a0\u00bbNouveaut\u00e9s\u00a0\u00bb font_container=\u00a0\u00bbtag:h1|font_size:40px|text_align:left|color:%230067ac|line_height:1&Prime; use_theme_fonts=\u00a0\u00bbyes\u00a0\u00bb css=\u00a0\u00bb%7B%22default%22%3A%7B%22color%22%3A%22%230067ac%22%2C%22font-size%22%3A%2240px%22%2C%22line-height%22%3A%221%22%7D%7D\u00a0\u00bb]<\/div><\/div><\/div><\/div><div class=\"w-separator size_small\"><\/div><div class=\"w-grid type_grid layout_blog_14 with_pagination\" id=\"us_grid_1\" data-filterable=\"true\"><style>#us_grid_1 .w-grid-item:not(:last-child){margin-bottom:3rem}#us_grid_1 .g-loadmore{margin-top:3rem}.layout_blog_14 .w-grid-item-h{}@media(max-width:479px){.layout_blog_14 .usg_post_image_1{display:none!important}}.layout_blog_14 .usg_hwrapper_1{color:var(--color-content-text)!important;margin-left:10%!important;padding-top:6%!important;padding-bottom:6%!important;background:var(--color-content-bg-alt)!important}.layout_blog_14 .usg_post_image_1{width:50%!important;margin-left:-11%!important;margin-right:0!important}.layout_blog_14 .usg_vwrapper_1{width:48%!important;margin-left:7%!important}.layout_blog_14 .usg_post_date_1{font-size:0.9rem!important}.layout_blog_14 .usg_post_title_1{font-weight:700!important;line-height:1.2!important}.layout_blog_14 .usg_post_content_1{font-size:0.9rem!important}@media (max-width:600px){.layout_blog_14 .usg_hwrapper_1{margin-left:0!important;margin-right:0!important;padding-top:0!important;padding-bottom:0!important}.layout_blog_14 .usg_post_image_1{width:100%!important;margin-left:0!important;margin-right:0!important}.layout_blog_14 .usg_vwrapper_1{width:86%!important;margin:5% 7% 7% 7%!important}}<\/style><div class=\"w-grid-list\">\t<article class=\"w-grid-item size_1x1 post-35596 post type-post status-publish format-standard has-post-thumbnail hentry category-nouveautes\" data-id=\"35596\">\r\n\t\t<div class=\"w-grid-item-h\">\r\n\t\t\t\t\t\t<div class=\"w-hwrapper usg_hwrapper_1 has_text_color align_none valign_center wrap\"><div class=\"w-post-elm post_image usg_post_image_1 has_width stretched\"><a href=\"https:\/\/liner-couverture-equipement-piscine.fr\/index.php\/2023\/06\/06\/partenariat-antony-tommasone-apf\/\" aria-label=\"Partenariat Antony Tommasone\"><img width=\"1920\" height=\"2560\" src=\"https:\/\/liner-couverture-equipement-piscine.fr\/wp-content\/uploads\/2023\/06\/APF_TOMMASONE_MOF2019-scaled.jpg\" class=\"attachment-full size-full wp-post-image\" alt=\"\" decoding=\"async\" srcset=\"https:\/\/liner-couverture-equipement-piscine.fr\/wp-content\/uploads\/2023\/06\/APF_TOMMASONE_MOF2019-scaled.jpg 1920w, https:\/\/liner-couverture-equipement-piscine.fr\/wp-content\/uploads\/2023\/06\/APF_TOMMASONE_MOF2019-300x400.jpg 300w, https:\/\/liner-couverture-equipement-piscine.fr\/wp-content\/uploads\/2023\/06\/APF_TOMMASONE_MOF2019-768x1024.jpg 768w\" sizes=\"(max-width: 1920px) 100vw, 1920px\" \/><\/a><\/div><div class=\"w-vwrapper usg_vwrapper_1 align_none valign_top\"><time class=\"w-post-elm post_date usg_post_date_1 entry-date published\" datetime=\"2023-06-06T17:05:14+02:00\" title=\"6 juin 2023 \u00e0 17:05:14 Europe\/Paris\">il y a 3 ans<\/time><h2 class=\"w-post-elm post_title usg_post_title_1 entry-title color_link_inherit\"><a href=\"https:\/\/liner-couverture-equipement-piscine.fr\/index.php\/2023\/06\/06\/partenariat-antony-tommasone-apf\/\">Partenariat Antony Tommasone<\/a><\/h2><div class=\"w-post-elm post_content usg_post_content_1\">APF Pool Design s&rsquo;associe avec Antony Tommasone, Meilleur Ouvrier de France Piscine 2019.\u00a0 Son expertise et son savoir-faire sont pour nous un gage de qualit\u00e9 important. Son engagement aupr\u00e8s d&rsquo;APF\u2026<\/div><\/div><\/div>\t\t<\/div>\r\n\t<\/article>\r\n\t<article class=\"w-grid-item size_1x1 post-35278 post type-post status-publish format-standard has-post-thumbnail hentry category-nouveautes\" data-id=\"35278\">\r\n\t\t<div class=\"w-grid-item-h\">\r\n\t\t\t\t\t\t<div class=\"w-hwrapper usg_hwrapper_1 has_text_color align_none valign_center wrap\"><div class=\"w-post-elm post_image usg_post_image_1 has_width stretched\"><a href=\"https:\/\/liner-couverture-equipement-piscine.fr\/index.php\/2023\/04\/20\/couvrir-cest-reduire\/\" aria-label=\"Couvrir, c&rsquo;est r\u00e9duire\"><img width=\"1667\" height=\"431\" src=\"https:\/\/liner-couverture-equipement-piscine.fr\/wp-content\/uploads\/2023\/04\/BanniereCouvrircestreduire_APF_Avril2023.jpg\" class=\"attachment-full size-full wp-post-image\" alt=\"\" decoding=\"async\" srcset=\"https:\/\/liner-couverture-equipement-piscine.fr\/wp-content\/uploads\/2023\/04\/BanniereCouvrircestreduire_APF_Avril2023.jpg 1667w, https:\/\/liner-couverture-equipement-piscine.fr\/wp-content\/uploads\/2023\/04\/BanniereCouvrircestreduire_APF_Avril2023-300x78.jpg 300w, https:\/\/liner-couverture-equipement-piscine.fr\/wp-content\/uploads\/2023\/04\/BanniereCouvrircestreduire_APF_Avril2023-1024x265.jpg 1024w\" sizes=\"(max-width: 1667px) 100vw, 1667px\" \/><\/a><\/div><div class=\"w-vwrapper usg_vwrapper_1 align_none valign_top\"><time class=\"w-post-elm post_date usg_post_date_1 entry-date published\" datetime=\"2023-04-20T14:58:55+02:00\" title=\"20 avril 2023 \u00e0 14:58:55 Europe\/Paris\">il y a 3 ans<\/time><h2 class=\"w-post-elm post_title usg_post_title_1 entry-title color_link_inherit\"><a href=\"https:\/\/liner-couverture-equipement-piscine.fr\/index.php\/2023\/04\/20\/couvrir-cest-reduire\/\">Couvrir, c&rsquo;est r\u00e9duire<\/a><\/h2><div class=\"w-post-elm post_content usg_post_content_1\">L\u2019\u00e9t\u00e9 arrive \u00e0 grands pas, accompagn\u00e9 de p\u00e9riodes de grosses chaleurs toujours plus longues et importantes. Le niveau d\u2019eau des piscines va ainsi se r\u00e9duire de fa\u00e7on notable \u00e0 cause\u2026<\/div><\/div><\/div>\t\t<\/div>\r\n\t<\/article>\r\n\t<article class=\"w-grid-item size_1x1 post-35196 post type-post status-publish format-standard has-post-thumbnail hentry category-nouveautes\" data-id=\"35196\">\r\n\t\t<div class=\"w-grid-item-h\">\r\n\t\t\t\t\t\t<div class=\"w-hwrapper usg_hwrapper_1 has_text_color align_none valign_center wrap\"><div class=\"w-post-elm post_image usg_post_image_1 has_width stretched\"><a href=\"https:\/\/liner-couverture-equipement-piscine.fr\/index.php\/2023\/03\/20\/zoom-sur-liscoot-700\/\" aria-label=\"Zoom sur l&rsquo;iScoot 700\"><img width=\"2560\" height=\"1707\" src=\"https:\/\/liner-couverture-equipement-piscine.fr\/wp-content\/uploads\/2023\/03\/IMG_5788-scaled.jpg\" class=\"attachment-full size-full wp-post-image\" alt=\"APF_iScoot700\" decoding=\"async\" srcset=\"https:\/\/liner-couverture-equipement-piscine.fr\/wp-content\/uploads\/2023\/03\/IMG_5788-scaled.jpg 2560w, https:\/\/liner-couverture-equipement-piscine.fr\/wp-content\/uploads\/2023\/03\/IMG_5788-300x200.jpg 300w, https:\/\/liner-couverture-equipement-piscine.fr\/wp-content\/uploads\/2023\/03\/IMG_5788-1024x683.jpg 1024w\" sizes=\"(max-width: 2560px) 100vw, 2560px\" \/><\/a><\/div><div class=\"w-vwrapper usg_vwrapper_1 align_none valign_top\"><time class=\"w-post-elm post_date usg_post_date_1 entry-date published\" datetime=\"2023-03-20T10:09:28+01:00\" title=\"20 mars 2023 \u00e0 10:09:28 Europe\/Paris\">il y a 3 ans<\/time><h2 class=\"w-post-elm post_title usg_post_title_1 entry-title color_link_inherit\"><a href=\"https:\/\/liner-couverture-equipement-piscine.fr\/index.php\/2023\/03\/20\/zoom-sur-liscoot-700\/\">Zoom sur l&rsquo;iScoot 700<\/a><\/h2><div class=\"w-post-elm post_content usg_post_content_1\">APF Pool Design pr\u00e9sente iScoot 700, son nouvel enrouleur motoris\u00e9 pour couvertures \u00e0 barres. Parmi les nombreux avantages de l\u2019iScoot 700, on retrouve : Sa facilit\u00e9 d\u2019usage : l\u2019enrouleur fonctionne\u2026<\/div><\/div><\/div>\t\t<\/div>\r\n\t<\/article>\r\n\t<article class=\"w-grid-item size_1x1 post-33945 post type-post status-publish format-standard has-post-thumbnail hentry category-nouveautes\" data-id=\"33945\">\r\n\t\t<div class=\"w-grid-item-h\">\r\n\t\t\t\t\t\t<div class=\"w-hwrapper usg_hwrapper_1 has_text_color align_none valign_center wrap\"><div class=\"w-post-elm post_image usg_post_image_1 has_width stretched\"><a href=\"https:\/\/liner-couverture-equipement-piscine.fr\/index.php\/2021\/06\/01\/zoom-sur-la-pompe-de-filtration-s-pro-line\/\" aria-label=\"Zoom sur la pompe de filtration S.Pro Line\"><img width=\"360\" height=\"215\" src=\"https:\/\/liner-couverture-equipement-piscine.fr\/wp-content\/uploads\/2021\/06\/APF-Pompe-Sproline.png\" class=\"attachment-full size-full wp-post-image\" alt=\"\" decoding=\"async\" srcset=\"https:\/\/liner-couverture-equipement-piscine.fr\/wp-content\/uploads\/2021\/06\/APF-Pompe-Sproline.png 360w, https:\/\/liner-couverture-equipement-piscine.fr\/wp-content\/uploads\/2021\/06\/APF-Pompe-Sproline-300x179.png 300w\" sizes=\"(max-width: 360px) 100vw, 360px\" \/><\/a><\/div><div class=\"w-vwrapper usg_vwrapper_1 align_none valign_top\"><time class=\"w-post-elm post_date usg_post_date_1 entry-date published\" datetime=\"2021-06-01T10:14:04+02:00\" title=\"1 juin 2021 \u00e0 10:14:04 Europe\/Paris\">il y a 5 ans<\/time><h2 class=\"w-post-elm post_title usg_post_title_1 entry-title color_link_inherit\"><a href=\"https:\/\/liner-couverture-equipement-piscine.fr\/index.php\/2021\/06\/01\/zoom-sur-la-pompe-de-filtration-s-pro-line\/\">Zoom sur la pompe de filtration S.Pro Line<\/a><\/h2><div class=\"w-post-elm post_content usg_post_content_1\">D\u00e9couvrez la toute nouvelle pompe pour piscine S.Pro Line Made in APF ! Ses avantages\u00a0 ? Long\u00e9vit\u00e9 : avec son moteur garanti 5 ans et prot\u00e9g\u00e9 contre l&rsquo;humidit\u00e9, les vibrations\u2026<\/div><\/div><\/div>\t\t<\/div>\r\n\t<\/article>\r\n\t<article class=\"w-grid-item size_1x1 post-33644 post type-post status-publish format-standard has-post-thumbnail hentry category-nouveautes\" data-id=\"33644\">\r\n\t\t<div class=\"w-grid-item-h\">\r\n\t\t\t\t\t\t<div class=\"w-hwrapper usg_hwrapper_1 has_text_color align_none valign_center wrap\"><div class=\"w-post-elm post_image usg_post_image_1 has_width stretched\"><a href=\"https:\/\/liner-couverture-equipement-piscine.fr\/index.php\/2021\/02\/23\/apf-leve-15-millions-pour-muscler-son-outil-industriel\/\" aria-label=\"APF l\u00e8ve 15 millions pour muscler son outil industriel\"><img width=\"600\" height=\"288\" src=\"https:\/\/liner-couverture-equipement-piscine.fr\/wp-content\/uploads\/2021\/02\/apf-levee-de-fonds.jpg\" class=\"attachment-full size-full wp-post-image\" alt=\"\" decoding=\"async\" srcset=\"https:\/\/liner-couverture-equipement-piscine.fr\/wp-content\/uploads\/2021\/02\/apf-levee-de-fonds.jpg 600w, https:\/\/liner-couverture-equipement-piscine.fr\/wp-content\/uploads\/2021\/02\/apf-levee-de-fonds-300x144.jpg 300w\" sizes=\"(max-width: 600px) 100vw, 600px\" \/><\/a><\/div><div class=\"w-vwrapper usg_vwrapper_1 align_none valign_top\"><time class=\"w-post-elm post_date usg_post_date_1 entry-date published\" datetime=\"2021-02-23T18:17:54+01:00\" title=\"23 f\u00e9vrier 2021 \u00e0 18:17:54 Europe\/Paris\">il y a 5 ans<\/time><h2 class=\"w-post-elm post_title usg_post_title_1 entry-title color_link_inherit\"><a href=\"https:\/\/liner-couverture-equipement-piscine.fr\/index.php\/2021\/02\/23\/apf-leve-15-millions-pour-muscler-son-outil-industriel\/\">APF l\u00e8ve 15 millions pour muscler son outil industriel<\/a><\/h2><div class=\"w-post-elm post_content usg_post_content_1\">Six ans apr\u00e8s un premier rachat avec effet de levier (LBO) avec le fonds Omnes, Cl\u00e9ment Chapaton vient de signer un deuxi\u00e8me LBO, cette fois avec\u00a0iXO Private Equity\u00a0. Le pr\u00e9sident\u2026<\/div><\/div><\/div>\t\t<\/div>\r\n\t<\/article>\r\n<\/div><div class=\"w-grid-preloader\"><div class=\"g-preloader type_1\">\r\n\t<div><\/div>\r\n<\/div>\r\n<\/div>\t\t<nav class=\"pagination navigation\" role=\"navigation\">\r\n\t\t\t<div class=\"nav-links\">\r\n\t\t\t\t<span aria-current=\"page\" class=\"page-numbers current\"><span>1<\/span><\/span>\n<a class=\"page-numbers\" href=\"https:\/\/liner-couverture-equipement-piscine.fr\/index.php\/wp-json\/wp\/v2\/pages\/8712\/page\/2\/\"><span>2<\/span><\/a>\n<a class=\"next page-numbers\" href=\"https:\/\/liner-couverture-equipement-piscine.fr\/index.php\/wp-json\/wp\/v2\/pages\/8712\/page\/2\/\"><span>Suivant<\/span><\/a>\t\t\t<\/div>\r\n\t\t<\/nav>\r\n\t\t\t<div class=\"w-grid-json hidden\" onclick='return {&quot;action&quot;:&quot;us_ajax_grid&quot;,&quot;ajax_url&quot;:&quot;https:\\\/\\\/liner-couverture-equipement-piscine.fr\\\/wp-admin\\\/admin-ajax.php&quot;,&quot;infinite_scroll&quot;:0,&quot;max_num_pages&quot;:2,&quot;pagination&quot;:&quot;regular&quot;,&quot;permalink_url&quot;:&quot;https:\\\/\\\/liner-couverture-equipement-piscine.fr\\\/wp-json\\\/wp\\\/v2\\\/pages\\\/8712&quot;,&quot;template_vars&quot;:{&quot;columns&quot;:&quot;1&quot;,&quot;exclude_items&quot;:&quot;none&quot;,&quot;img_size&quot;:&quot;full&quot;,&quot;ignore_items_size&quot;:0,&quot;items_layout&quot;:&quot;blog_14&quot;,&quot;items_offset&quot;:&quot;1&quot;,&quot;load_animation&quot;:&quot;none&quot;,&quot;overriding_link&quot;:&quot;none&quot;,&quot;post_id&quot;:8712,&quot;query_args&quot;:{&quot;post_type&quot;:[&quot;post&quot;],&quot;tax_query&quot;:[{&quot;taxonomy&quot;:&quot;category&quot;,&quot;field&quot;:&quot;slug&quot;,&quot;terms&quot;:[&quot;nouveautes&quot;]}],&quot;post_status&quot;:[&quot;publish&quot;],&quot;posts_per_page&quot;:&quot;5&quot;},&quot;orderby_query_args&quot;:{&quot;orderby&quot;:{&quot;date&quot;:&quot;DESC&quot;}},&quot;type&quot;:&quot;grid&quot;,&quot;us_grid_ajax_index&quot;:1,&quot;us_grid_filter_params&quot;:null,&quot;us_grid_index&quot;:1,&quot;_us_grid_post_type&quot;:&quot;post&quot;}}'><\/div>\r\n\t<\/div><\/div><\/div><\/div><\/div><\/div><\/section>\n","protected":false},"excerpt":{"rendered":"Six ans apr\u00e8s un premier rachat avec effet de levier (LBO) avec le fonds Omnes, Cl\u00e9ment Chapaton vient de signer un deuxi\u00e8me LBO, cette fois avec\u00a0iXO Private Equity\u00a0. Le pr\u00e9sident du groupe ard\u00e9chois r\u00e9cup\u00e8re le contr\u00f4le d&rsquo;APF, qu&rsquo;il dirige depuis 2011, et l\u00e8ve au passage 15\u00a0millions d&rsquo;euros.\u00a0\u00ab\u00a0Nous sommes sur un fort rythme de croissance, qu&rsquo;il...","protected":false},"author":1,"featured_media":0,"parent":6883,"menu_order":48,"comment_status":"closed","ping_status":"closed","template":"","meta":{"footnotes":""},"yoast_head":"<!-- This site is optimized with the Yoast SEO plugin v19.11 - https:\/\/yoast.com\/wordpress\/plugins\/seo\/ -->\n<title>Nouveaut\u00e9s<\/title>\n<meta name=\"robots\" content=\"index, follow, max-snippet:-1, max-image-preview:large, max-video-preview:-1\" \/>\n<link rel=\"canonical\" href=\"https:\/\/liner-couverture-equipement-piscine.fr\/index.php\/actus\/news\/\" \/>\n<meta property=\"og:locale\" content=\"fr_FR\" \/>\n<meta property=\"og:type\" content=\"article\" \/>\n<meta property=\"og:title\" content=\"Nouveaut\u00e9s\" \/>\n<meta property=\"og:url\" content=\"https:\/\/liner-couverture-equipement-piscine.fr\/index.php\/actus\/news\/\" \/>\n<meta property=\"og:site_name\" content=\"APF Pool Design\" \/>\n<meta property=\"article:publisher\" content=\"https:\/\/www.facebook.com\/apf.piscines\/\" \/>\n<meta property=\"article:modified_time\" content=\"2020-05-04T13:49:13+00:00\" \/>\n<meta property=\"og:image\" content=\"https:\/\/liner-couverture-equipement-piscine.fr\/wp-content\/uploads\/2019\/05\/APF-favicon-512.jpg\" \/>\n\t<meta property=\"og:image:width\" content=\"512\" \/>\n\t<meta property=\"og:image:height\" content=\"512\" \/>\n\t<meta property=\"og:image:type\" content=\"image\/jpeg\" \/>\n<meta name=\"twitter:card\" content=\"summary_large_image\" \/>\n<meta name=\"twitter:site\" content=\"@ANNONAY_PROD_FR\" \/>\n<script type=\"application\/ld+json\" class=\"yoast-schema-graph\">{\"@context\":\"https:\/\/schema.org\",\"@graph\":[{\"@type\":\"WebPage\",\"@id\":\"https:\/\/liner-couverture-equipement-piscine.fr\/index.php\/actus\/news\/\",\"url\":\"https:\/\/liner-couverture-equipement-piscine.fr\/index.php\/actus\/news\/\",\"name\":\"Nouveaut\u00e9s\",\"isPartOf\":{\"@id\":\"https:\/\/liner-couverture-equipement-piscine.fr\/#website\"},\"datePublished\":\"2019-05-09T14:42:50+00:00\",\"dateModified\":\"2020-05-04T13:49:13+00:00\",\"breadcrumb\":{\"@id\":\"https:\/\/liner-couverture-equipement-piscine.fr\/index.php\/actus\/news\/#breadcrumb\"},\"inLanguage\":\"fr-FR\",\"potentialAction\":[{\"@type\":\"ReadAction\",\"target\":[\"https:\/\/liner-couverture-equipement-piscine.fr\/index.php\/actus\/news\/\"]}]},{\"@type\":\"BreadcrumbList\",\"@id\":\"https:\/\/liner-couverture-equipement-piscine.fr\/index.php\/actus\/news\/#breadcrumb\",\"itemListElement\":[{\"@type\":\"ListItem\",\"position\":1,\"name\":\"Accueil\",\"item\":\"https:\/\/liner-couverture-equipement-piscine.fr\/\"},{\"@type\":\"ListItem\",\"position\":2,\"name\":\"Actualit\u00e9s\",\"item\":\"https:\/\/liner-couverture-equipement-piscine.fr\/index.php\/actus\/\"},{\"@type\":\"ListItem\",\"position\":3,\"name\":\"Nouveaut\u00e9s\"}]},{\"@type\":\"WebSite\",\"@id\":\"https:\/\/liner-couverture-equipement-piscine.fr\/#website\",\"url\":\"https:\/\/liner-couverture-equipement-piscine.fr\/\",\"name\":\"APF\",\"description\":\"La signature du sur-mesure\",\"publisher\":{\"@id\":\"https:\/\/liner-couverture-equipement-piscine.fr\/#organization\"},\"potentialAction\":[{\"@type\":\"SearchAction\",\"target\":{\"@type\":\"EntryPoint\",\"urlTemplate\":\"https:\/\/liner-couverture-equipement-piscine.fr\/?s={search_term_string}\"},\"query-input\":\"required name=search_term_string\"}],\"inLanguage\":\"fr-FR\"},{\"@type\":\"Organization\",\"@id\":\"https:\/\/liner-couverture-equipement-piscine.fr\/#organization\",\"name\":\"APF\",\"url\":\"https:\/\/liner-couverture-equipement-piscine.fr\/\",\"logo\":{\"@type\":\"ImageObject\",\"inLanguage\":\"fr-FR\",\"@id\":\"https:\/\/liner-couverture-equipement-piscine.fr\/#\/schema\/logo\/image\/\",\"url\":\"http:\/\/liner-couverture-equipement-piscine.fr\/wp-content\/uploads\/2019\/05\/APF-favicon-512.jpg\",\"contentUrl\":\"http:\/\/liner-couverture-equipement-piscine.fr\/wp-content\/uploads\/2019\/05\/APF-favicon-512.jpg\",\"width\":512,\"height\":512,\"caption\":\"APF\"},\"image\":{\"@id\":\"https:\/\/liner-couverture-equipement-piscine.fr\/#\/schema\/logo\/image\/\"},\"sameAs\":[\"https:\/\/www.instagram.com\/apf-piscines\/\",\"https:\/\/www.linkedin\/com\/company-beta\/10798819\",\"https:\/\/www.pinterest.fr\/apfpiscines\/\",\"https:\/\/www.youtube.com\/channel\/UCx6TWntSEV7St9WbOwPwQaQ\",\"https:\/\/www.facebook.com\/apf.piscines\/\",\"https:\/\/twitter.com\/ANNONAY_PROD_FR\"]}]}<\/script>\n<!-- \/ Yoast SEO plugin. -->","yoast_head_json":{"title":"Nouveaut\u00e9s","robots":{"index":"index","follow":"follow","max-snippet":"max-snippet:-1","max-image-preview":"max-image-preview:large","max-video-preview":"max-video-preview:-1"},"canonical":"https:\/\/liner-couverture-equipement-piscine.fr\/index.php\/actus\/news\/","og_locale":"fr_FR","og_type":"article","og_title":"Nouveaut\u00e9s","og_url":"https:\/\/liner-couverture-equipement-piscine.fr\/index.php\/actus\/news\/","og_site_name":"APF Pool Design","article_publisher":"https:\/\/www.facebook.com\/apf.piscines\/","article_modified_time":"2020-05-04T13:49:13+00:00","og_image":[{"width":512,"height":512,"url":"https:\/\/liner-couverture-equipement-piscine.fr\/wp-content\/uploads\/2019\/05\/APF-favicon-512.jpg","type":"image\/jpeg"}],"twitter_card":"summary_large_image","twitter_site":"@ANNONAY_PROD_FR","schema":{"@context":"https:\/\/schema.org","@graph":[{"@type":"WebPage","@id":"https:\/\/liner-couverture-equipement-piscine.fr\/index.php\/actus\/news\/","url":"https:\/\/liner-couverture-equipement-piscine.fr\/index.php\/actus\/news\/","name":"Nouveaut\u00e9s","isPartOf":{"@id":"https:\/\/liner-couverture-equipement-piscine.fr\/#website"},"datePublished":"2019-05-09T14:42:50+00:00","dateModified":"2020-05-04T13:49:13+00:00","breadcrumb":{"@id":"https:\/\/liner-couverture-equipement-piscine.fr\/index.php\/actus\/news\/#breadcrumb"},"inLanguage":"fr-FR","potentialAction":[{"@type":"ReadAction","target":["https:\/\/liner-couverture-equipement-piscine.fr\/index.php\/actus\/news\/"]}]},{"@type":"BreadcrumbList","@id":"https:\/\/liner-couverture-equipement-piscine.fr\/index.php\/actus\/news\/#breadcrumb","itemListElement":[{"@type":"ListItem","position":1,"name":"Accueil","item":"https:\/\/liner-couverture-equipement-piscine.fr\/"},{"@type":"ListItem","position":2,"name":"Actualit\u00e9s","item":"https:\/\/liner-couverture-equipement-piscine.fr\/index.php\/actus\/"},{"@type":"ListItem","position":3,"name":"Nouveaut\u00e9s"}]},{"@type":"WebSite","@id":"https:\/\/liner-couverture-equipement-piscine.fr\/#website","url":"https:\/\/liner-couverture-equipement-piscine.fr\/","name":"APF","description":"La signature du sur-mesure","publisher":{"@id":"https:\/\/liner-couverture-equipement-piscine.fr\/#organization"},"potentialAction":[{"@type":"SearchAction","target":{"@type":"EntryPoint","urlTemplate":"https:\/\/liner-couverture-equipement-piscine.fr\/?s={search_term_string}"},"query-input":"required name=search_term_string"}],"inLanguage":"fr-FR"},{"@type":"Organization","@id":"https:\/\/liner-couverture-equipement-piscine.fr\/#organization","name":"APF","url":"https:\/\/liner-couverture-equipement-piscine.fr\/","logo":{"@type":"ImageObject","inLanguage":"fr-FR","@id":"https:\/\/liner-couverture-equipement-piscine.fr\/#\/schema\/logo\/image\/","url":"http:\/\/liner-couverture-equipement-piscine.fr\/wp-content\/uploads\/2019\/05\/APF-favicon-512.jpg","contentUrl":"http:\/\/liner-couverture-equipement-piscine.fr\/wp-content\/uploads\/2019\/05\/APF-favicon-512.jpg","width":512,"height":512,"caption":"APF"},"image":{"@id":"https:\/\/liner-couverture-equipement-piscine.fr\/#\/schema\/logo\/image\/"},"sameAs":["https:\/\/www.instagram.com\/apf-piscines\/","https:\/\/www.linkedin\/com\/company-beta\/10798819","https:\/\/www.pinterest.fr\/apfpiscines\/","https:\/\/www.youtube.com\/channel\/UCx6TWntSEV7St9WbOwPwQaQ","https:\/\/www.facebook.com\/apf.piscines\/","https:\/\/twitter.com\/ANNONAY_PROD_FR"]}]}},"_links":{"self":[{"href":"https:\/\/liner-couverture-equipement-piscine.fr\/index.php\/wp-json\/wp\/v2\/pages\/8712"}],"collection":[{"href":"https:\/\/liner-couverture-equipement-piscine.fr\/index.php\/wp-json\/wp\/v2\/pages"}],"about":[{"href":"https:\/\/liner-couverture-equipement-piscine.fr\/index.php\/wp-json\/wp\/v2\/types\/page"}],"author":[{"embeddable":true,"href":"https:\/\/liner-couverture-equipement-piscine.fr\/index.php\/wp-json\/wp\/v2\/users\/1"}],"replies":[{"embeddable":true,"href":"https:\/\/liner-couverture-equipement-piscine.fr\/index.php\/wp-json\/wp\/v2\/comments?post=8712"}],"version-history":[{"count":8,"href":"https:\/\/liner-couverture-equipement-piscine.fr\/index.php\/wp-json\/wp\/v2\/pages\/8712\/revisions"}],"predecessor-version":[{"id":33328,"href":"https:\/\/liner-couverture-equipement-piscine.fr\/index.php\/wp-json\/wp\/v2\/pages\/8712\/revisions\/33328"}],"up":[{"embeddable":true,"href":"https:\/\/liner-couverture-equipement-piscine.fr\/index.php\/wp-json\/wp\/v2\/pages\/6883"}],"wp:attachment":[{"href":"https:\/\/liner-couverture-equipement-piscine.fr\/index.php\/wp-json\/wp\/v2\/media?parent=8712"}],"curies":[{"name":"wp","href":"https:\/\/api.w.org\/{rel}","templated":true}]}}