{"id":8715,"date":"2019-05-09T16:44:22","date_gmt":"2019-05-09T14:44:22","guid":{"rendered":"http:\/\/liner-couverture-equipement-piscine.fr\/?page_id=8715"},"modified":"2023-04-27T11:22:27","modified_gmt":"2023-04-27T09:22:27","slug":"evenements","status":"publish","type":"page","link":"https:\/\/liner-couverture-equipement-piscine.fr\/index.php\/actus\/evenements\/","title":{"rendered":"Ev\u00e9nements"},"content":{"rendered":"<section class=\"l-section wpb_row height_small\"><div class=\"l-section-h i-cf\"><div class=\"g-cols vc_row via_flex valign_top type_default stacking_default\"><div class=\"vc_col-sm-12 wpb_column vc_column_container\"><div class=\"vc_column-inner\"><div class=\"wpb_wrapper\"><div class=\"g-cols wpb_row via_flex valign_middle type_default stacking_default\"><div class=\"vc_col-sm-6 wpb_column vc_column_container\"><div class=\"vc_column-inner\"><div class=\"wpb_wrapper\">[vc_custom_heading text=\u00a0\u00bbNos \u00e9v\u00e9nements\u00a0\u00bb font_container=\u00a0\u00bbtag:h1|font_size:46px|text_align:left|line_height:1&Prime; use_theme_fonts=\u00a0\u00bbyes\u00a0\u00bb css=\u00a0\u00bb%7B%22default%22%3A%7B%22font-size%22%3A%2246px%22%2C%22line-height%22%3A%221%22%7D%7D\u00a0\u00bb]<\/div><\/div><\/div><\/div><div class=\"w-separator size_medium\"><\/div><div class=\"w-grid type_grid layout_blog_13 cols_2 with_pagination\" id=\"us_grid_1\" data-filterable=\"true\"><style>#us_grid_1 .w-grid-item{padding:3rem}#us_grid_1 .w-grid-list{margin:-3rem -3rem 3rem}.w-grid + #us_grid_1 .w-grid-list,.w-grid-none + #us_grid_1 .w-grid-list{margin-top:3rem}@media (max-width:599px){#us_grid_1 .w-grid-list{margin:0}#us_grid_1 .w-grid-item{width:100%;padding:0;margin-bottom:3rem}}.layout_blog_13 .w-grid-item-h{}@media(max-width:479px){.layout_blog_13 .usg_post_image_1{display:none!important}}.layout_blog_13 .usg_hwrapper_1{color:var(--color-content-text)!important;margin-right:10%!important;padding-top:6%!important;padding-bottom:6%!important;background:var(--color-content-bg-alt)!important}.layout_blog_13 .usg_vwrapper_1{width:48%!important;margin-left:6%!important;margin-right:0!important}.layout_blog_13 .usg_post_image_1{width:50%!important;margin-left:7%!important;margin-right:-11%!important}.layout_blog_13 .usg_post_date_1{font-size:0.9rem!important}.layout_blog_13 .usg_post_title_1{font-weight:700!important;line-height:1.2!important}.layout_blog_13 .usg_post_content_1{font-size:0.9rem!important}@media (max-width:600px){.layout_blog_13 .usg_hwrapper_1{margin-left:0!important;margin-right:0!important;padding-top:0!important;padding-bottom:0!important}.layout_blog_13 .usg_vwrapper_1{width:86%!important;margin:7% 7% 5% 7%!important}.layout_blog_13 .usg_post_image_1{width:100%!important;margin-left:0!important;margin-right:0!important}}<\/style><div class=\"w-grid-list\">\t<article class=\"w-grid-item size_1x1 post-35864 post type-post status-publish format-standard has-post-thumbnail hentry category-evenements\" data-id=\"35864\">\r\n\t\t<div class=\"w-grid-item-h\">\r\n\t\t\t\t\t\t<div class=\"w-hwrapper usg_hwrapper_1 has_text_color align_none valign_center wrap\"><div class=\"w-vwrapper usg_vwrapper_1 align_none valign_top\"><time class=\"w-post-elm post_date usg_post_date_1 entry-date published\" datetime=\"2023-10-16T16:20:49+02:00\" title=\"16 octobre 2023 \u00e0 16:20:49 Europe\/Paris\">il y a 2 ans<\/time><h2 class=\"w-post-elm post_title usg_post_title_1 entry-title color_link_inherit\"><a href=\"https:\/\/liner-couverture-equipement-piscine.fr\/index.php\/2023\/10\/16\/piscina-wellness-2023-save-the-date\/\">Piscina &#038; Wellness 2023 &#8211; SAVE THE DATE<\/a><\/h2><div class=\"w-post-elm post_content usg_post_content_1\">Le salon Piscina &amp; Wellness de Barcelone est le salon incontournable des professionnels dans le domaine des activit\u00e9s aquatiques et du bien-\u00eatre en Espagne. On peut y d\u00e9couvrir toutes les\u2026<\/div><\/div><div class=\"w-post-elm post_image usg_post_image_1 has_width stretched\"><a href=\"https:\/\/liner-couverture-equipement-piscine.fr\/index.php\/2023\/10\/16\/piscina-wellness-2023-save-the-date\/\" aria-label=\"Piscina &#038; Wellness 2023 &#8211; SAVE THE DATE\"><img width=\"1080\" height=\"1080\" src=\"https:\/\/liner-couverture-equipement-piscine.fr\/wp-content\/uploads\/CE_OCTOBRE6-1.png\" class=\"attachment-full size-full wp-post-image\" alt=\"\" decoding=\"async\" srcset=\"https:\/\/liner-couverture-equipement-piscine.fr\/wp-content\/uploads\/CE_OCTOBRE6-1.png 1080w, https:\/\/liner-couverture-equipement-piscine.fr\/wp-content\/uploads\/CE_OCTOBRE6-1-300x300.png 300w, https:\/\/liner-couverture-equipement-piscine.fr\/wp-content\/uploads\/CE_OCTOBRE6-1-1024x1024.png 1024w, https:\/\/liner-couverture-equipement-piscine.fr\/wp-content\/uploads\/CE_OCTOBRE6-1-150x150.png 150w\" sizes=\"(max-width: 1080px) 100vw, 1080px\" \/><\/a><\/div><\/div>\t\t<\/div>\r\n\t<\/article>\r\n\t<article class=\"w-grid-item size_1x1 post-35860 post type-post status-publish format-standard has-post-thumbnail hentry category-evenements\" data-id=\"35860\">\r\n\t\t<div class=\"w-grid-item-h\">\r\n\t\t\t\t\t\t<div class=\"w-hwrapper usg_hwrapper_1 has_text_color align_none valign_center wrap\"><div class=\"w-vwrapper usg_vwrapper_1 align_none valign_top\"><time class=\"w-post-elm post_date usg_post_date_1 entry-date published\" datetime=\"2023-10-16T16:10:19+02:00\" title=\"16 octobre 2023 \u00e0 16:10:19 Europe\/Paris\">il y a 2 ans<\/time><h2 class=\"w-post-elm post_title usg_post_title_1 entry-title color_link_inherit\"><a href=\"https:\/\/liner-couverture-equipement-piscine.fr\/index.php\/2023\/10\/16\/salonaquanale2023\/\">Salon aquanale 2023 &#8211; SAVE THE DATE<\/a><\/h2><div class=\"w-post-elm post_content usg_post_content_1\">Tous les deux ans, le Salon aquanale prend place \u00e0 Cologne, en Allemagne. Il s\u2019agit de l\u2019un des plus grands rendez-vous mondiaux, qui regroupe tous les professionnels des domaines de\u2026<\/div><\/div><div class=\"w-post-elm post_image usg_post_image_1 has_width stretched\"><a href=\"https:\/\/liner-couverture-equipement-piscine.fr\/index.php\/2023\/10\/16\/salonaquanale2023\/\" aria-label=\"Salon aquanale 2023 &#8211; SAVE THE DATE\"><img width=\"1080\" height=\"1080\" src=\"https:\/\/liner-couverture-equipement-piscine.fr\/wp-content\/uploads\/1697214643505.jpg\" class=\"attachment-full size-full wp-post-image\" alt=\"\" decoding=\"async\" srcset=\"https:\/\/liner-couverture-equipement-piscine.fr\/wp-content\/uploads\/1697214643505.jpg 1080w, https:\/\/liner-couverture-equipement-piscine.fr\/wp-content\/uploads\/1697214643505-300x300.jpg 300w, https:\/\/liner-couverture-equipement-piscine.fr\/wp-content\/uploads\/1697214643505-1024x1024.jpg 1024w, https:\/\/liner-couverture-equipement-piscine.fr\/wp-content\/uploads\/1697214643505-150x150.jpg 150w\" sizes=\"(max-width: 1080px) 100vw, 1080px\" \/><\/a><\/div><\/div>\t\t<\/div>\r\n\t<\/article>\r\n\t<article class=\"w-grid-item size_1x1 post-35242 post type-post status-publish format-standard has-post-thumbnail hentry category-evenements\" data-id=\"35242\">\r\n\t\t<div class=\"w-grid-item-h\">\r\n\t\t\t\t\t\t<div class=\"w-hwrapper usg_hwrapper_1 has_text_color align_none valign_center wrap\"><div class=\"w-vwrapper usg_vwrapper_1 align_none valign_top\"><time class=\"w-post-elm post_date usg_post_date_1 entry-date published\" datetime=\"2023-04-12T11:33:22+02:00\" title=\"12 avril 2023 \u00e0 11:33:22 Europe\/Paris\">il y a 3 ans<\/time><h2 class=\"w-post-elm post_title usg_post_title_1 entry-title color_link_inherit\"><a href=\"https:\/\/liner-couverture-equipement-piscine.fr\/index.php\/2023\/04\/12\/lancement-iscoot-700-offre-promotionnelle\/\">Lancement de l&rsquo;iScoot 700 &#8211; Offre promotionnelle<\/a><\/h2><div class=\"w-post-elm post_content usg_post_content_1\">A l\u2019occasion du lancement de son nouvel enrouleur motoris\u00e9 de couvertures \u00e0 barres iScoot 700, APF Pool Design met \u00e0 disposition de ses clients professionnels de la piscine une offre\u2026<\/div><\/div><div class=\"w-post-elm post_image usg_post_image_1 has_width stretched\"><a href=\"https:\/\/liner-couverture-equipement-piscine.fr\/index.php\/2023\/04\/12\/lancement-iscoot-700-offre-promotionnelle\/\" aria-label=\"Lancement de l&rsquo;iScoot 700 &#8211; Offre promotionnelle\"><img width=\"600\" height=\"503\" src=\"https:\/\/liner-couverture-equipement-piscine.fr\/wp-content\/uploads\/2023\/04\/OPAPF_iScoot700_post_facebook_600X503.jpg\" class=\"attachment-full size-full wp-post-image\" alt=\"OPAPF_iScoot700_post_facebook_600X503\" decoding=\"async\" srcset=\"https:\/\/liner-couverture-equipement-piscine.fr\/wp-content\/uploads\/2023\/04\/OPAPF_iScoot700_post_facebook_600X503.jpg 600w, https:\/\/liner-couverture-equipement-piscine.fr\/wp-content\/uploads\/2023\/04\/OPAPF_iScoot700_post_facebook_600X503-300x252.jpg 300w\" sizes=\"(max-width: 600px) 100vw, 600px\" \/><\/a><\/div><\/div>\t\t<\/div>\r\n\t<\/article>\r\n\t<article class=\"w-grid-item size_1x1 post-33164 post type-post status-publish format-standard has-post-thumbnail hentry category-evenements\" data-id=\"33164\">\r\n\t\t<div class=\"w-grid-item-h\">\r\n\t\t\t\t\t\t<div class=\"w-hwrapper usg_hwrapper_1 has_text_color align_none valign_center wrap\"><div class=\"w-vwrapper usg_vwrapper_1 align_none valign_top\"><time class=\"w-post-elm post_date usg_post_date_1 entry-date published\" datetime=\"2023-02-28T17:26:40+01:00\" title=\"28 f\u00e9vrier 2023 \u00e0 17:26:40 Europe\/Paris\">il y a 3 ans<\/time><h2 class=\"w-post-elm post_title usg_post_title_1 entry-title color_link_inherit\"><a href=\"https:\/\/liner-couverture-equipement-piscine.fr\/index.php\/2023\/02\/28\/visite-des-eleves-du-cfa-de-pierrelatte-chez-apf\/\">Visite des \u00e9l\u00e8ves du CFA de Pierrelatte chez APF Pool Design<\/a><\/h2><div class=\"w-post-elm post_content usg_post_content_1\">Le lundi 27 f\u00e9vrier, les apprentis en deuxi\u00e8me ann\u00e9e du Bac Pro M\u00e9tiers de la Piscine du CFA de Pierrelatte \u00e9taient en d\u00e9placement sur Annonay pour une visite assidue des\u2026<\/div><\/div><div class=\"w-post-elm post_image usg_post_image_1 has_width stretched\"><a href=\"https:\/\/liner-couverture-equipement-piscine.fr\/index.php\/2023\/02\/28\/visite-des-eleves-du-cfa-de-pierrelatte-chez-apf\/\" aria-label=\"Visite des \u00e9l\u00e8ves du CFA de Pierrelatte chez APF Pool Design\"><img width=\"540\" height=\"405\" src=\"https:\/\/liner-couverture-equipement-piscine.fr\/wp-content\/uploads\/2020\/02\/Image.jpeg\" class=\"attachment-full size-full wp-post-image\" alt=\"\" decoding=\"async\" srcset=\"https:\/\/liner-couverture-equipement-piscine.fr\/wp-content\/uploads\/2020\/02\/Image.jpeg 540w, https:\/\/liner-couverture-equipement-piscine.fr\/wp-content\/uploads\/2020\/02\/Image-300x225.jpeg 300w\" sizes=\"(max-width: 540px) 100vw, 540px\" \/><\/a><\/div><\/div>\t\t<\/div>\r\n\t<\/article>\r\n\t<article class=\"w-grid-item size_1x1 post-35304 post type-post status-publish format-standard has-post-thumbnail hentry category-evenements\" data-id=\"35304\">\r\n\t\t<div class=\"w-grid-item-h\">\r\n\t\t\t\t\t\t<div class=\"w-hwrapper usg_hwrapper_1 has_text_color align_none valign_center wrap\"><div class=\"w-vwrapper usg_vwrapper_1 align_none valign_top\"><time class=\"w-post-elm post_date usg_post_date_1 entry-date published\" datetime=\"2022-11-15T11:08:19+01:00\" title=\"15 novembre 2022 \u00e0 11:08:19 Europe\/Paris\">il y a 3 ans<\/time><h2 class=\"w-post-elm post_title usg_post_title_1 entry-title color_link_inherit\"><a href=\"https:\/\/liner-couverture-equipement-piscine.fr\/index.php\/2022\/11\/15\/championnat-deurope-de-pose-de-liner\/\">Championnat d&rsquo;Europe de pose de liner<\/a><\/h2><div class=\"w-post-elm post_content usg_post_content_1\">APF Pool Design lance pour la premi\u00e8re fois son Championnat d&rsquo;Europe de pose de liner ! Du 15 novembre 2022 au 29 avril 2023, tous les professionnels\/revendeurs de la piscine\u2026<\/div><\/div><div class=\"w-post-elm post_image usg_post_image_1 has_width stretched\"><a href=\"https:\/\/liner-couverture-equipement-piscine.fr\/index.php\/2022\/11\/15\/championnat-deurope-de-pose-de-liner\/\" aria-label=\"Championnat d&rsquo;Europe de pose de liner\"><img width=\"1570\" height=\"1080\" src=\"https:\/\/liner-couverture-equipement-piscine.fr\/wp-content\/uploads\/2023\/04\/ChampPose2023APF.jpg\" class=\"attachment-full size-full wp-post-image\" alt=\"\" decoding=\"async\" srcset=\"https:\/\/liner-couverture-equipement-piscine.fr\/wp-content\/uploads\/2023\/04\/ChampPose2023APF.jpg 1570w, https:\/\/liner-couverture-equipement-piscine.fr\/wp-content\/uploads\/2023\/04\/ChampPose2023APF-300x206.jpg 300w, https:\/\/liner-couverture-equipement-piscine.fr\/wp-content\/uploads\/2023\/04\/ChampPose2023APF-1024x704.jpg 1024w\" sizes=\"(max-width: 1570px) 100vw, 1570px\" \/><\/a><\/div><\/div>\t\t<\/div>\r\n\t<\/article>\r\n<\/div><div class=\"w-grid-preloader\"><div class=\"g-preloader type_1\">\r\n\t<div><\/div>\r\n<\/div>\r\n<\/div>\t<div class=\"w-grid-json hidden\" onclick='return {&quot;action&quot;:&quot;us_ajax_grid&quot;,&quot;ajax_url&quot;:&quot;https:\\\/\\\/liner-couverture-equipement-piscine.fr\\\/wp-admin\\\/admin-ajax.php&quot;,&quot;infinite_scroll&quot;:0,&quot;max_num_pages&quot;:1,&quot;pagination&quot;:&quot;regular&quot;,&quot;permalink_url&quot;:&quot;https:\\\/\\\/liner-couverture-equipement-piscine.fr\\\/wp-json\\\/wp\\\/v2\\\/pages\\\/8715&quot;,&quot;template_vars&quot;:{&quot;columns&quot;:&quot;2&quot;,&quot;exclude_items&quot;:&quot;none&quot;,&quot;img_size&quot;:&quot;full&quot;,&quot;ignore_items_size&quot;:0,&quot;items_layout&quot;:&quot;blog_13&quot;,&quot;items_offset&quot;:&quot;1&quot;,&quot;load_animation&quot;:&quot;none&quot;,&quot;overriding_link&quot;:&quot;none&quot;,&quot;post_id&quot;:8715,&quot;query_args&quot;:{&quot;post_type&quot;:[&quot;post&quot;],&quot;tax_query&quot;:[{&quot;taxonomy&quot;:&quot;category&quot;,&quot;field&quot;:&quot;slug&quot;,&quot;terms&quot;:[&quot;evenements&quot;]}],&quot;post_status&quot;:[&quot;publish&quot;],&quot;posts_per_page&quot;:&quot;5&quot;},&quot;orderby_query_args&quot;:{&quot;orderby&quot;:{&quot;date&quot;:&quot;DESC&quot;}},&quot;type&quot;:&quot;grid&quot;,&quot;us_grid_ajax_index&quot;:1,&quot;us_grid_filter_params&quot;:null,&quot;us_grid_index&quot;:1,&quot;_us_grid_post_type&quot;:&quot;post&quot;}}'><\/div>\r\n\t<\/div><\/div><\/div><\/div><\/div><\/div><\/section>\n","protected":false},"excerpt":{"rendered":"APF Pool Design lance pour la premi\u00e8re fois son Championnat d'Europe de pose de liner ! Du 15 novembre 2022 au 29 avril 2023, tous les professionnels\/revendeurs de la piscine sont invit\u00e9s \u00e0 participer \u00e0 ce championnat pour tenter de gagner une montre de luxe d'une valeur de plus de 5000\u20ac. Atelier pratique (\u00e9preuve chronom\u00e9tr\u00e9e...","protected":false},"author":1,"featured_media":0,"parent":6883,"menu_order":50,"comment_status":"closed","ping_status":"closed","template":"","meta":{"footnotes":""},"yoast_head":"<!-- This site is optimized with the Yoast SEO plugin v19.11 - https:\/\/yoast.com\/wordpress\/plugins\/seo\/ -->\n<title>Ev\u00e9nements<\/title>\n<meta name=\"robots\" content=\"index, follow, max-snippet:-1, max-image-preview:large, max-video-preview:-1\" \/>\n<link rel=\"canonical\" href=\"https:\/\/liner-couverture-equipement-piscine.fr\/index.php\/actus\/evenements\/\" \/>\n<meta property=\"og:locale\" content=\"fr_FR\" \/>\n<meta property=\"og:type\" content=\"article\" \/>\n<meta property=\"og:title\" content=\"Ev\u00e9nements\" \/>\n<meta property=\"og:url\" content=\"https:\/\/liner-couverture-equipement-piscine.fr\/index.php\/actus\/evenements\/\" \/>\n<meta property=\"og:site_name\" content=\"APF Pool Design\" \/>\n<meta property=\"article:publisher\" content=\"https:\/\/www.facebook.com\/apf.piscines\/\" \/>\n<meta property=\"article:modified_time\" content=\"2023-04-27T09:22:27+00:00\" \/>\n<meta property=\"og:image\" content=\"https:\/\/liner-couverture-equipement-piscine.fr\/wp-content\/uploads\/2019\/05\/APF-favicon-512.jpg\" \/>\n\t<meta property=\"og:image:width\" content=\"512\" \/>\n\t<meta property=\"og:image:height\" content=\"512\" \/>\n\t<meta property=\"og:image:type\" content=\"image\/jpeg\" \/>\n<meta name=\"twitter:card\" content=\"summary_large_image\" \/>\n<meta name=\"twitter:site\" content=\"@ANNONAY_PROD_FR\" \/>\n<meta name=\"twitter:label1\" content=\"Dur\u00e9e de lecture estim\u00e9e\" \/>\n\t<meta name=\"twitter:data1\" content=\"1 minute\" \/>\n<script type=\"application\/ld+json\" class=\"yoast-schema-graph\">{\"@context\":\"https:\/\/schema.org\",\"@graph\":[{\"@type\":\"WebPage\",\"@id\":\"https:\/\/liner-couverture-equipement-piscine.fr\/index.php\/actus\/evenements\/\",\"url\":\"https:\/\/liner-couverture-equipement-piscine.fr\/index.php\/actus\/evenements\/\",\"name\":\"Ev\u00e9nements\",\"isPartOf\":{\"@id\":\"https:\/\/liner-couverture-equipement-piscine.fr\/#website\"},\"datePublished\":\"2019-05-09T14:44:22+00:00\",\"dateModified\":\"2023-04-27T09:22:27+00:00\",\"breadcrumb\":{\"@id\":\"https:\/\/liner-couverture-equipement-piscine.fr\/index.php\/actus\/evenements\/#breadcrumb\"},\"inLanguage\":\"fr-FR\",\"potentialAction\":[{\"@type\":\"ReadAction\",\"target\":[\"https:\/\/liner-couverture-equipement-piscine.fr\/index.php\/actus\/evenements\/\"]}]},{\"@type\":\"BreadcrumbList\",\"@id\":\"https:\/\/liner-couverture-equipement-piscine.fr\/index.php\/actus\/evenements\/#breadcrumb\",\"itemListElement\":[{\"@type\":\"ListItem\",\"position\":1,\"name\":\"Accueil\",\"item\":\"https:\/\/liner-couverture-equipement-piscine.fr\/\"},{\"@type\":\"ListItem\",\"position\":2,\"name\":\"Actualit\u00e9s\",\"item\":\"https:\/\/liner-couverture-equipement-piscine.fr\/index.php\/actus\/\"},{\"@type\":\"ListItem\",\"position\":3,\"name\":\"Ev\u00e9nements\"}]},{\"@type\":\"WebSite\",\"@id\":\"https:\/\/liner-couverture-equipement-piscine.fr\/#website\",\"url\":\"https:\/\/liner-couverture-equipement-piscine.fr\/\",\"name\":\"APF\",\"description\":\"La signature du sur-mesure\",\"publisher\":{\"@id\":\"https:\/\/liner-couverture-equipement-piscine.fr\/#organization\"},\"potentialAction\":[{\"@type\":\"SearchAction\",\"target\":{\"@type\":\"EntryPoint\",\"urlTemplate\":\"https:\/\/liner-couverture-equipement-piscine.fr\/?s={search_term_string}\"},\"query-input\":\"required name=search_term_string\"}],\"inLanguage\":\"fr-FR\"},{\"@type\":\"Organization\",\"@id\":\"https:\/\/liner-couverture-equipement-piscine.fr\/#organization\",\"name\":\"APF\",\"url\":\"https:\/\/liner-couverture-equipement-piscine.fr\/\",\"logo\":{\"@type\":\"ImageObject\",\"inLanguage\":\"fr-FR\",\"@id\":\"https:\/\/liner-couverture-equipement-piscine.fr\/#\/schema\/logo\/image\/\",\"url\":\"http:\/\/liner-couverture-equipement-piscine.fr\/wp-content\/uploads\/2019\/05\/APF-favicon-512.jpg\",\"contentUrl\":\"http:\/\/liner-couverture-equipement-piscine.fr\/wp-content\/uploads\/2019\/05\/APF-favicon-512.jpg\",\"width\":512,\"height\":512,\"caption\":\"APF\"},\"image\":{\"@id\":\"https:\/\/liner-couverture-equipement-piscine.fr\/#\/schema\/logo\/image\/\"},\"sameAs\":[\"https:\/\/www.instagram.com\/apf-piscines\/\",\"https:\/\/www.linkedin\/com\/company-beta\/10798819\",\"https:\/\/www.pinterest.fr\/apfpiscines\/\",\"https:\/\/www.youtube.com\/channel\/UCx6TWntSEV7St9WbOwPwQaQ\",\"https:\/\/www.facebook.com\/apf.piscines\/\",\"https:\/\/twitter.com\/ANNONAY_PROD_FR\"]}]}<\/script>\n<!-- \/ Yoast SEO plugin. -->","yoast_head_json":{"title":"Ev\u00e9nements","robots":{"index":"index","follow":"follow","max-snippet":"max-snippet:-1","max-image-preview":"max-image-preview:large","max-video-preview":"max-video-preview:-1"},"canonical":"https:\/\/liner-couverture-equipement-piscine.fr\/index.php\/actus\/evenements\/","og_locale":"fr_FR","og_type":"article","og_title":"Ev\u00e9nements","og_url":"https:\/\/liner-couverture-equipement-piscine.fr\/index.php\/actus\/evenements\/","og_site_name":"APF Pool Design","article_publisher":"https:\/\/www.facebook.com\/apf.piscines\/","article_modified_time":"2023-04-27T09:22:27+00:00","og_image":[{"width":512,"height":512,"url":"https:\/\/liner-couverture-equipement-piscine.fr\/wp-content\/uploads\/2019\/05\/APF-favicon-512.jpg","type":"image\/jpeg"}],"twitter_card":"summary_large_image","twitter_site":"@ANNONAY_PROD_FR","twitter_misc":{"Dur\u00e9e de lecture estim\u00e9e":"1 minute"},"schema":{"@context":"https:\/\/schema.org","@graph":[{"@type":"WebPage","@id":"https:\/\/liner-couverture-equipement-piscine.fr\/index.php\/actus\/evenements\/","url":"https:\/\/liner-couverture-equipement-piscine.fr\/index.php\/actus\/evenements\/","name":"Ev\u00e9nements","isPartOf":{"@id":"https:\/\/liner-couverture-equipement-piscine.fr\/#website"},"datePublished":"2019-05-09T14:44:22+00:00","dateModified":"2023-04-27T09:22:27+00:00","breadcrumb":{"@id":"https:\/\/liner-couverture-equipement-piscine.fr\/index.php\/actus\/evenements\/#breadcrumb"},"inLanguage":"fr-FR","potentialAction":[{"@type":"ReadAction","target":["https:\/\/liner-couverture-equipement-piscine.fr\/index.php\/actus\/evenements\/"]}]},{"@type":"BreadcrumbList","@id":"https:\/\/liner-couverture-equipement-piscine.fr\/index.php\/actus\/evenements\/#breadcrumb","itemListElement":[{"@type":"ListItem","position":1,"name":"Accueil","item":"https:\/\/liner-couverture-equipement-piscine.fr\/"},{"@type":"ListItem","position":2,"name":"Actualit\u00e9s","item":"https:\/\/liner-couverture-equipement-piscine.fr\/index.php\/actus\/"},{"@type":"ListItem","position":3,"name":"Ev\u00e9nements"}]},{"@type":"WebSite","@id":"https:\/\/liner-couverture-equipement-piscine.fr\/#website","url":"https:\/\/liner-couverture-equipement-piscine.fr\/","name":"APF","description":"La signature du sur-mesure","publisher":{"@id":"https:\/\/liner-couverture-equipement-piscine.fr\/#organization"},"potentialAction":[{"@type":"SearchAction","target":{"@type":"EntryPoint","urlTemplate":"https:\/\/liner-couverture-equipement-piscine.fr\/?s={search_term_string}"},"query-input":"required name=search_term_string"}],"inLanguage":"fr-FR"},{"@type":"Organization","@id":"https:\/\/liner-couverture-equipement-piscine.fr\/#organization","name":"APF","url":"https:\/\/liner-couverture-equipement-piscine.fr\/","logo":{"@type":"ImageObject","inLanguage":"fr-FR","@id":"https:\/\/liner-couverture-equipement-piscine.fr\/#\/schema\/logo\/image\/","url":"http:\/\/liner-couverture-equipement-piscine.fr\/wp-content\/uploads\/2019\/05\/APF-favicon-512.jpg","contentUrl":"http:\/\/liner-couverture-equipement-piscine.fr\/wp-content\/uploads\/2019\/05\/APF-favicon-512.jpg","width":512,"height":512,"caption":"APF"},"image":{"@id":"https:\/\/liner-couverture-equipement-piscine.fr\/#\/schema\/logo\/image\/"},"sameAs":["https:\/\/www.instagram.com\/apf-piscines\/","https:\/\/www.linkedin\/com\/company-beta\/10798819","https:\/\/www.pinterest.fr\/apfpiscines\/","https:\/\/www.youtube.com\/channel\/UCx6TWntSEV7St9WbOwPwQaQ","https:\/\/www.facebook.com\/apf.piscines\/","https:\/\/twitter.com\/ANNONAY_PROD_FR"]}]}},"_links":{"self":[{"href":"https:\/\/liner-couverture-equipement-piscine.fr\/index.php\/wp-json\/wp\/v2\/pages\/8715"}],"collection":[{"href":"https:\/\/liner-couverture-equipement-piscine.fr\/index.php\/wp-json\/wp\/v2\/pages"}],"about":[{"href":"https:\/\/liner-couverture-equipement-piscine.fr\/index.php\/wp-json\/wp\/v2\/types\/page"}],"author":[{"embeddable":true,"href":"https:\/\/liner-couverture-equipement-piscine.fr\/index.php\/wp-json\/wp\/v2\/users\/1"}],"replies":[{"embeddable":true,"href":"https:\/\/liner-couverture-equipement-piscine.fr\/index.php\/wp-json\/wp\/v2\/comments?post=8715"}],"version-history":[{"count":6,"href":"https:\/\/liner-couverture-equipement-piscine.fr\/index.php\/wp-json\/wp\/v2\/pages\/8715\/revisions"}],"predecessor-version":[{"id":35308,"href":"https:\/\/liner-couverture-equipement-piscine.fr\/index.php\/wp-json\/wp\/v2\/pages\/8715\/revisions\/35308"}],"up":[{"embeddable":true,"href":"https:\/\/liner-couverture-equipement-piscine.fr\/index.php\/wp-json\/wp\/v2\/pages\/6883"}],"wp:attachment":[{"href":"https:\/\/liner-couverture-equipement-piscine.fr\/index.php\/wp-json\/wp\/v2\/media?parent=8715"}],"curies":[{"name":"wp","href":"https:\/\/api.w.org\/{rel}","templated":true}]}}