{"id":8717,"date":"2019-05-09T16:47:08","date_gmt":"2019-05-09T14:47:08","guid":{"rendered":"http:\/\/liner-couverture-equipement-piscine.fr\/?page_id=8717"},"modified":"2023-04-27T12:22:49","modified_gmt":"2023-04-27T10:22:49","slug":"contacter-apf","status":"publish","type":"page","link":"https:\/\/liner-couverture-equipement-piscine.fr\/index.php\/contact\/contacter-apf\/","title":{"rendered":"Nous contacter"},"content":{"rendered":"<section class=\"l-section wpb_row height_small\"><div class=\"l-section-h i-cf\"><div class=\"g-cols vc_row via_flex valign_top type_default stacking_default\" style=\"--additional-gap:10px;\"><div class=\"vc_col-sm-6 wpb_column vc_column_container\"><div class=\"vc_column-inner\"><div class=\"wpb_wrapper\"><div class=\"wpb_text_column\"><div class=\"wpb_wrapper\"><h3>Nos coordonn\u00e9es<\/h3>\n<\/div><\/div><div class=\"w-separator size_small\"><\/div><div class=\"wpb_text_column\"><div class=\"wpb_wrapper\"><p>APF Pool Design r\u00e9serve ses ventes exclusivement <strong>aux professionnels de la piscine<\/strong>.<\/p>\n<p>Si vous \u00eates un particulier, nous vous invitons \u00e0 contacter le piscinier le plus proche de chez vous.<\/p>\n<\/div><\/div><div class=\"w-separator size_medium\"><\/div><div class=\"w-iconbox iconpos_left style_outlined color_primary align_left\"><div class=\"w-iconbox-icon\" style=\"font-size:22px;\"><i class=\"fas fa-map-marker-alt\"><\/i><\/div><div class=\"w-iconbox-meta\"><div class=\"w-iconbox-title\">APF Pool Design<\/div><div class=\"w-iconbox-text\"><p>55 rue L\u00e9o Lagrange &#8211;\u00a0ZI La Lombardi\u00e8re<\/p>\n<p>07100 ANNONAY<\/p>\n<\/div><\/div><\/div><div class=\"w-separator size_small\"><\/div><div class=\"w-iconbox iconpos_left style_outlined color_primary align_left no_text\"><a target=\"_blank\" href=\"mailto:standard@apf-france.com\" rel=\"noopener\" class=\"w-iconbox-link\" aria-label=\"contact@apf-pooldesign.com\"><div class=\"w-iconbox-icon\" style=\"font-size:22px;\"><i class=\"fas fa-envelope\"><\/i><\/div><\/a><div class=\"w-iconbox-meta\"><a target=\"_blank\" href=\"mailto:standard@apf-france.com\" rel=\"noopener\" class=\"w-iconbox-link\" aria-label=\"contact@apf-pooldesign.com\"><div class=\"w-iconbox-title\">contact@apf-pooldesign.com<\/div><\/a><\/div><\/div><\/div><\/div><\/div><div class=\"vc_col-sm-6 wpb_column vc_column_container\"><div class=\"vc_column-inner\"><div class=\"wpb_wrapper\"><div class=\"wpb_text_column\"><div class=\"wpb_wrapper\"><h3>Prise de contact<\/h3>\n<\/div><\/div><div class=\"w-separator size_small\"><\/div>[vc_raw_html]JTVCc2lid3BfZm9ybSUyMGlkJTNEMyU1RA==[\/vc_raw_html]<\/div><\/div><\/div><\/div><\/div><\/section>\n","protected":false},"excerpt":{"rendered":"Nos coordonn\u00e9es APF Pool Design r\u00e9serve ses ventes exclusivement aux professionnels de la piscine. Si vous \u00eates un particulier, nous vous invitons \u00e0 contacter le piscinier le plus proche de chez vous. APF Pool Design55 rue L\u00e9o Lagrange -\u00a0ZI La Lombardi\u00e8re 07100 ANNONAY contact@apf-pooldesign.comPrise de contact [vc_raw_html]JTVCc2lid3BfZm9ybSUyMGlkJTNEMyU1RA==[\/vc_raw_html]","protected":false},"author":1,"featured_media":0,"parent":6885,"menu_order":52,"comment_status":"closed","ping_status":"closed","template":"","meta":{"footnotes":""},"yoast_head":"<!-- This site is optimized with the Yoast SEO plugin v19.11 - https:\/\/yoast.com\/wordpress\/plugins\/seo\/ -->\n<title>Pisciniers, n&#039;h\u00e9sitez pas \u00e0 nous contacter pour d\u00e9couvrir les produits APF Pool Design<\/title>\n<meta name=\"description\" content=\"APF Pool Design r\u00e9serve ses ventes exclusivement aux professionnels de la piscine. Particulier, nous vous invitons \u00e0 contacter le piscinier le plus proche de chez vous.\" \/>\n<meta name=\"robots\" content=\"index, follow, max-snippet:-1, max-image-preview:large, max-video-preview:-1\" \/>\n<link rel=\"canonical\" href=\"https:\/\/liner-couverture-equipement-piscine.fr\/index.php\/contact\/contacter-apf\/\" \/>\n<meta property=\"og:locale\" content=\"fr_FR\" \/>\n<meta property=\"og:type\" content=\"article\" \/>\n<meta property=\"og:title\" content=\"Pisciniers, n&#039;h\u00e9sitez pas \u00e0 nous contacter pour d\u00e9couvrir les produits APF Pool Design\" \/>\n<meta property=\"og:description\" content=\"APF Pool Design r\u00e9serve ses ventes exclusivement aux professionnels de la piscine. Particulier, nous vous invitons \u00e0 contacter le piscinier le plus proche de chez vous.\" \/>\n<meta property=\"og:url\" content=\"https:\/\/liner-couverture-equipement-piscine.fr\/index.php\/contact\/contacter-apf\/\" \/>\n<meta property=\"og:site_name\" content=\"APF Pool Design\" \/>\n<meta property=\"article:publisher\" content=\"https:\/\/www.facebook.com\/apf.piscines\/\" \/>\n<meta property=\"article:modified_time\" content=\"2023-04-27T10:22:49+00:00\" \/>\n<meta property=\"og:image\" content=\"https:\/\/liner-couverture-equipement-piscine.fr\/wp-content\/uploads\/2019\/05\/APF-favicon-512.jpg\" \/>\n\t<meta property=\"og:image:width\" content=\"512\" \/>\n\t<meta property=\"og:image:height\" content=\"512\" \/>\n\t<meta property=\"og:image:type\" content=\"image\/jpeg\" \/>\n<meta name=\"twitter:card\" content=\"summary_large_image\" \/>\n<meta name=\"twitter:site\" content=\"@ANNONAY_PROD_FR\" \/>\n<meta name=\"twitter:label1\" content=\"Dur\u00e9e de lecture estim\u00e9e\" \/>\n\t<meta name=\"twitter:data1\" content=\"1 minute\" \/>\n<script type=\"application\/ld+json\" class=\"yoast-schema-graph\">{\"@context\":\"https:\/\/schema.org\",\"@graph\":[{\"@type\":\"WebPage\",\"@id\":\"https:\/\/liner-couverture-equipement-piscine.fr\/index.php\/contact\/contacter-apf\/\",\"url\":\"https:\/\/liner-couverture-equipement-piscine.fr\/index.php\/contact\/contacter-apf\/\",\"name\":\"Pisciniers, n'h\u00e9sitez pas \u00e0 nous contacter pour d\u00e9couvrir les produits APF Pool Design\",\"isPartOf\":{\"@id\":\"https:\/\/liner-couverture-equipement-piscine.fr\/#website\"},\"datePublished\":\"2019-05-09T14:47:08+00:00\",\"dateModified\":\"2023-04-27T10:22:49+00:00\",\"description\":\"APF Pool Design r\u00e9serve ses ventes exclusivement aux professionnels de la piscine. Particulier, nous vous invitons \u00e0 contacter le piscinier le plus proche de chez vous.\",\"breadcrumb\":{\"@id\":\"https:\/\/liner-couverture-equipement-piscine.fr\/index.php\/contact\/contacter-apf\/#breadcrumb\"},\"inLanguage\":\"fr-FR\",\"potentialAction\":[{\"@type\":\"ReadAction\",\"target\":[\"https:\/\/liner-couverture-equipement-piscine.fr\/index.php\/contact\/contacter-apf\/\"]}]},{\"@type\":\"BreadcrumbList\",\"@id\":\"https:\/\/liner-couverture-equipement-piscine.fr\/index.php\/contact\/contacter-apf\/#breadcrumb\",\"itemListElement\":[{\"@type\":\"ListItem\",\"position\":1,\"name\":\"Accueil\",\"item\":\"https:\/\/liner-couverture-equipement-piscine.fr\/\"},{\"@type\":\"ListItem\",\"position\":2,\"name\":\"Contact\",\"item\":\"https:\/\/liner-couverture-equipement-piscine.fr\/index.php\/contact\/\"},{\"@type\":\"ListItem\",\"position\":3,\"name\":\"Nous contacter\"}]},{\"@type\":\"WebSite\",\"@id\":\"https:\/\/liner-couverture-equipement-piscine.fr\/#website\",\"url\":\"https:\/\/liner-couverture-equipement-piscine.fr\/\",\"name\":\"APF\",\"description\":\"La signature du sur-mesure\",\"publisher\":{\"@id\":\"https:\/\/liner-couverture-equipement-piscine.fr\/#organization\"},\"potentialAction\":[{\"@type\":\"SearchAction\",\"target\":{\"@type\":\"EntryPoint\",\"urlTemplate\":\"https:\/\/liner-couverture-equipement-piscine.fr\/?s={search_term_string}\"},\"query-input\":\"required name=search_term_string\"}],\"inLanguage\":\"fr-FR\"},{\"@type\":\"Organization\",\"@id\":\"https:\/\/liner-couverture-equipement-piscine.fr\/#organization\",\"name\":\"APF\",\"url\":\"https:\/\/liner-couverture-equipement-piscine.fr\/\",\"logo\":{\"@type\":\"ImageObject\",\"inLanguage\":\"fr-FR\",\"@id\":\"https:\/\/liner-couverture-equipement-piscine.fr\/#\/schema\/logo\/image\/\",\"url\":\"http:\/\/liner-couverture-equipement-piscine.fr\/wp-content\/uploads\/2019\/05\/APF-favicon-512.jpg\",\"contentUrl\":\"http:\/\/liner-couverture-equipement-piscine.fr\/wp-content\/uploads\/2019\/05\/APF-favicon-512.jpg\",\"width\":512,\"height\":512,\"caption\":\"APF\"},\"image\":{\"@id\":\"https:\/\/liner-couverture-equipement-piscine.fr\/#\/schema\/logo\/image\/\"},\"sameAs\":[\"https:\/\/www.instagram.com\/apf-piscines\/\",\"https:\/\/www.linkedin\/com\/company-beta\/10798819\",\"https:\/\/www.pinterest.fr\/apfpiscines\/\",\"https:\/\/www.youtube.com\/channel\/UCx6TWntSEV7St9WbOwPwQaQ\",\"https:\/\/www.facebook.com\/apf.piscines\/\",\"https:\/\/twitter.com\/ANNONAY_PROD_FR\"]}]}<\/script>\n<!-- \/ Yoast SEO plugin. -->","yoast_head_json":{"title":"Pisciniers, n'h\u00e9sitez pas \u00e0 nous contacter pour d\u00e9couvrir les produits APF Pool Design","description":"APF Pool Design r\u00e9serve ses ventes exclusivement aux professionnels de la piscine. Particulier, nous vous invitons \u00e0 contacter le piscinier le plus proche de chez vous.","robots":{"index":"index","follow":"follow","max-snippet":"max-snippet:-1","max-image-preview":"max-image-preview:large","max-video-preview":"max-video-preview:-1"},"canonical":"https:\/\/liner-couverture-equipement-piscine.fr\/index.php\/contact\/contacter-apf\/","og_locale":"fr_FR","og_type":"article","og_title":"Pisciniers, n'h\u00e9sitez pas \u00e0 nous contacter pour d\u00e9couvrir les produits APF Pool Design","og_description":"APF Pool Design r\u00e9serve ses ventes exclusivement aux professionnels de la piscine. Particulier, nous vous invitons \u00e0 contacter le piscinier le plus proche de chez vous.","og_url":"https:\/\/liner-couverture-equipement-piscine.fr\/index.php\/contact\/contacter-apf\/","og_site_name":"APF Pool Design","article_publisher":"https:\/\/www.facebook.com\/apf.piscines\/","article_modified_time":"2023-04-27T10:22:49+00:00","og_image":[{"width":512,"height":512,"url":"https:\/\/liner-couverture-equipement-piscine.fr\/wp-content\/uploads\/2019\/05\/APF-favicon-512.jpg","type":"image\/jpeg"}],"twitter_card":"summary_large_image","twitter_site":"@ANNONAY_PROD_FR","twitter_misc":{"Dur\u00e9e de lecture estim\u00e9e":"1 minute"},"schema":{"@context":"https:\/\/schema.org","@graph":[{"@type":"WebPage","@id":"https:\/\/liner-couverture-equipement-piscine.fr\/index.php\/contact\/contacter-apf\/","url":"https:\/\/liner-couverture-equipement-piscine.fr\/index.php\/contact\/contacter-apf\/","name":"Pisciniers, n'h\u00e9sitez pas \u00e0 nous contacter pour d\u00e9couvrir les produits APF Pool Design","isPartOf":{"@id":"https:\/\/liner-couverture-equipement-piscine.fr\/#website"},"datePublished":"2019-05-09T14:47:08+00:00","dateModified":"2023-04-27T10:22:49+00:00","description":"APF Pool Design r\u00e9serve ses ventes exclusivement aux professionnels de la piscine. Particulier, nous vous invitons \u00e0 contacter le piscinier le plus proche de chez vous.","breadcrumb":{"@id":"https:\/\/liner-couverture-equipement-piscine.fr\/index.php\/contact\/contacter-apf\/#breadcrumb"},"inLanguage":"fr-FR","potentialAction":[{"@type":"ReadAction","target":["https:\/\/liner-couverture-equipement-piscine.fr\/index.php\/contact\/contacter-apf\/"]}]},{"@type":"BreadcrumbList","@id":"https:\/\/liner-couverture-equipement-piscine.fr\/index.php\/contact\/contacter-apf\/#breadcrumb","itemListElement":[{"@type":"ListItem","position":1,"name":"Accueil","item":"https:\/\/liner-couverture-equipement-piscine.fr\/"},{"@type":"ListItem","position":2,"name":"Contact","item":"https:\/\/liner-couverture-equipement-piscine.fr\/index.php\/contact\/"},{"@type":"ListItem","position":3,"name":"Nous contacter"}]},{"@type":"WebSite","@id":"https:\/\/liner-couverture-equipement-piscine.fr\/#website","url":"https:\/\/liner-couverture-equipement-piscine.fr\/","name":"APF","description":"La signature du sur-mesure","publisher":{"@id":"https:\/\/liner-couverture-equipement-piscine.fr\/#organization"},"potentialAction":[{"@type":"SearchAction","target":{"@type":"EntryPoint","urlTemplate":"https:\/\/liner-couverture-equipement-piscine.fr\/?s={search_term_string}"},"query-input":"required name=search_term_string"}],"inLanguage":"fr-FR"},{"@type":"Organization","@id":"https:\/\/liner-couverture-equipement-piscine.fr\/#organization","name":"APF","url":"https:\/\/liner-couverture-equipement-piscine.fr\/","logo":{"@type":"ImageObject","inLanguage":"fr-FR","@id":"https:\/\/liner-couverture-equipement-piscine.fr\/#\/schema\/logo\/image\/","url":"http:\/\/liner-couverture-equipement-piscine.fr\/wp-content\/uploads\/2019\/05\/APF-favicon-512.jpg","contentUrl":"http:\/\/liner-couverture-equipement-piscine.fr\/wp-content\/uploads\/2019\/05\/APF-favicon-512.jpg","width":512,"height":512,"caption":"APF"},"image":{"@id":"https:\/\/liner-couverture-equipement-piscine.fr\/#\/schema\/logo\/image\/"},"sameAs":["https:\/\/www.instagram.com\/apf-piscines\/","https:\/\/www.linkedin\/com\/company-beta\/10798819","https:\/\/www.pinterest.fr\/apfpiscines\/","https:\/\/www.youtube.com\/channel\/UCx6TWntSEV7St9WbOwPwQaQ","https:\/\/www.facebook.com\/apf.piscines\/","https:\/\/twitter.com\/ANNONAY_PROD_FR"]}]}},"_links":{"self":[{"href":"https:\/\/liner-couverture-equipement-piscine.fr\/index.php\/wp-json\/wp\/v2\/pages\/8717"}],"collection":[{"href":"https:\/\/liner-couverture-equipement-piscine.fr\/index.php\/wp-json\/wp\/v2\/pages"}],"about":[{"href":"https:\/\/liner-couverture-equipement-piscine.fr\/index.php\/wp-json\/wp\/v2\/types\/page"}],"author":[{"embeddable":true,"href":"https:\/\/liner-couverture-equipement-piscine.fr\/index.php\/wp-json\/wp\/v2\/users\/1"}],"replies":[{"embeddable":true,"href":"https:\/\/liner-couverture-equipement-piscine.fr\/index.php\/wp-json\/wp\/v2\/comments?post=8717"}],"version-history":[{"count":15,"href":"https:\/\/liner-couverture-equipement-piscine.fr\/index.php\/wp-json\/wp\/v2\/pages\/8717\/revisions"}],"predecessor-version":[{"id":35317,"href":"https:\/\/liner-couverture-equipement-piscine.fr\/index.php\/wp-json\/wp\/v2\/pages\/8717\/revisions\/35317"}],"up":[{"embeddable":true,"href":"https:\/\/liner-couverture-equipement-piscine.fr\/index.php\/wp-json\/wp\/v2\/pages\/6885"}],"wp:attachment":[{"href":"https:\/\/liner-couverture-equipement-piscine.fr\/index.php\/wp-json\/wp\/v2\/media?parent=8717"}],"curies":[{"name":"wp","href":"https:\/\/api.w.org\/{rel}","templated":true}]}}