{"id":8729,"date":"2019-05-09T17:44:26","date_gmt":"2019-05-09T15:44:26","guid":{"rendered":"http:\/\/liner-couverture-equipement-piscine.fr\/?page_id=8729"},"modified":"2026-01-22T15:47:11","modified_gmt":"2026-01-22T14:47:11","slug":"ouvrir-un-compte-professionnel-apf","status":"publish","type":"page","link":"https:\/\/liner-couverture-equipement-piscine.fr\/index.php\/contact\/ouvrir-un-compte-professionnel-apf\/","title":{"rendered":"Ouvrir un compte professionnel"},"content":{"rendered":"<section class=\"l-section wpb_row height_small\"><div class=\"l-section-h i-cf\"><div class=\"g-cols vc_row via_flex valign_top type_default stacking_default\" style=\"--additional-gap:10px;\"><div class=\"vc_col-sm-6 wpb_column vc_column_container\"><div class=\"vc_column-inner\"><div class=\"wpb_wrapper\"><div class=\"wpb_text_column\"><div class=\"wpb_wrapper\"><h3>Ouverture de compte professionnel<\/h3>\n<\/div><\/div><div class=\"w-separator size_small\"><\/div><div class=\"wpb_text_column\"><div class=\"wpb_wrapper\"><p>Vous \u00eates professionnel et exercez une activit\u00e9 dans le secteur de la piscine.<\/p>\n<p>Vous souhaitez b\u00e9n\u00e9ficier des produits et services APF Pool Design et, \u00e0 ce titre, ouvrir un compte professionnel aupr\u00e8s de notre soci\u00e9t\u00e9.<\/p>\n<\/div><\/div><div class=\"w-separator size_small\"><\/div><div class=\"wpb_text_column\"><div class=\"wpb_wrapper\"><p>Voici les documents qu&rsquo;il vous faut r\u00e9unir :<\/p>\n<ul>\n<li><strong><a href=\"https:\/\/liner-couverture-equipement-piscine.fr\/wp-content\/uploads\/APFPoolDesign_Ouverturedecompte_2026.pdf\"><u>La demande d&rsquo;ouverture de compte APF Pool Design d\u00fbment compl\u00e9t\u00e9e et sign\u00e9e<\/u><\/a><\/strong><\/li>\n<li>Votre extrait Kbis ou document d&rsquo;immatriculation de moins de 3 mois<\/li>\n<li>Votre RIB<\/li>\n<li>Votre papier en-t\u00eate<\/li>\n<\/ul>\n<\/div><\/div><\/div><\/div><\/div><div class=\"vc_col-sm-6 wpb_column vc_column_container\"><div class=\"vc_column-inner\"><div class=\"wpb_wrapper\"><div class=\"wpb_text_column\"><div class=\"wpb_wrapper\"><h3>Remplissez, joignez et envoyez !<\/h3>\n<\/div><\/div><div class=\"w-separator size_small\"><\/div><div class=\"wpb_text_column\"><div class=\"wpb_wrapper\">\n<div class=\"wpcf7 no-js\" id=\"wpcf7-f6682-o1\" lang=\"fr-FR\" dir=\"ltr\">\n<div class=\"screen-reader-response\"><p role=\"status\" aria-live=\"polite\" aria-atomic=\"true\"><\/p> <ul><\/ul><\/div>\n<form action=\"\/index.php\/wp-json\/wp\/v2\/pages\/8729#wpcf7-f6682-o1\" method=\"post\" class=\"wpcf7-form init\" aria-label=\"Formulaire de contact\" enctype=\"multipart\/form-data\" novalidate=\"novalidate\" data-status=\"init\">\n<div style=\"display: none;\">\n<input type=\"hidden\" name=\"_wpcf7\" value=\"6682\" \/>\n<input type=\"hidden\" name=\"_wpcf7_version\" value=\"5.7.4\" \/>\n<input type=\"hidden\" name=\"_wpcf7_locale\" value=\"fr_FR\" \/>\n<input type=\"hidden\" name=\"_wpcf7_unit_tag\" value=\"wpcf7-f6682-o1\" \/>\n<input type=\"hidden\" name=\"_wpcf7_container_post\" value=\"0\" \/>\n<input type=\"hidden\" name=\"_wpcf7_posted_data_hash\" value=\"\" \/>\n<\/div>\n<p><label class:sib-SOCIETE-area> Votre soci\u00e9t\u00e9 (obligatoire)<br \/>\n<span class=\"wpcf7-form-control-wrap\" data-name=\"your-society\"><input size=\"40\" class=\"wpcf7-form-control wpcf7-text wpcf7-validates-as-required sib-SOCIETE-area\" aria-required=\"true\" aria-invalid=\"false\" value=\"\" type=\"text\" name=\"your-society\" \/><\/span> <\/label>\n<\/p>\n<p><label class:sib-email-area> Votre adresse de messagerie (obligatoire)<br \/>\n<span class=\"wpcf7-form-control-wrap\" data-name=\"your-email\"><input size=\"40\" class=\"wpcf7-form-control wpcf7-text wpcf7-email wpcf7-validates-as-required wpcf7-validates-as-email sib-email-area\" aria-required=\"true\" aria-invalid=\"false\" value=\"\" type=\"email\" name=\"your-email\" \/><\/span><\/label>\n<\/p>\n<p><label class:sib-CODE_POSTAL-area> Votre code postal (obligatoire)<br \/>\n<span class=\"wpcf7-form-control-wrap\" data-name=\"your-cp\"><input size=\"40\" class=\"wpcf7-form-control wpcf7-text wpcf7-validates-as-required sib-CODE_POSTAL-area\" aria-required=\"true\" aria-invalid=\"false\" value=\"\" type=\"text\" name=\"your-cp\" \/><\/span><\/label>\n<\/p>\n<p><label> Formulaire APF rempli et sign\u00e9 (disponible ci-contre)<br \/>\n<span class=\"wpcf7-form-control-wrap\" data-name=\"FormulaireAPF\"><input size=\"40\" class=\"wpcf7-form-control wpcf7-file wpcf7-validates-as-required\" accept=\".png,.jpeg,.jpg,.pdf,.heic,.odt,.doc,.docx\" aria-required=\"true\" aria-invalid=\"false\" type=\"file\" name=\"FormulaireAPF\" \/><\/span><\/label>\n<\/p>\n<p><label> Votre extrait Kbis ou document d'immatriculation<br \/>\n<span class=\"wpcf7-form-control-wrap\" data-name=\"Kbis\"><input size=\"40\" class=\"wpcf7-form-control wpcf7-file wpcf7-validates-as-required\" accept=\".png,.jpeg,.jpg,.pdf,.heic,.odt,.doc,.docx\" aria-required=\"true\" aria-invalid=\"false\" type=\"file\" name=\"Kbis\" \/><\/span><\/label>\n<\/p>\n<p><label> Votre RIB<br \/>\n<span class=\"wpcf7-form-control-wrap\" data-name=\"RIB\"><input size=\"40\" class=\"wpcf7-form-control wpcf7-file wpcf7-validates-as-required\" accept=\".png,.jpeg,.jpg,.pdf,.heic,.odt,.doc,.docx\" aria-required=\"true\" aria-invalid=\"false\" type=\"file\" name=\"RIB\" \/><\/span><\/label>\n<\/p>\n<p><label> Votre papier en-t\u00eate<br \/>\n<span class=\"wpcf7-form-control-wrap\" data-name=\"Papierentete\"><input size=\"40\" class=\"wpcf7-form-control wpcf7-file wpcf7-validates-as-required\" accept=\".png,.jpeg,.jpg,.pdf,.heic,.odt,.doc,.docx\" aria-required=\"true\" aria-invalid=\"false\" type=\"file\" name=\"Papierentete\" \/><\/span><\/label>\n<\/p>\n<p><label> Informations compl\u00e9mentaires<br \/>\n<span class=\"wpcf7-form-control-wrap\" data-name=\"your-message\"><textarea cols=\"40\" rows=\"10\" class=\"wpcf7-form-control wpcf7-textarea\" aria-invalid=\"false\" name=\"your-message\"><\/textarea><\/span> <\/label>\n<\/p>\n<p><label> Souhaitez-vous \u00eatre contact\u00e9 par votre commercial pour un rendez-vous ?<\/label><br \/>\n<span class=\"wpcf7-form-control-wrap\" data-name=\"RDVcommercial\"><span class=\"wpcf7-form-control wpcf7-radio\"><span class=\"wpcf7-list-item first\"><span class=\"wpcf7-list-item-label\">Oui<\/span><input type=\"radio\" name=\"RDVcommercial\" value=\"Oui\" checked=\"checked\" \/><\/span><span class=\"wpcf7-list-item last\"><span class=\"wpcf7-list-item-label\">Non<\/span><input type=\"radio\" name=\"RDVcommercial\" value=\"Non\" \/><\/span><\/span><\/span>\n<\/p>\n<p><span class=\"wpcf7-form-control-wrap\" data-name=\"your-consent\"><span class=\"wpcf7-form-control wpcf7-acceptance optional\"><span class=\"wpcf7-list-item\"><label><input type=\"checkbox\" name=\"your-consent\" value=\"1\" aria-invalid=\"false\" \/><span class=\"wpcf7-list-item-label\">Vous pouvez m'ajouter \u00e0 votre liste de contacts.<\/span><\/label><\/span><\/span><\/span>\n<\/p>\n<p><input class=\"wpcf7-form-control has-spinner wpcf7-submit\" type=\"submit\" value=\"Envoyer\" \/>\n<\/p><div class=\"wpcf7-response-output\" aria-hidden=\"true\"><\/div>\n<\/form>\n<\/div>\n\n<\/div><\/div><\/div><\/div><\/div><\/div><\/div><\/section>\n","protected":false},"excerpt":{"rendered":"Ouverture de compte professionnel Vous \u00eates professionnel et exercez une activit\u00e9 dans le secteur de la piscine. Vous souhaitez b\u00e9n\u00e9ficier des produits et services APF Pool Design et, \u00e0 ce titre, ouvrir un compte professionnel aupr\u00e8s de notre soci\u00e9t\u00e9. Voici les documents qu&rsquo;il vous faut r\u00e9unir : La demande d&rsquo;ouverture de compte APF Pool Design...","protected":false},"author":1,"featured_media":0,"parent":6885,"menu_order":53,"comment_status":"closed","ping_status":"closed","template":"","meta":{"footnotes":""},"yoast_head":"<!-- This site is optimized with the Yoast SEO plugin v19.11 - https:\/\/yoast.com\/wordpress\/plugins\/seo\/ -->\n<title>APF Pool Design - Comment ouvrir un compte client professionnel ?<\/title>\n<meta name=\"description\" content=\"Vous \u00eates professionnel et exercez une activit\u00e9 dans le secteur de la piscine. Vous voulez b\u00e9n\u00e9ficier des produits et services APF Pool Design et ouvrir un compte pro.\" \/>\n<meta name=\"robots\" content=\"index, follow, max-snippet:-1, max-image-preview:large, max-video-preview:-1\" \/>\n<link rel=\"canonical\" href=\"https:\/\/liner-couverture-equipement-piscine.fr\/index.php\/contact\/ouvrir-un-compte-professionnel-apf\/\" \/>\n<meta property=\"og:locale\" content=\"fr_FR\" \/>\n<meta property=\"og:type\" content=\"article\" \/>\n<meta property=\"og:title\" content=\"APF Pool Design - Comment ouvrir un compte client professionnel ?\" \/>\n<meta property=\"og:description\" content=\"Vous \u00eates professionnel et exercez une activit\u00e9 dans le secteur de la piscine. Vous voulez b\u00e9n\u00e9ficier des produits et services APF Pool Design et ouvrir un compte pro.\" \/>\n<meta property=\"og:url\" content=\"https:\/\/liner-couverture-equipement-piscine.fr\/index.php\/contact\/ouvrir-un-compte-professionnel-apf\/\" \/>\n<meta property=\"og:site_name\" content=\"APF Pool Design\" \/>\n<meta property=\"article:publisher\" content=\"https:\/\/www.facebook.com\/apf.piscines\/\" \/>\n<meta property=\"article:modified_time\" content=\"2026-01-22T14:47:11+00:00\" \/>\n<meta property=\"og:image\" content=\"https:\/\/liner-couverture-equipement-piscine.fr\/wp-content\/uploads\/2019\/05\/APF-favicon-512.jpg\" \/>\n\t<meta property=\"og:image:width\" content=\"512\" \/>\n\t<meta property=\"og:image:height\" content=\"512\" \/>\n\t<meta property=\"og:image:type\" content=\"image\/jpeg\" \/>\n<meta name=\"twitter:card\" content=\"summary_large_image\" \/>\n<meta name=\"twitter:site\" content=\"@ANNONAY_PROD_FR\" \/>\n<meta name=\"twitter:label1\" content=\"Dur\u00e9e de lecture estim\u00e9e\" \/>\n\t<meta name=\"twitter:data1\" content=\"1 minute\" \/>\n<script type=\"application\/ld+json\" class=\"yoast-schema-graph\">{\"@context\":\"https:\/\/schema.org\",\"@graph\":[{\"@type\":\"WebPage\",\"@id\":\"https:\/\/liner-couverture-equipement-piscine.fr\/index.php\/contact\/ouvrir-un-compte-professionnel-apf\/\",\"url\":\"https:\/\/liner-couverture-equipement-piscine.fr\/index.php\/contact\/ouvrir-un-compte-professionnel-apf\/\",\"name\":\"APF Pool Design - Comment ouvrir un compte client professionnel ?\",\"isPartOf\":{\"@id\":\"https:\/\/liner-couverture-equipement-piscine.fr\/#website\"},\"datePublished\":\"2019-05-09T15:44:26+00:00\",\"dateModified\":\"2026-01-22T14:47:11+00:00\",\"description\":\"Vous \u00eates professionnel et exercez une activit\u00e9 dans le secteur de la piscine. Vous voulez b\u00e9n\u00e9ficier des produits et services APF Pool Design et ouvrir un compte pro.\",\"breadcrumb\":{\"@id\":\"https:\/\/liner-couverture-equipement-piscine.fr\/index.php\/contact\/ouvrir-un-compte-professionnel-apf\/#breadcrumb\"},\"inLanguage\":\"fr-FR\",\"potentialAction\":[{\"@type\":\"ReadAction\",\"target\":[\"https:\/\/liner-couverture-equipement-piscine.fr\/index.php\/contact\/ouvrir-un-compte-professionnel-apf\/\"]}]},{\"@type\":\"BreadcrumbList\",\"@id\":\"https:\/\/liner-couverture-equipement-piscine.fr\/index.php\/contact\/ouvrir-un-compte-professionnel-apf\/#breadcrumb\",\"itemListElement\":[{\"@type\":\"ListItem\",\"position\":1,\"name\":\"Accueil\",\"item\":\"https:\/\/liner-couverture-equipement-piscine.fr\/\"},{\"@type\":\"ListItem\",\"position\":2,\"name\":\"Contact\",\"item\":\"https:\/\/liner-couverture-equipement-piscine.fr\/index.php\/contact\/\"},{\"@type\":\"ListItem\",\"position\":3,\"name\":\"Ouvrir un compte professionnel\"}]},{\"@type\":\"WebSite\",\"@id\":\"https:\/\/liner-couverture-equipement-piscine.fr\/#website\",\"url\":\"https:\/\/liner-couverture-equipement-piscine.fr\/\",\"name\":\"APF\",\"description\":\"La signature du sur-mesure\",\"publisher\":{\"@id\":\"https:\/\/liner-couverture-equipement-piscine.fr\/#organization\"},\"potentialAction\":[{\"@type\":\"SearchAction\",\"target\":{\"@type\":\"EntryPoint\",\"urlTemplate\":\"https:\/\/liner-couverture-equipement-piscine.fr\/?s={search_term_string}\"},\"query-input\":\"required name=search_term_string\"}],\"inLanguage\":\"fr-FR\"},{\"@type\":\"Organization\",\"@id\":\"https:\/\/liner-couverture-equipement-piscine.fr\/#organization\",\"name\":\"APF\",\"url\":\"https:\/\/liner-couverture-equipement-piscine.fr\/\",\"logo\":{\"@type\":\"ImageObject\",\"inLanguage\":\"fr-FR\",\"@id\":\"https:\/\/liner-couverture-equipement-piscine.fr\/#\/schema\/logo\/image\/\",\"url\":\"http:\/\/liner-couverture-equipement-piscine.fr\/wp-content\/uploads\/2019\/05\/APF-favicon-512.jpg\",\"contentUrl\":\"http:\/\/liner-couverture-equipement-piscine.fr\/wp-content\/uploads\/2019\/05\/APF-favicon-512.jpg\",\"width\":512,\"height\":512,\"caption\":\"APF\"},\"image\":{\"@id\":\"https:\/\/liner-couverture-equipement-piscine.fr\/#\/schema\/logo\/image\/\"},\"sameAs\":[\"https:\/\/www.instagram.com\/apf-piscines\/\",\"https:\/\/www.linkedin\/com\/company-beta\/10798819\",\"https:\/\/www.pinterest.fr\/apfpiscines\/\",\"https:\/\/www.youtube.com\/channel\/UCx6TWntSEV7St9WbOwPwQaQ\",\"https:\/\/www.facebook.com\/apf.piscines\/\",\"https:\/\/twitter.com\/ANNONAY_PROD_FR\"]}]}<\/script>\n<!-- \/ Yoast SEO plugin. -->","yoast_head_json":{"title":"APF Pool Design - Comment ouvrir un compte client professionnel ?","description":"Vous \u00eates professionnel et exercez une activit\u00e9 dans le secteur de la piscine. Vous voulez b\u00e9n\u00e9ficier des produits et services APF Pool Design et ouvrir un compte pro.","robots":{"index":"index","follow":"follow","max-snippet":"max-snippet:-1","max-image-preview":"max-image-preview:large","max-video-preview":"max-video-preview:-1"},"canonical":"https:\/\/liner-couverture-equipement-piscine.fr\/index.php\/contact\/ouvrir-un-compte-professionnel-apf\/","og_locale":"fr_FR","og_type":"article","og_title":"APF Pool Design - Comment ouvrir un compte client professionnel ?","og_description":"Vous \u00eates professionnel et exercez une activit\u00e9 dans le secteur de la piscine. Vous voulez b\u00e9n\u00e9ficier des produits et services APF Pool Design et ouvrir un compte pro.","og_url":"https:\/\/liner-couverture-equipement-piscine.fr\/index.php\/contact\/ouvrir-un-compte-professionnel-apf\/","og_site_name":"APF Pool Design","article_publisher":"https:\/\/www.facebook.com\/apf.piscines\/","article_modified_time":"2026-01-22T14:47:11+00:00","og_image":[{"width":512,"height":512,"url":"https:\/\/liner-couverture-equipement-piscine.fr\/wp-content\/uploads\/2019\/05\/APF-favicon-512.jpg","type":"image\/jpeg"}],"twitter_card":"summary_large_image","twitter_site":"@ANNONAY_PROD_FR","twitter_misc":{"Dur\u00e9e de lecture estim\u00e9e":"1 minute"},"schema":{"@context":"https:\/\/schema.org","@graph":[{"@type":"WebPage","@id":"https:\/\/liner-couverture-equipement-piscine.fr\/index.php\/contact\/ouvrir-un-compte-professionnel-apf\/","url":"https:\/\/liner-couverture-equipement-piscine.fr\/index.php\/contact\/ouvrir-un-compte-professionnel-apf\/","name":"APF Pool Design - Comment ouvrir un compte client professionnel ?","isPartOf":{"@id":"https:\/\/liner-couverture-equipement-piscine.fr\/#website"},"datePublished":"2019-05-09T15:44:26+00:00","dateModified":"2026-01-22T14:47:11+00:00","description":"Vous \u00eates professionnel et exercez une activit\u00e9 dans le secteur de la piscine. Vous voulez b\u00e9n\u00e9ficier des produits et services APF Pool Design et ouvrir un compte pro.","breadcrumb":{"@id":"https:\/\/liner-couverture-equipement-piscine.fr\/index.php\/contact\/ouvrir-un-compte-professionnel-apf\/#breadcrumb"},"inLanguage":"fr-FR","potentialAction":[{"@type":"ReadAction","target":["https:\/\/liner-couverture-equipement-piscine.fr\/index.php\/contact\/ouvrir-un-compte-professionnel-apf\/"]}]},{"@type":"BreadcrumbList","@id":"https:\/\/liner-couverture-equipement-piscine.fr\/index.php\/contact\/ouvrir-un-compte-professionnel-apf\/#breadcrumb","itemListElement":[{"@type":"ListItem","position":1,"name":"Accueil","item":"https:\/\/liner-couverture-equipement-piscine.fr\/"},{"@type":"ListItem","position":2,"name":"Contact","item":"https:\/\/liner-couverture-equipement-piscine.fr\/index.php\/contact\/"},{"@type":"ListItem","position":3,"name":"Ouvrir un compte professionnel"}]},{"@type":"WebSite","@id":"https:\/\/liner-couverture-equipement-piscine.fr\/#website","url":"https:\/\/liner-couverture-equipement-piscine.fr\/","name":"APF","description":"La signature du sur-mesure","publisher":{"@id":"https:\/\/liner-couverture-equipement-piscine.fr\/#organization"},"potentialAction":[{"@type":"SearchAction","target":{"@type":"EntryPoint","urlTemplate":"https:\/\/liner-couverture-equipement-piscine.fr\/?s={search_term_string}"},"query-input":"required name=search_term_string"}],"inLanguage":"fr-FR"},{"@type":"Organization","@id":"https:\/\/liner-couverture-equipement-piscine.fr\/#organization","name":"APF","url":"https:\/\/liner-couverture-equipement-piscine.fr\/","logo":{"@type":"ImageObject","inLanguage":"fr-FR","@id":"https:\/\/liner-couverture-equipement-piscine.fr\/#\/schema\/logo\/image\/","url":"http:\/\/liner-couverture-equipement-piscine.fr\/wp-content\/uploads\/2019\/05\/APF-favicon-512.jpg","contentUrl":"http:\/\/liner-couverture-equipement-piscine.fr\/wp-content\/uploads\/2019\/05\/APF-favicon-512.jpg","width":512,"height":512,"caption":"APF"},"image":{"@id":"https:\/\/liner-couverture-equipement-piscine.fr\/#\/schema\/logo\/image\/"},"sameAs":["https:\/\/www.instagram.com\/apf-piscines\/","https:\/\/www.linkedin\/com\/company-beta\/10798819","https:\/\/www.pinterest.fr\/apfpiscines\/","https:\/\/www.youtube.com\/channel\/UCx6TWntSEV7St9WbOwPwQaQ","https:\/\/www.facebook.com\/apf.piscines\/","https:\/\/twitter.com\/ANNONAY_PROD_FR"]}]}},"_links":{"self":[{"href":"https:\/\/liner-couverture-equipement-piscine.fr\/index.php\/wp-json\/wp\/v2\/pages\/8729"}],"collection":[{"href":"https:\/\/liner-couverture-equipement-piscine.fr\/index.php\/wp-json\/wp\/v2\/pages"}],"about":[{"href":"https:\/\/liner-couverture-equipement-piscine.fr\/index.php\/wp-json\/wp\/v2\/types\/page"}],"author":[{"embeddable":true,"href":"https:\/\/liner-couverture-equipement-piscine.fr\/index.php\/wp-json\/wp\/v2\/users\/1"}],"replies":[{"embeddable":true,"href":"https:\/\/liner-couverture-equipement-piscine.fr\/index.php\/wp-json\/wp\/v2\/comments?post=8729"}],"version-history":[{"count":16,"href":"https:\/\/liner-couverture-equipement-piscine.fr\/index.php\/wp-json\/wp\/v2\/pages\/8729\/revisions"}],"predecessor-version":[{"id":38189,"href":"https:\/\/liner-couverture-equipement-piscine.fr\/index.php\/wp-json\/wp\/v2\/pages\/8729\/revisions\/38189"}],"up":[{"embeddable":true,"href":"https:\/\/liner-couverture-equipement-piscine.fr\/index.php\/wp-json\/wp\/v2\/pages\/6885"}],"wp:attachment":[{"href":"https:\/\/liner-couverture-equipement-piscine.fr\/index.php\/wp-json\/wp\/v2\/media?parent=8729"}],"curies":[{"name":"wp","href":"https:\/\/api.w.org\/{rel}","templated":true}]}}