{"id":8738,"date":"2019-05-10T08:35:53","date_gmt":"2019-05-10T06:35:53","guid":{"rendered":"http:\/\/liner-couverture-equipement-piscine.fr\/?page_id=8738"},"modified":"2021-04-27T09:01:07","modified_gmt":"2021-04-27T07:01:07","slug":"politique-de-confidentialite-2","status":"publish","type":"page","link":"https:\/\/liner-couverture-equipement-piscine.fr\/index.php\/politique-de-confidentialite-2\/","title":{"rendered":"Politique de confidentialit\u00e9"},"content":{"rendered":"<section class=\"l-section wpb_row height_small\"><div class=\"l-section-h i-cf\"><div class=\"g-cols vc_row via_flex valign_top type_default stacking_default\"><div class=\"vc_col-sm-12 wpb_column vc_column_container\"><div class=\"vc_column-inner\"><div class=\"wpb_wrapper\"><div class=\"wpb_text_column\"><div class=\"wpb_wrapper\"><p style=\"text-align: justify;\">Cet Avis de confidentialit\u00e9 explique comment les donn\u00e9es \u00e0 caract\u00e8re personnel (\u00ab Donn\u00e9es \u00bb) que vous avez fournies par directement \u00e0 APF (\u00ab nous \u00bb, \u00ab notre \u00bb) ou qui ont \u00e9t\u00e9 collect\u00e9es par l&rsquo;interm\u00e9diaire de notre site web, seront trait\u00e9es conform\u00e9ment aux lois et r\u00e8glements applicables. Nous nous engageons \u00e0 prot\u00e9ger et \u00e0 respecter votre vie priv\u00e9e.<\/p>\n<p style=\"text-align: justify;\"><strong>1 COMMENT OBTENONS-NOUS VOS DONN\u00c9ES ?<\/strong><\/p>\n<p style=\"text-align: justify;\">Les Donn\u00e9es que nous pouvons collecter, traiter et enregistrer sont les suivantes :<\/p>\n<p style=\"text-align: justify;\">a. Les Donn\u00e9es que vous nous avez fournies afin de recevoir un service sp\u00e9cifique ou dans le cadre de notre relation commerciale (telles que vos coordonn\u00e9es, vos donn\u00e9es professionnelles, des informations financi\u00e8res ou techniques) ;<\/p>\n<p style=\"text-align: justify;\">b. Les Donn\u00e9es relatives \u00e0 votre navigation sur notre site web ou les Donn\u00e9es r\u00e9sultant de votre interaction avec notre site web ;<\/p>\n<p style=\"text-align: justify;\">c. Les cookies (vous pouvez \u00e0 ce titre consulter notre politique sur les cookies, dont le lien se trouve plus haut, qui explique l&rsquo;utilisation que nous faisons des cookies et autres dispositifs de suivi Internet via notre site web).<\/p>\n<p style=\"text-align: justify;\">De mani\u00e8re g\u00e9n\u00e9rale, ces Donn\u00e9es sont collect\u00e9es directement aupr\u00e8s de vous, mais dans certains cas, il arrive que nous recueillions des Donn\u00e9es vous concernant aupr\u00e8s d&rsquo;un tiers ou \u00e0 partir de documents publics. En pareil cas, nous prot\u00e9geons les Donn\u00e9es obtenues de ces tiers conform\u00e9ment aux pratiques d\u00e9crites dans le pr\u00e9sent avis de confidentialit\u00e9.<\/p>\n<p style=\"text-align: justify;\"><strong>2 COMMENT UTILISONS-NOUS VOS DONN\u00c9ES ?<\/strong><\/p>\n<p style=\"text-align: justify;\">Les Donn\u00e9es collect\u00e9es peuvent \u00eatre trait\u00e9es par nous dans le cadre des finalit\u00e9s suivantes :<\/p>\n<p style=\"text-align: justify;\">i. Pour r\u00e9pondre \u00e0 toutes vos questions en vous fournissant les renseignements relatifs \u00e0 nos produits, nos services, nos offres ou \u00e0 notre r\u00e9seau commercial ;<\/p>\n<p style=\"text-align: justify;\">ii. Pour \u00e9tablir, entretenir et d\u00e9velopper la relation que nous entretenons avec vous ;<\/p>\n<p style=\"text-align: justify;\">iii. Sous r\u00e9serve d\u2019avoir obtenu votre consentement, pour nous permettre de vous envoyer nos newsletters, des communications commerciales ainsi que des publicit\u00e9s sur nos produits et nos services ou pour r\u00e9aliser des \u00e9tudes de march\u00e9. L\u2019ensemble de ces op\u00e9rations pourra \u00eatre effectu\u00e9 sur document papier ou par des moyens automatis\u00e9s ou \u00e9lectroniques, y compris par courrier ou e-mail, par t\u00e9l\u00e9phone (par exemple : appels t\u00e9l\u00e9phoniques automatis\u00e9s, SMS, MMS, fax) et tout autre moyen (par exemple : sites web, applications mobiles) ;<\/p>\n<p style=\"text-align: justify;\">La lic\u00e9it\u00e9 des traitements vis\u00e9s aux points (i) et (ii) ci-dessus repose sur les bases l\u00e9gales relatives \u00e0 l\u2019ex\u00e9cution du contrat et \u00e0 la poursuite de nos int\u00e9r\u00eats l\u00e9gitimes, et ceux vis\u00e9s aux points (iii) sur le consentement que vous nous avez transmis. \u00c0 cet effet, nous vous pr\u00e9cisons que vous \u00eates libre de retirer \u00e0 tout moment le consentement que vous nous avez transmis.<\/p>\n<p style=\"text-align: justify;\">Vos Donn\u00e9es peuvent \u00eatre trait\u00e9es \u00e9lectroniquement dans nos syst\u00e8mes informatiques, ou manuellement, sur papier. Vos Donn\u00e9es seront trait\u00e9es de mani\u00e8re licite, loyale et transparente et m\u00e9moris\u00e9es durant toute leur dur\u00e9e de conservation, de mani\u00e8re \u00e0 ce que leur s\u00e9curit\u00e9 et leur confidentialit\u00e9 soient assur\u00e9es conform\u00e9ment aux lois et r\u00e8glements applicables.<\/p>\n<p style=\"text-align: justify;\"><strong>3 CONS\u00c9QUENCES DE L&rsquo;OMISSION DE FOURNIR DES DONN\u00c9ES<\/strong><\/p>\n<p style=\"text-align: justify;\">La communication de vos Donn\u00e9es n&rsquo;est jamais obligatoire. Toutefois, si vous omettez de transmettre des Donn\u00e9es n\u00e9cessaires \u00e0 la fourniture d\u2019un service ou d\u2019un produit, nous ne pourrons pas vous assurer d\u2019\u00eatre en mesure de vous fournir le service ou le produit requis ou de vous garantir la qualit\u00e9 de la prestation de ce service ou de ce produit. En revanche, si vous omettez de fournir des Donn\u00e9es facultatives, vous pourrez quoi qu&rsquo;il en soit acc\u00e9der au service ou recevoir ledit produit.<\/p>\n<p style=\"text-align: justify;\"><strong>4 COMMENT PARTAGEONS-NOUS VOS DONN\u00c9ES ?<\/strong><\/p>\n<p style=\"text-align: justify;\">Nous faisons partie du Groupe Platinium Pool. Vos Donn\u00e9es peuvent \u00eatre partag\u00e9es et communiqu\u00e9es \u00e0 nos usines de production dans la mesure o\u00f9 ils sont soumis \u00e0 des obligations contractuelles appropri\u00e9es et ne peuvent les utiliser que dans le cadre des finalit\u00e9s \u00e9voqu\u00e9es ci-dessus.<\/p>\n<p style=\"text-align: justify;\"><strong>5 CONSERVATION DE VOS DONN\u00c9ES<\/strong><\/p>\n<p style=\"text-align: justify;\">Nous conservons vos Donn\u00e9es dans nos syst\u00e8mes et archives aussi longtemps que n\u00e9cessaire pour poursuivre les finalit\u00e9s d\u00e9crites dans le pr\u00e9sent Avis de confidentialit\u00e9 et ce, en tenant compte, le cas \u00e9ch\u00e9ant, des exigences l\u00e9gales et contractuelles.<\/p>\n<p style=\"text-align: justify;\">Lorsque vos Donn\u00e9es ne sont plus n\u00e9cessaires aux finalit\u00e9s pour lesquelles elles ont \u00e9t\u00e9 trait\u00e9es, elles sont effac\u00e9es ou conserv\u00e9es sous une forme qui ne permet plus de vous identifier, sous r\u00e9serve que nous ne soyons pas l\u00e9galement tenus ou autoris\u00e9s \u00e0 conserver ces Donn\u00e9es. Nous pourrions par ailleurs continuer \u00e0 stocker des Donn\u00e9es pendant une p\u00e9riode prolong\u00e9e, si cela s\u2019av\u00e9rait n\u00e9cessaire \u00e0 la protection de nos int\u00e9r\u00eats en cas de mise en cause de notre responsabilit\u00e9 relative \u00e0 la fourniture de services ou de produits ou au traitement des Donn\u00e9es.<\/p>\n<p style=\"text-align: justify;\">Les Donn\u00e9es trait\u00e9es \u00e0 des fins de marketing seront conserv\u00e9es jusqu&rsquo;\u00e0 ce que vous retiriez votre consentement et, en tout \u00e9tat de cause, dans le respect des principes susmentionn\u00e9s et des directives fournies par les Autorit\u00e9s de protection des donn\u00e9es personnelles comp\u00e9tentes.<\/p>\n<p style=\"text-align: justify;\"><strong>6 RESPONSABLE DU TRAITEMENT DE VOS DONNEES<\/strong><\/p>\n<p style=\"text-align: justify;\">APF, dont le si\u00e8ge social se trouve \u00e0 55 rue L\u00e9o Lagrange \u2013 ZI La Lombardi\u00e8re 07100 ANNONAY, est Responsable du traitement des Donn\u00e9es qu&rsquo;elle collecte, traite et enregistre dans le cadre du pr\u00e9sent Avis de confidentialit\u00e9.<\/p>\n<p style=\"text-align: justify;\"><strong>7 VOS DROITS CONCERNANT VOS DONN\u00c9ES<\/strong><\/p>\n<p style=\"text-align: justify;\">Vous pouvez exercer vos droits tels que d\u00e9finis par les lois et r\u00e8glements applicables, notamment :<\/p>\n<p style=\"text-align: justify;\">\u2022<strong> Droit d&rsquo;acc\u00e8s<\/strong> : le droit d&rsquo;obtenir du Responsable du traitement la confirmation que vos Donn\u00e9es sont ou ne sont pas trait\u00e9es, et, lorsqu\u2019elles le sont, de demander l&rsquo;acc\u00e8s \u00e0 vos Donn\u00e9es.<\/p>\n<p style=\"text-align: justify;\">\u2022 <strong>Droit de rectification<\/strong> : le droit d&rsquo;obtenir du Responsable du traitement la rectification des Donn\u00e9es que vous consid\u00e9rez impr\u00e9cises ou incompl\u00e8tes, y compris en fournissant une d\u00e9claration suppl\u00e9mentaire.<\/p>\n<p style=\"text-align: justify;\">\u2022 <strong>Droit \u00e0 l\u2019effacement<\/strong> : le droit d&rsquo;obtenir du Responsable du traitement l&rsquo;effacement de vos Donn\u00e9es dans les meilleurs d\u00e9lais, lorsque la demande est faite conform\u00e9ment aux lois et r\u00e8glements applicables.<\/p>\n<p style=\"text-align: justify;\">\u2022 <strong>Droit d&rsquo;opposition<\/strong> : le droit de vous opposer \u00e0 tout moment au traitement de vos Donn\u00e9es, \u00e0 moins que le Responsable du traitement ne d\u00e9montre l\u2019existence de motifs l\u00e9gitimes et imp\u00e9rieux pr\u00e9valant sur ce droit.<\/p>\n<p style=\"text-align: justify;\">\u2022 <strong>Droit \u00e0 la limitation du traitement<\/strong> : le droit d&rsquo;obtenir du Responsable du traitement une limitation aux activit\u00e9s de traitement lorsque la pr\u00e9cision et l&rsquo;exactitude des Donn\u00e9es est contest\u00e9e, et ce, pendant une dur\u00e9e permettant au Responsable du traitement de v\u00e9rifier l&rsquo;exactitude des Donn\u00e9es.<\/p>\n<p style=\"text-align: justify;\">\u2022 <strong>Droit \u00e0 la portabilit\u00e9 des Donn\u00e9es<\/strong> : le droit de recevoir les Donn\u00e9es que vous avez fournies au Responsable du traitement sous un format structur\u00e9, couramment utilis\u00e9 et lisible par machine. Vous avez \u00e9galement le droit de transmettre ces Donn\u00e9es \u00e0 un autre responsable du traitement sans que nous puissions y faire obstacle lorsque le traitement est fond\u00e9 sur le consentement ou sur un contrat, et effectu\u00e9 \u00e0 l\u2019aide de proc\u00e9d\u00e9s automatis\u00e9s.<\/p>\n<p style=\"text-align: justify;\">\u2022 <strong>Droit de porter plainte<\/strong> : sans pr\u00e9judice de tout litige administratif ou judiciaire, si vous pensez que le traitement de vos Donn\u00e9es a \u00e9t\u00e9 effectu\u00e9 de mani\u00e8re illicite ou non conforme aux lois et r\u00e8glements en vigueur, vous \u00eates en droit de porter plainte aupr\u00e8s de l&rsquo;Autorit\u00e9 de contr\u00f4le de l&rsquo;\u00c9tat membre dans lequel vous r\u00e9sidez ou travaillez habituellement, ou de l&rsquo;\u00c9tat membre o\u00f9 une violation a eu lieu.<\/p>\n<p style=\"text-align: justify;\">Vous pouvez exercer les droits susmentionn\u00e9s en nous contactant comme suit :<\/p>\n<p style=\"text-align: justify;\">\u2022 Soit en \u00e9crivant un courriel \u00e0 <a href=\"mailto:responsable.informatique@apf-france.com\" target=\"_blank\" rel=\"noopener\">responsable.informatique@apf-france.com<\/a> ; en pareil cas, nous vous remercions de joindre le formulaire standard que vous pouvez <a href=\"https:\/\/liner-couverture-equipement-piscine.fr\/wp-content\/uploads\/2019\/05\/APF-Formulaire-traitement-donnees.pdf\" target=\"_blank\" rel=\"noopener\">t\u00e9l\u00e9charger ici<\/a><\/p>\n<p style=\"text-align: justify;\">\u2022 Soit en envoyant un courrier \u00e0 APF, \u00e0 l\u2019attention du responsable du traitement des donn\u00e9es, 55 rue L\u00e9o Lagrange \u2013 ZI La Lombardi\u00e8re 07100 ANNONAY ; en pareil cas, nous vous remercions de joindre le formulaire standard que vous pouvez <a href=\"https:\/\/liner-couverture-equipement-piscine.fr\/wp-content\/uploads\/2019\/05\/APF-Formulaire-traitement-donnees.pdf\" target=\"_blank\" rel=\"noopener\">t\u00e9l\u00e9charger ici<\/a><\/p>\n<p style=\"text-align: justify;\">Si vous nous adressez une demande, nous nous r\u00e9servons la possibilit\u00e9 de solliciter aupr\u00e8s de vous des renseignements suppl\u00e9mentaires pour nous permettre de v\u00e9rifier votre identit\u00e9 et de vous contacter si n\u00e9cessaire. Ces informations, ainsi que les autres Donn\u00e9es dont nous disposons d\u00e9j\u00e0, seront ensuite trait\u00e9es afin de r\u00e9pondre \u00e0 votre demande, conform\u00e9ment \u00e0 la loi applicable. Au besoin, certaines informations pourront \u00eatre transmises \u00e0 d&rsquo;autres soci\u00e9t\u00e9s du groupe Platinium Pool afin de r\u00e9pondre \u00e0 votre demande Vos Donn\u00e9es seront trait\u00e9es pendant le temps n\u00e9cessaire afin d&rsquo;\u00e9valuer et g\u00e9rer votre demande, puis stock\u00e9es pendant une p\u00e9riode suffisamment longue en vue de nous permettre de d\u00e9montrer que la demande a \u00e9t\u00e9 trait\u00e9e correctement et en temps utile.<\/p>\n<p style=\"text-align: justify;\"><strong>8 MISES \u00c0 JOUR DE CET AVIS DE CONFIDENTIALIT\u00c9<\/strong><\/p>\n<p style=\"text-align: justify;\">Cet Avis de confidentialit\u00e9 a \u00e9t\u00e9 mis \u00e0 jour en mai 2018. Nous nous r\u00e9servons le droit de modifier ou de mettre \u00e0 jour r\u00e9guli\u00e8rement le pr\u00e9sent Avis de confidentialit\u00e9 pour tenir compte de l&rsquo;\u00e9volution des exigences juridiques ou de nos activit\u00e9s de traitement. Nous publierons toute mise \u00e0 jour sur ce site web, laquelle entrera en vigueur d\u00e8s sa publication. Nous vous encourageons \u00e0 consulter r\u00e9guli\u00e8rement cet Avis de confidentialit\u00e9 pour savoir de quelle mani\u00e8re nous traitons vos donn\u00e9es.<\/p>\n<\/div><\/div><\/div><\/div><\/div><\/div><\/div><\/section>\n","protected":false},"excerpt":{"rendered":"Cet Avis de confidentialit\u00e9 explique comment les donn\u00e9es \u00e0 caract\u00e8re personnel (\u00ab Donn\u00e9es \u00bb) que vous avez fournies par directement \u00e0 APF (\u00ab nous \u00bb, \u00ab notre \u00bb) ou qui ont \u00e9t\u00e9 collect\u00e9es par l&rsquo;interm\u00e9diaire de notre site web, seront trait\u00e9es conform\u00e9ment aux lois et r\u00e8glements applicables. Nous nous engageons \u00e0 prot\u00e9ger et \u00e0 respecter...","protected":false},"author":1,"featured_media":0,"parent":0,"menu_order":55,"comment_status":"closed","ping_status":"closed","template":"","meta":{"footnotes":""},"yoast_head":"<!-- This site is optimized with the Yoast SEO plugin v19.11 - https:\/\/yoast.com\/wordpress\/plugins\/seo\/ -->\n<title>Politique de confidentialit\u00e9<\/title>\n<meta name=\"robots\" content=\"index, follow, max-snippet:-1, max-image-preview:large, max-video-preview:-1\" \/>\n<link rel=\"canonical\" href=\"https:\/\/liner-couverture-equipement-piscine.fr\/index.php\/politique-de-confidentialite-2\/\" \/>\n<meta property=\"og:locale\" content=\"fr_FR\" \/>\n<meta property=\"og:type\" content=\"article\" \/>\n<meta property=\"og:title\" content=\"Politique de confidentialit\u00e9\" \/>\n<meta property=\"og:url\" content=\"https:\/\/liner-couverture-equipement-piscine.fr\/index.php\/politique-de-confidentialite-2\/\" \/>\n<meta property=\"og:site_name\" content=\"APF Pool Design\" \/>\n<meta property=\"article:publisher\" content=\"https:\/\/www.facebook.com\/apf.piscines\/\" \/>\n<meta property=\"article:modified_time\" content=\"2021-04-27T07:01:07+00:00\" \/>\n<meta property=\"og:image\" content=\"https:\/\/liner-couverture-equipement-piscine.fr\/wp-content\/uploads\/2019\/05\/APF-favicon-512.jpg\" \/>\n\t<meta property=\"og:image:width\" content=\"512\" \/>\n\t<meta property=\"og:image:height\" content=\"512\" \/>\n\t<meta property=\"og:image:type\" content=\"image\/jpeg\" \/>\n<meta name=\"twitter:card\" content=\"summary_large_image\" \/>\n<meta name=\"twitter:site\" content=\"@ANNONAY_PROD_FR\" \/>\n<meta name=\"twitter:label1\" content=\"Dur\u00e9e de lecture estim\u00e9e\" \/>\n\t<meta name=\"twitter:data1\" content=\"8 minutes\" \/>\n<script type=\"application\/ld+json\" class=\"yoast-schema-graph\">{\"@context\":\"https:\/\/schema.org\",\"@graph\":[{\"@type\":\"WebPage\",\"@id\":\"https:\/\/liner-couverture-equipement-piscine.fr\/index.php\/politique-de-confidentialite-2\/\",\"url\":\"https:\/\/liner-couverture-equipement-piscine.fr\/index.php\/politique-de-confidentialite-2\/\",\"name\":\"Politique de confidentialit\u00e9\",\"isPartOf\":{\"@id\":\"https:\/\/liner-couverture-equipement-piscine.fr\/#website\"},\"datePublished\":\"2019-05-10T06:35:53+00:00\",\"dateModified\":\"2021-04-27T07:01:07+00:00\",\"breadcrumb\":{\"@id\":\"https:\/\/liner-couverture-equipement-piscine.fr\/index.php\/politique-de-confidentialite-2\/#breadcrumb\"},\"inLanguage\":\"fr-FR\",\"potentialAction\":[{\"@type\":\"ReadAction\",\"target\":[\"https:\/\/liner-couverture-equipement-piscine.fr\/index.php\/politique-de-confidentialite-2\/\"]}]},{\"@type\":\"BreadcrumbList\",\"@id\":\"https:\/\/liner-couverture-equipement-piscine.fr\/index.php\/politique-de-confidentialite-2\/#breadcrumb\",\"itemListElement\":[{\"@type\":\"ListItem\",\"position\":1,\"name\":\"Accueil\",\"item\":\"https:\/\/liner-couverture-equipement-piscine.fr\/\"},{\"@type\":\"ListItem\",\"position\":2,\"name\":\"Politique de confidentialit\u00e9\"}]},{\"@type\":\"WebSite\",\"@id\":\"https:\/\/liner-couverture-equipement-piscine.fr\/#website\",\"url\":\"https:\/\/liner-couverture-equipement-piscine.fr\/\",\"name\":\"APF\",\"description\":\"La signature du sur-mesure\",\"publisher\":{\"@id\":\"https:\/\/liner-couverture-equipement-piscine.fr\/#organization\"},\"potentialAction\":[{\"@type\":\"SearchAction\",\"target\":{\"@type\":\"EntryPoint\",\"urlTemplate\":\"https:\/\/liner-couverture-equipement-piscine.fr\/?s={search_term_string}\"},\"query-input\":\"required name=search_term_string\"}],\"inLanguage\":\"fr-FR\"},{\"@type\":\"Organization\",\"@id\":\"https:\/\/liner-couverture-equipement-piscine.fr\/#organization\",\"name\":\"APF\",\"url\":\"https:\/\/liner-couverture-equipement-piscine.fr\/\",\"logo\":{\"@type\":\"ImageObject\",\"inLanguage\":\"fr-FR\",\"@id\":\"https:\/\/liner-couverture-equipement-piscine.fr\/#\/schema\/logo\/image\/\",\"url\":\"http:\/\/liner-couverture-equipement-piscine.fr\/wp-content\/uploads\/2019\/05\/APF-favicon-512.jpg\",\"contentUrl\":\"http:\/\/liner-couverture-equipement-piscine.fr\/wp-content\/uploads\/2019\/05\/APF-favicon-512.jpg\",\"width\":512,\"height\":512,\"caption\":\"APF\"},\"image\":{\"@id\":\"https:\/\/liner-couverture-equipement-piscine.fr\/#\/schema\/logo\/image\/\"},\"sameAs\":[\"https:\/\/www.instagram.com\/apf-piscines\/\",\"https:\/\/www.linkedin\/com\/company-beta\/10798819\",\"https:\/\/www.pinterest.fr\/apfpiscines\/\",\"https:\/\/www.youtube.com\/channel\/UCx6TWntSEV7St9WbOwPwQaQ\",\"https:\/\/www.facebook.com\/apf.piscines\/\",\"https:\/\/twitter.com\/ANNONAY_PROD_FR\"]}]}<\/script>\n<!-- \/ Yoast SEO plugin. -->","yoast_head_json":{"title":"Politique de confidentialit\u00e9","robots":{"index":"index","follow":"follow","max-snippet":"max-snippet:-1","max-image-preview":"max-image-preview:large","max-video-preview":"max-video-preview:-1"},"canonical":"https:\/\/liner-couverture-equipement-piscine.fr\/index.php\/politique-de-confidentialite-2\/","og_locale":"fr_FR","og_type":"article","og_title":"Politique de confidentialit\u00e9","og_url":"https:\/\/liner-couverture-equipement-piscine.fr\/index.php\/politique-de-confidentialite-2\/","og_site_name":"APF Pool Design","article_publisher":"https:\/\/www.facebook.com\/apf.piscines\/","article_modified_time":"2021-04-27T07:01:07+00:00","og_image":[{"width":512,"height":512,"url":"https:\/\/liner-couverture-equipement-piscine.fr\/wp-content\/uploads\/2019\/05\/APF-favicon-512.jpg","type":"image\/jpeg"}],"twitter_card":"summary_large_image","twitter_site":"@ANNONAY_PROD_FR","twitter_misc":{"Dur\u00e9e de lecture estim\u00e9e":"8 minutes"},"schema":{"@context":"https:\/\/schema.org","@graph":[{"@type":"WebPage","@id":"https:\/\/liner-couverture-equipement-piscine.fr\/index.php\/politique-de-confidentialite-2\/","url":"https:\/\/liner-couverture-equipement-piscine.fr\/index.php\/politique-de-confidentialite-2\/","name":"Politique de confidentialit\u00e9","isPartOf":{"@id":"https:\/\/liner-couverture-equipement-piscine.fr\/#website"},"datePublished":"2019-05-10T06:35:53+00:00","dateModified":"2021-04-27T07:01:07+00:00","breadcrumb":{"@id":"https:\/\/liner-couverture-equipement-piscine.fr\/index.php\/politique-de-confidentialite-2\/#breadcrumb"},"inLanguage":"fr-FR","potentialAction":[{"@type":"ReadAction","target":["https:\/\/liner-couverture-equipement-piscine.fr\/index.php\/politique-de-confidentialite-2\/"]}]},{"@type":"BreadcrumbList","@id":"https:\/\/liner-couverture-equipement-piscine.fr\/index.php\/politique-de-confidentialite-2\/#breadcrumb","itemListElement":[{"@type":"ListItem","position":1,"name":"Accueil","item":"https:\/\/liner-couverture-equipement-piscine.fr\/"},{"@type":"ListItem","position":2,"name":"Politique de confidentialit\u00e9"}]},{"@type":"WebSite","@id":"https:\/\/liner-couverture-equipement-piscine.fr\/#website","url":"https:\/\/liner-couverture-equipement-piscine.fr\/","name":"APF","description":"La signature du sur-mesure","publisher":{"@id":"https:\/\/liner-couverture-equipement-piscine.fr\/#organization"},"potentialAction":[{"@type":"SearchAction","target":{"@type":"EntryPoint","urlTemplate":"https:\/\/liner-couverture-equipement-piscine.fr\/?s={search_term_string}"},"query-input":"required name=search_term_string"}],"inLanguage":"fr-FR"},{"@type":"Organization","@id":"https:\/\/liner-couverture-equipement-piscine.fr\/#organization","name":"APF","url":"https:\/\/liner-couverture-equipement-piscine.fr\/","logo":{"@type":"ImageObject","inLanguage":"fr-FR","@id":"https:\/\/liner-couverture-equipement-piscine.fr\/#\/schema\/logo\/image\/","url":"http:\/\/liner-couverture-equipement-piscine.fr\/wp-content\/uploads\/2019\/05\/APF-favicon-512.jpg","contentUrl":"http:\/\/liner-couverture-equipement-piscine.fr\/wp-content\/uploads\/2019\/05\/APF-favicon-512.jpg","width":512,"height":512,"caption":"APF"},"image":{"@id":"https:\/\/liner-couverture-equipement-piscine.fr\/#\/schema\/logo\/image\/"},"sameAs":["https:\/\/www.instagram.com\/apf-piscines\/","https:\/\/www.linkedin\/com\/company-beta\/10798819","https:\/\/www.pinterest.fr\/apfpiscines\/","https:\/\/www.youtube.com\/channel\/UCx6TWntSEV7St9WbOwPwQaQ","https:\/\/www.facebook.com\/apf.piscines\/","https:\/\/twitter.com\/ANNONAY_PROD_FR"]}]}},"_links":{"self":[{"href":"https:\/\/liner-couverture-equipement-piscine.fr\/index.php\/wp-json\/wp\/v2\/pages\/8738"}],"collection":[{"href":"https:\/\/liner-couverture-equipement-piscine.fr\/index.php\/wp-json\/wp\/v2\/pages"}],"about":[{"href":"https:\/\/liner-couverture-equipement-piscine.fr\/index.php\/wp-json\/wp\/v2\/types\/page"}],"author":[{"embeddable":true,"href":"https:\/\/liner-couverture-equipement-piscine.fr\/index.php\/wp-json\/wp\/v2\/users\/1"}],"replies":[{"embeddable":true,"href":"https:\/\/liner-couverture-equipement-piscine.fr\/index.php\/wp-json\/wp\/v2\/comments?post=8738"}],"version-history":[{"count":6,"href":"https:\/\/liner-couverture-equipement-piscine.fr\/index.php\/wp-json\/wp\/v2\/pages\/8738\/revisions"}],"predecessor-version":[{"id":33871,"href":"https:\/\/liner-couverture-equipement-piscine.fr\/index.php\/wp-json\/wp\/v2\/pages\/8738\/revisions\/33871"}],"wp:attachment":[{"href":"https:\/\/liner-couverture-equipement-piscine.fr\/index.php\/wp-json\/wp\/v2\/media?parent=8738"}],"curies":[{"name":"wp","href":"https:\/\/api.w.org\/{rel}","templated":true}]}}