{"id":9523,"date":"2019-05-16T09:54:34","date_gmt":"2019-05-16T07:54:34","guid":{"rendered":"http:\/\/liner-couverture-equipement-piscine.fr\/?page_id=9523"},"modified":"2023-04-28T14:55:55","modified_gmt":"2023-04-28T12:55:55","slug":"couvertures-mousse","status":"publish","type":"page","link":"https:\/\/liner-couverture-equipement-piscine.fr\/index.php\/metiers-apf\/couvertures-hiver-ete\/couvertures-mousse\/","title":{"rendered":"Couvertures mousse"},"content":{"rendered":"<section class=\"l-section wpb_row height_auto\"><div class=\"l-section-h i-cf\"><div class=\"g-cols vc_row via_flex valign_top type_default stacking_default\"><div class=\"vc_col-sm-12 wpb_column vc_column_container\"><div class=\"vc_column-inner\"><div class=\"wpb_wrapper\"><div class=\"w-separator size_small\"><\/div>[vc_custom_heading text=\u00a0\u00bbLes couvertures en mousse &#8211; Superfoam\u00a0\u00bb font_container=\u00a0\u00bbtag:h1|font_size:40|text_align:left|color:%230067ac\u00a0\u00bb google_fonts=\u00a0\u00bbfont_family:Rambla%3Aregular%2Citalic%2C700%2C700italic|font_style:400%20regular%3A400%3Anormal\u00a0\u00bb css=\u00a0\u00bb%7B%22default%22%3A%7B%22color%22%3A%22%230067ac%22%2C%22font-size%22%3A%2240%22%7D%7D\u00a0\u00bb]<\/div><\/div><\/div><\/div><\/div><\/section><section class=\"l-section wpb_row height_small\"><div class=\"l-section-h i-cf\"><div class=\"g-cols vc_row via_flex valign_top type_default stacking_default\"><div class=\"vc_col-sm-6 wpb_column vc_column_container\"><div class=\"vc_column-inner\"><div class=\"wpb_wrapper\"><div class=\"w-image style_outlined align_center\"><div class=\"w-image-h\"><img width=\"518\" height=\"362\" src=\"https:\/\/liner-couverture-equipement-piscine.fr\/wp-content\/uploads\/2019\/05\/superfoam.jpg\" class=\"attachment-full size-full\" alt=\"\" decoding=\"async\" loading=\"lazy\" srcset=\"https:\/\/liner-couverture-equipement-piscine.fr\/wp-content\/uploads\/2019\/05\/superfoam.jpg 518w, https:\/\/liner-couverture-equipement-piscine.fr\/wp-content\/uploads\/2019\/05\/superfoam-300x210.jpg 300w\" sizes=\"(max-width: 518px) 100vw, 518px\" \/><\/div><\/div><\/div><\/div><\/div><div class=\"vc_col-sm-6 wpb_column vc_column_container\"><div class=\"vc_column-inner\"><div class=\"wpb_wrapper\"><div class=\"w-separator size_small\"><\/div><div class=\"w-iconbox iconpos_left style_default color_primary align_left no_text icontype_img\"><div class=\"w-iconbox-icon\" style=\"font-size:60px;\"><img width=\"845\" height=\"863\" src=\"https:\/\/liner-couverture-equipement-piscine.fr\/wp-content\/uploads\/2019\/05\/Picto-bonhomme1.png\" class=\"attachment-full size-full\" alt=\"\" decoding=\"async\" loading=\"lazy\" srcset=\"https:\/\/liner-couverture-equipement-piscine.fr\/wp-content\/uploads\/2019\/05\/Picto-bonhomme1.png 845w, https:\/\/liner-couverture-equipement-piscine.fr\/wp-content\/uploads\/2019\/05\/Picto-bonhomme1-294x300.png 294w\" sizes=\"(max-width: 845px) 100vw, 845px\" \/><\/div><div class=\"w-iconbox-meta\"><h2 class=\"w-iconbox-title\" style=\"font-size:28;\">Leurs avantages<\/h2><\/div><\/div><div class=\"w-separator size_small\"><\/div><div class=\"wpb_text_column\"><div class=\"wpb_wrapper\"><ul>\n<li style=\"text-align: justify;\"><b>Excellente tenue au chlore<\/b><\/li>\n<li style=\"text-align: justify;\"><strong>Prot\u00e8ge des impuret\u00e9s et r\u00e9duit la consommation d&rsquo;\u00e9nergie<\/strong><\/li>\n<li style=\"text-align: justify;\"><b>\u00c9vite <\/b>l&rsquo;\u00e9vaporation ainsi que le fonctionnement intensif du syst\u00e8me de d\u00e9shumidification<\/li>\n<li style=\"text-align: justify;\"><strong>Id\u00e9ale pour les piscines int\u00e9rieures et les piscines collectives<\/strong><\/li>\n<\/ul>\n<\/div><\/div><\/div><\/div><\/div><\/div><\/div><\/section><section class=\"l-section wpb_row height_auto\"><div class=\"l-section-h i-cf\"><div class=\"g-cols vc_row via_flex valign_top type_default stacking_default\"><div class=\"vc_col-sm-12 wpb_column vc_column_container\"><div class=\"vc_column-inner\"><div class=\"wpb_wrapper\"><div class=\"w-separator us_custom_7f18f304 has_text_color size_small with_line width_default thick_1 style_solid color_border align_center\"><div class=\"w-separator-h\"><\/div><\/div>[vc_custom_heading text=\u00a0\u00bbNos mod\u00e8les de couverture mousse\u00a0\u00bb font_container=\u00a0\u00bbtag:h2|font_size:24|text_align:left|color:%230067ac\u00a0\u00bb google_fonts=\u00a0\u00bbfont_family:Rambla%3Aregular%2Citalic%2C700%2C700italic|font_style:400%20regular%3A400%3Anormal\u00a0\u00bb css=\u00a0\u00bb%7B%22default%22%3A%7B%22color%22%3A%22%230067ac%22%2C%22font-size%22%3A%2224%22%7D%7D\u00a0\u00bb]<\/div><\/div><\/div><\/div><\/div><\/section><section class=\"l-section wpb_row height_small\"><div class=\"l-section-h i-cf\"><div class=\"g-cols vc_row via_flex valign_top type_default stacking_default\"><div class=\"vc_col-sm-6 wpb_column vc_column_container\"><div class=\"vc_column-inner us_custom_ea0b860b\"><div class=\"wpb_wrapper\"><div class=\"wpb_text_column\"><div class=\"wpb_wrapper\"><h4 style=\"text-align: center;\"><span style=\"color: #0067ac;\">Luxe<\/span><\/h4>\n<\/div><\/div><div class=\"w-separator size_custom\" style=\"height:10px\"><\/div><div class=\"w-image align_center\"><div class=\"w-image-h\"><img width=\"628\" height=\"376\" src=\"https:\/\/liner-couverture-equipement-piscine.fr\/wp-content\/uploads\/2019\/05\/superfoam-luxe.jpg\" class=\"attachment-full size-full\" alt=\"\" decoding=\"async\" loading=\"lazy\" srcset=\"https:\/\/liner-couverture-equipement-piscine.fr\/wp-content\/uploads\/2019\/05\/superfoam-luxe.jpg 628w, https:\/\/liner-couverture-equipement-piscine.fr\/wp-content\/uploads\/2019\/05\/superfoam-luxe-300x180.jpg 300w\" sizes=\"(max-width: 628px) 100vw, 628px\" \/><\/div><\/div><div class=\"w-separator size_small\"><\/div><div class=\"wpb_text_column\"><div class=\"wpb_wrapper\"><ul>\n<li style=\"text-align: left;\"><span style=\"font-size: 11pt;\">Disponible en \u00e9paisseur 5 et 7mm<\/span><\/li>\n<li><span style=\"font-size: 11pt;\">\u0152illets pour enrouleurs tous les 50cm sur une largeur et \u00e0 chaque angle<\/span><\/li>\n<\/ul>\n<\/div><\/div><\/div><\/div><\/div><div class=\"vc_col-sm-6 wpb_column vc_column_container\"><div class=\"vc_column-inner us_custom_ea0b860b\"><div class=\"wpb_wrapper\"><div class=\"wpb_text_column\"><div class=\"wpb_wrapper\"><h4 style=\"text-align: center;\"><span style=\"color: #0067ac;\">Prestige<\/span><\/h4>\n<\/div><\/div><div class=\"w-separator size_custom\" style=\"height:10px\"><\/div><div class=\"w-image align_center\"><div class=\"w-image-h\"><img width=\"628\" height=\"376\" src=\"https:\/\/liner-couverture-equipement-piscine.fr\/wp-content\/uploads\/2019\/05\/superfoam-prestige.jpg\" class=\"attachment-full size-full\" alt=\"\" decoding=\"async\" loading=\"lazy\" srcset=\"https:\/\/liner-couverture-equipement-piscine.fr\/wp-content\/uploads\/2019\/05\/superfoam-prestige.jpg 628w, https:\/\/liner-couverture-equipement-piscine.fr\/wp-content\/uploads\/2019\/05\/superfoam-prestige-300x180.jpg 300w\" sizes=\"(max-width: 628px) 100vw, 628px\" \/><\/div><\/div><div class=\"w-separator size_small\"><\/div><div class=\"wpb_text_column\"><div class=\"wpb_wrapper\"><ul>\n<li style=\"text-align: left;\"><span style=\"font-size: 11pt;\">Disponible en \u00e9paisseur 5 et 7mm<\/span><\/li>\n<li style=\"text-align: left;\"><span style=\"font-size: 11pt;\">\u0152illets pour enrouleurs tous les 50cm sur une largeur<\/span><\/li>\n<li style=\"text-align: left;\"><span style=\"font-size: 11pt;\">Fourreau + barre aluminium de traction avec \u0153illets aux angles<\/span><\/li>\n<\/ul>\n<\/div><\/div><\/div><\/div><\/div><\/div><\/div><\/section><section class=\"l-section wpb_row height_small\"><div class=\"l-section-h i-cf\"><div class=\"g-cols vc_row via_flex valign_top type_default stacking_default\"><div class=\"vc_col-sm-12 wpb_column vc_column_container\"><div class=\"vc_column-inner\"><div class=\"wpb_wrapper\"><div class=\"w-separator size_small\"><\/div><\/div><\/div><\/div><\/div><\/div><\/section>\n","protected":false},"excerpt":{"rendered":"[vc_custom_heading text=\"Les couvertures en mousse - Superfoam\" font_container=\"tag:h1|font_size:40|text_align:left|color:%230067ac\" google_fonts=\"font_family:Rambla%3Aregular%2Citalic%2C700%2C700italic|font_style:400%20regular%3A400%3Anormal\" css=\"%7B%22default%22%3A%7B%22color%22%3A%22%230067ac%22%2C%22font-size%22%3A%2240%22%7D%7D\"]Leurs avantages Excellente tenue au chlore Prot\u00e8ge des impuret\u00e9s et r\u00e9duit la consommation d&rsquo;\u00e9nergie \u00c9vite l&rsquo;\u00e9vaporation ainsi que le fonctionnement intensif du syst\u00e8me de d\u00e9shumidification Id\u00e9ale pour les piscines int\u00e9rieures et les piscines collectives [vc_custom_heading text=\"Nos mod\u00e8les de couverture mousse\" font_container=\"tag:h2|font_size:24|text_align:left|color:%230067ac\" google_fonts=\"font_family:Rambla%3Aregular%2Citalic%2C700%2C700italic|font_style:400%20regular%3A400%3Anormal\" css=\"%7B%22default%22%3A%7B%22color%22%3A%22%230067ac%22%2C%22font-size%22%3A%2224%22%7D%7D\"]Luxe Disponible en \u00e9paisseur...","protected":false},"author":1,"featured_media":0,"parent":9372,"menu_order":22,"comment_status":"closed","ping_status":"closed","template":"","meta":{"footnotes":""},"yoast_head":"<!-- This site is optimized with the Yoast SEO plugin v19.11 - https:\/\/yoast.com\/wordpress\/plugins\/seo\/ -->\n<title>APF - Les couvertures en mousse Superfoam pour piscine<\/title>\n<meta name=\"description\" content=\"Pris\u00e9es pour leur excellente r\u00e9sistance au chlore, les couvertures en mousse Superfoam sont id\u00e9ales pour les piscines d&#039;int\u00e9rieur et les collectives.\" \/>\n<meta name=\"robots\" content=\"index, follow, max-snippet:-1, max-image-preview:large, max-video-preview:-1\" \/>\n<link rel=\"canonical\" href=\"https:\/\/liner-couverture-equipement-piscine.fr\/index.php\/metiers-apf\/couvertures-hiver-ete\/couvertures-mousse\/\" \/>\n<meta property=\"og:locale\" content=\"fr_FR\" \/>\n<meta property=\"og:type\" content=\"article\" \/>\n<meta property=\"og:title\" content=\"APF - Les couvertures en mousse Superfoam pour piscine\" \/>\n<meta property=\"og:description\" content=\"Pris\u00e9es pour leur excellente r\u00e9sistance au chlore, les couvertures en mousse Superfoam sont id\u00e9ales pour les piscines d&#039;int\u00e9rieur et les collectives.\" \/>\n<meta property=\"og:url\" content=\"https:\/\/liner-couverture-equipement-piscine.fr\/index.php\/metiers-apf\/couvertures-hiver-ete\/couvertures-mousse\/\" \/>\n<meta property=\"og:site_name\" content=\"APF Pool Design\" \/>\n<meta property=\"article:publisher\" content=\"https:\/\/www.facebook.com\/apf.piscines\/\" \/>\n<meta property=\"article:modified_time\" content=\"2023-04-28T12:55:55+00:00\" \/>\n<meta property=\"og:image\" content=\"https:\/\/liner-couverture-equipement-piscine.fr\/wp-content\/uploads\/2019\/05\/APF-favicon-512.jpg\" \/>\n\t<meta property=\"og:image:width\" content=\"512\" \/>\n\t<meta property=\"og:image:height\" content=\"512\" \/>\n\t<meta property=\"og:image:type\" content=\"image\/jpeg\" \/>\n<meta name=\"twitter:card\" content=\"summary_large_image\" \/>\n<meta name=\"twitter:site\" content=\"@ANNONAY_PROD_FR\" \/>\n<meta name=\"twitter:label1\" content=\"Dur\u00e9e de lecture estim\u00e9e\" \/>\n\t<meta name=\"twitter:data1\" content=\"1 minute\" \/>\n<script type=\"application\/ld+json\" class=\"yoast-schema-graph\">{\"@context\":\"https:\/\/schema.org\",\"@graph\":[{\"@type\":\"WebPage\",\"@id\":\"https:\/\/liner-couverture-equipement-piscine.fr\/index.php\/metiers-apf\/couvertures-hiver-ete\/couvertures-mousse\/\",\"url\":\"https:\/\/liner-couverture-equipement-piscine.fr\/index.php\/metiers-apf\/couvertures-hiver-ete\/couvertures-mousse\/\",\"name\":\"APF - Les couvertures en mousse Superfoam pour piscine\",\"isPartOf\":{\"@id\":\"https:\/\/liner-couverture-equipement-piscine.fr\/#website\"},\"datePublished\":\"2019-05-16T07:54:34+00:00\",\"dateModified\":\"2023-04-28T12:55:55+00:00\",\"description\":\"Pris\u00e9es pour leur excellente r\u00e9sistance au chlore, les couvertures en mousse Superfoam sont id\u00e9ales pour les piscines d'int\u00e9rieur et les collectives.\",\"breadcrumb\":{\"@id\":\"https:\/\/liner-couverture-equipement-piscine.fr\/index.php\/metiers-apf\/couvertures-hiver-ete\/couvertures-mousse\/#breadcrumb\"},\"inLanguage\":\"fr-FR\",\"potentialAction\":[{\"@type\":\"ReadAction\",\"target\":[\"https:\/\/liner-couverture-equipement-piscine.fr\/index.php\/metiers-apf\/couvertures-hiver-ete\/couvertures-mousse\/\"]}]},{\"@type\":\"BreadcrumbList\",\"@id\":\"https:\/\/liner-couverture-equipement-piscine.fr\/index.php\/metiers-apf\/couvertures-hiver-ete\/couvertures-mousse\/#breadcrumb\",\"itemListElement\":[{\"@type\":\"ListItem\",\"position\":1,\"name\":\"Accueil\",\"item\":\"https:\/\/liner-couverture-equipement-piscine.fr\/\"},{\"@type\":\"ListItem\",\"position\":2,\"name\":\"Les m\u00e9tiers APF\",\"item\":\"https:\/\/liner-couverture-equipement-piscine.fr\/index.php\/metiers-apf\/\"},{\"@type\":\"ListItem\",\"position\":3,\"name\":\"Couvertures hiver\/\u00e9t\u00e9\",\"item\":\"https:\/\/liner-couverture-equipement-piscine.fr\/index.php\/metiers-apf\/couvertures-hiver-ete\/\"},{\"@type\":\"ListItem\",\"position\":4,\"name\":\"Couvertures mousse\"}]},{\"@type\":\"WebSite\",\"@id\":\"https:\/\/liner-couverture-equipement-piscine.fr\/#website\",\"url\":\"https:\/\/liner-couverture-equipement-piscine.fr\/\",\"name\":\"APF\",\"description\":\"La signature du sur-mesure\",\"publisher\":{\"@id\":\"https:\/\/liner-couverture-equipement-piscine.fr\/#organization\"},\"potentialAction\":[{\"@type\":\"SearchAction\",\"target\":{\"@type\":\"EntryPoint\",\"urlTemplate\":\"https:\/\/liner-couverture-equipement-piscine.fr\/?s={search_term_string}\"},\"query-input\":\"required name=search_term_string\"}],\"inLanguage\":\"fr-FR\"},{\"@type\":\"Organization\",\"@id\":\"https:\/\/liner-couverture-equipement-piscine.fr\/#organization\",\"name\":\"APF\",\"url\":\"https:\/\/liner-couverture-equipement-piscine.fr\/\",\"logo\":{\"@type\":\"ImageObject\",\"inLanguage\":\"fr-FR\",\"@id\":\"https:\/\/liner-couverture-equipement-piscine.fr\/#\/schema\/logo\/image\/\",\"url\":\"http:\/\/liner-couverture-equipement-piscine.fr\/wp-content\/uploads\/2019\/05\/APF-favicon-512.jpg\",\"contentUrl\":\"http:\/\/liner-couverture-equipement-piscine.fr\/wp-content\/uploads\/2019\/05\/APF-favicon-512.jpg\",\"width\":512,\"height\":512,\"caption\":\"APF\"},\"image\":{\"@id\":\"https:\/\/liner-couverture-equipement-piscine.fr\/#\/schema\/logo\/image\/\"},\"sameAs\":[\"https:\/\/www.instagram.com\/apf-piscines\/\",\"https:\/\/www.linkedin\/com\/company-beta\/10798819\",\"https:\/\/www.pinterest.fr\/apfpiscines\/\",\"https:\/\/www.youtube.com\/channel\/UCx6TWntSEV7St9WbOwPwQaQ\",\"https:\/\/www.facebook.com\/apf.piscines\/\",\"https:\/\/twitter.com\/ANNONAY_PROD_FR\"]}]}<\/script>\n<!-- \/ Yoast SEO plugin. -->","yoast_head_json":{"title":"APF - Les couvertures en mousse Superfoam pour piscine","description":"Pris\u00e9es pour leur excellente r\u00e9sistance au chlore, les couvertures en mousse Superfoam sont id\u00e9ales pour les piscines d'int\u00e9rieur et les collectives.","robots":{"index":"index","follow":"follow","max-snippet":"max-snippet:-1","max-image-preview":"max-image-preview:large","max-video-preview":"max-video-preview:-1"},"canonical":"https:\/\/liner-couverture-equipement-piscine.fr\/index.php\/metiers-apf\/couvertures-hiver-ete\/couvertures-mousse\/","og_locale":"fr_FR","og_type":"article","og_title":"APF - Les couvertures en mousse Superfoam pour piscine","og_description":"Pris\u00e9es pour leur excellente r\u00e9sistance au chlore, les couvertures en mousse Superfoam sont id\u00e9ales pour les piscines d'int\u00e9rieur et les collectives.","og_url":"https:\/\/liner-couverture-equipement-piscine.fr\/index.php\/metiers-apf\/couvertures-hiver-ete\/couvertures-mousse\/","og_site_name":"APF Pool Design","article_publisher":"https:\/\/www.facebook.com\/apf.piscines\/","article_modified_time":"2023-04-28T12:55:55+00:00","og_image":[{"width":512,"height":512,"url":"https:\/\/liner-couverture-equipement-piscine.fr\/wp-content\/uploads\/2019\/05\/APF-favicon-512.jpg","type":"image\/jpeg"}],"twitter_card":"summary_large_image","twitter_site":"@ANNONAY_PROD_FR","twitter_misc":{"Dur\u00e9e de lecture estim\u00e9e":"1 minute"},"schema":{"@context":"https:\/\/schema.org","@graph":[{"@type":"WebPage","@id":"https:\/\/liner-couverture-equipement-piscine.fr\/index.php\/metiers-apf\/couvertures-hiver-ete\/couvertures-mousse\/","url":"https:\/\/liner-couverture-equipement-piscine.fr\/index.php\/metiers-apf\/couvertures-hiver-ete\/couvertures-mousse\/","name":"APF - Les couvertures en mousse Superfoam pour piscine","isPartOf":{"@id":"https:\/\/liner-couverture-equipement-piscine.fr\/#website"},"datePublished":"2019-05-16T07:54:34+00:00","dateModified":"2023-04-28T12:55:55+00:00","description":"Pris\u00e9es pour leur excellente r\u00e9sistance au chlore, les couvertures en mousse Superfoam sont id\u00e9ales pour les piscines d'int\u00e9rieur et les collectives.","breadcrumb":{"@id":"https:\/\/liner-couverture-equipement-piscine.fr\/index.php\/metiers-apf\/couvertures-hiver-ete\/couvertures-mousse\/#breadcrumb"},"inLanguage":"fr-FR","potentialAction":[{"@type":"ReadAction","target":["https:\/\/liner-couverture-equipement-piscine.fr\/index.php\/metiers-apf\/couvertures-hiver-ete\/couvertures-mousse\/"]}]},{"@type":"BreadcrumbList","@id":"https:\/\/liner-couverture-equipement-piscine.fr\/index.php\/metiers-apf\/couvertures-hiver-ete\/couvertures-mousse\/#breadcrumb","itemListElement":[{"@type":"ListItem","position":1,"name":"Accueil","item":"https:\/\/liner-couverture-equipement-piscine.fr\/"},{"@type":"ListItem","position":2,"name":"Les m\u00e9tiers APF","item":"https:\/\/liner-couverture-equipement-piscine.fr\/index.php\/metiers-apf\/"},{"@type":"ListItem","position":3,"name":"Couvertures hiver\/\u00e9t\u00e9","item":"https:\/\/liner-couverture-equipement-piscine.fr\/index.php\/metiers-apf\/couvertures-hiver-ete\/"},{"@type":"ListItem","position":4,"name":"Couvertures mousse"}]},{"@type":"WebSite","@id":"https:\/\/liner-couverture-equipement-piscine.fr\/#website","url":"https:\/\/liner-couverture-equipement-piscine.fr\/","name":"APF","description":"La signature du sur-mesure","publisher":{"@id":"https:\/\/liner-couverture-equipement-piscine.fr\/#organization"},"potentialAction":[{"@type":"SearchAction","target":{"@type":"EntryPoint","urlTemplate":"https:\/\/liner-couverture-equipement-piscine.fr\/?s={search_term_string}"},"query-input":"required name=search_term_string"}],"inLanguage":"fr-FR"},{"@type":"Organization","@id":"https:\/\/liner-couverture-equipement-piscine.fr\/#organization","name":"APF","url":"https:\/\/liner-couverture-equipement-piscine.fr\/","logo":{"@type":"ImageObject","inLanguage":"fr-FR","@id":"https:\/\/liner-couverture-equipement-piscine.fr\/#\/schema\/logo\/image\/","url":"http:\/\/liner-couverture-equipement-piscine.fr\/wp-content\/uploads\/2019\/05\/APF-favicon-512.jpg","contentUrl":"http:\/\/liner-couverture-equipement-piscine.fr\/wp-content\/uploads\/2019\/05\/APF-favicon-512.jpg","width":512,"height":512,"caption":"APF"},"image":{"@id":"https:\/\/liner-couverture-equipement-piscine.fr\/#\/schema\/logo\/image\/"},"sameAs":["https:\/\/www.instagram.com\/apf-piscines\/","https:\/\/www.linkedin\/com\/company-beta\/10798819","https:\/\/www.pinterest.fr\/apfpiscines\/","https:\/\/www.youtube.com\/channel\/UCx6TWntSEV7St9WbOwPwQaQ","https:\/\/www.facebook.com\/apf.piscines\/","https:\/\/twitter.com\/ANNONAY_PROD_FR"]}]}},"_links":{"self":[{"href":"https:\/\/liner-couverture-equipement-piscine.fr\/index.php\/wp-json\/wp\/v2\/pages\/9523"}],"collection":[{"href":"https:\/\/liner-couverture-equipement-piscine.fr\/index.php\/wp-json\/wp\/v2\/pages"}],"about":[{"href":"https:\/\/liner-couverture-equipement-piscine.fr\/index.php\/wp-json\/wp\/v2\/types\/page"}],"author":[{"embeddable":true,"href":"https:\/\/liner-couverture-equipement-piscine.fr\/index.php\/wp-json\/wp\/v2\/users\/1"}],"replies":[{"embeddable":true,"href":"https:\/\/liner-couverture-equipement-piscine.fr\/index.php\/wp-json\/wp\/v2\/comments?post=9523"}],"version-history":[{"count":23,"href":"https:\/\/liner-couverture-equipement-piscine.fr\/index.php\/wp-json\/wp\/v2\/pages\/9523\/revisions"}],"predecessor-version":[{"id":35382,"href":"https:\/\/liner-couverture-equipement-piscine.fr\/index.php\/wp-json\/wp\/v2\/pages\/9523\/revisions\/35382"}],"up":[{"embeddable":true,"href":"https:\/\/liner-couverture-equipement-piscine.fr\/index.php\/wp-json\/wp\/v2\/pages\/9372"}],"wp:attachment":[{"href":"https:\/\/liner-couverture-equipement-piscine.fr\/index.php\/wp-json\/wp\/v2\/media?parent=9523"}],"curies":[{"name":"wp","href":"https:\/\/api.w.org\/{rel}","templated":true}]}}